{"id":997,"date":"2016-04-23T11:35:14","date_gmt":"2016-04-23T10:35:14","guid":{"rendered":"https:\/\/danmarksveteraner.dk\/wordpress\/?page_id=997"},"modified":"2021-03-29T09:46:29","modified_gmt":"2021-03-29T07:46:29","slug":"indmeldelse","status":"publish","type":"page","link":"https:\/\/old.danmarksveteraner.dk\/wordpress\/?page_id=997","title":{"rendered":"Indmeldelse"},"content":{"rendered":"<p>\u00d8nsker du at v\u00e6re medlem af Danmarks Veteraner s\u00e5 udfyld nedenst\u00e5ende formular<\/p>\n<p>[Form id=&#8221;9&#8243;]<\/p>\n\n\n<p><\/p>\n","protected":false},"excerpt":{"rendered":"<p>\u00d8nsker du at v\u00e6re medlem af Danmarks Veteraner s\u00e5 udfyld nedenst\u00e5ende formular [Form id=&#8221;9&#8243;]<\/p>\n","protected":false},"author":1,"featured_media":0,"parent":90,"menu_order":3,"comment_status":"closed","ping_status":"closed","template":"","meta":[],"_links":{"self":[{"href":"https:\/\/old.danmarksveteraner.dk\/wordpress\/index.php?rest_route=\/wp\/v2\/pages\/997"}],"collection":[{"href":"https:\/\/old.danmarksveteraner.dk\/wordpress\/index.php?rest_route=\/wp\/v2\/pages"}],"about":[{"href":"https:\/\/old.danmarksveteraner.dk\/wordpress\/index.php?rest_route=\/wp\/v2\/types\/page"}],"author":[{"embeddable":true,"href":"https:\/\/old.danmarksveteraner.dk\/wordpress\/index.php?rest_route=\/wp\/v2\/users\/1"}],"replies":[{"embeddable":true,"href":"https:\/\/old.danmarksveteraner.dk\/wordpress\/index.php?rest_route=%2Fwp%2Fv2%2Fcomments&post=997"}],"version-history":[{"count":13,"href":"https:\/\/old.danmarksveteraner.dk\/wordpress\/index.php?rest_route=\/wp\/v2\/pages\/997\/revisions"}],"predecessor-version":[{"id":8431,"href":"https:\/\/old.danmarksveteraner.dk\/wordpress\/index.php?rest_route=\/wp\/v2\/pages\/997\/revisions\/8431"}],"up":[{"embeddable":true,"href":"https:\/\/old.danmarksveteraner.dk\/wordpress\/index.php?rest_route=\/wp\/v2\/pages\/90"}],"wp:attachment":[{"href":"https:\/\/old.danmarksveteraner.dk\/wordpress\/index.php?rest_route=%2Fwp%2Fv2%2Fmedia&parent=997"}],"curies":[{"name":"wp","href":"https:\/\/api.w.org\/{rel}","templated":true}]}}