{"id":977,"date":"2016-04-23T09:58:58","date_gmt":"2016-04-23T07:58:58","guid":{"rendered":"https:\/\/danmarksveteraner.dk\/wordpress\/?page_id=977"},"modified":"2019-11-24T18:07:38","modified_gmt":"2019-11-24T17:07:38","slug":"parader-og-staevner","status":"publish","type":"page","link":"https:\/\/old.danmarksveteraner.dk\/wordpress\/?page_id=977","title":{"rendered":"Parader og st\u00e6vner"},"content":{"rendered":"\n<p>Landsforeningen gennemf\u00f8rer og st\u00f8tter op om et antal arrangement som supplement til lokalforeningernes aktiviteter. P\u00e5 landsforeningens arrangementer har du mulighed for at m\u00f8de veteraner fra andre landsdele, som du ikke m\u00f8der, n\u00e5r du deltager i lokalforeningen.<\/p>\n\n\n\n<p>Nedenfor er arrangementerne listet i kronologisk orden. Du kan l\u00e6se mere om de enkelte arrangementer i <strong><a href=\"https:\/\/danmarksveteraner.dk\/wordpress\/wp-content\/uploads\/2019\/10\/BB-samlet-udgave.pdf\">Blivende Bestemmelser afsnit 13.00.<\/a><\/strong><\/p>\n\n\n\n<ul><li>NATO-dag (4. april)<\/li><li>Peacekeepers Day (29. maj)<\/li><li>Sommerst\u00e6vne (juni m\u00e5ned)<\/li><li>Flagdag (5. september)<\/li><li>Jubilar- og veteranst\u00e6vne (september m\u00e5ned)<\/li><li>FN-dag (24. oktober)<\/li><li>Mindedag (22. december)<\/li><\/ul>\n","protected":false},"excerpt":{"rendered":"<p>Landsforeningen gennemf\u00f8rer og st\u00f8tter op om et antal arrangement som supplement til lokalforeningernes aktiviteter. P\u00e5 landsforeningens arrangementer har du mulighed<\/p>\n","protected":false},"author":1,"featured_media":0,"parent":6046,"menu_order":1,"comment_status":"closed","ping_status":"closed","template":"","meta":[],"_links":{"self":[{"href":"https:\/\/old.danmarksveteraner.dk\/wordpress\/index.php?rest_route=\/wp\/v2\/pages\/977"}],"collection":[{"href":"https:\/\/old.danmarksveteraner.dk\/wordpress\/index.php?rest_route=\/wp\/v2\/pages"}],"about":[{"href":"https:\/\/old.danmarksveteraner.dk\/wordpress\/index.php?rest_route=\/wp\/v2\/types\/page"}],"author":[{"embeddable":true,"href":"https:\/\/old.danmarksveteraner.dk\/wordpress\/index.php?rest_route=\/wp\/v2\/users\/1"}],"replies":[{"embeddable":true,"href":"https:\/\/old.danmarksveteraner.dk\/wordpress\/index.php?rest_route=%2Fwp%2Fv2%2Fcomments&post=977"}],"version-history":[{"count":6,"href":"https:\/\/old.danmarksveteraner.dk\/wordpress\/index.php?rest_route=\/wp\/v2\/pages\/977\/revisions"}],"predecessor-version":[{"id":6117,"href":"https:\/\/old.danmarksveteraner.dk\/wordpress\/index.php?rest_route=\/wp\/v2\/pages\/977\/revisions\/6117"}],"up":[{"embeddable":true,"href":"https:\/\/old.danmarksveteraner.dk\/wordpress\/index.php?rest_route=\/wp\/v2\/pages\/6046"}],"wp:attachment":[{"href":"https:\/\/old.danmarksveteraner.dk\/wordpress\/index.php?rest_route=%2Fwp%2Fv2%2Fmedia&parent=977"}],"curies":[{"name":"wp","href":"https:\/\/api.w.org\/{rel}","templated":true}]}}