{"id":972,"date":"2016-04-21T13:07:11","date_gmt":"2016-04-21T12:07:11","guid":{"rendered":"https:\/\/danmarksveteraner.dk\/wordpress\/?page_id=972"},"modified":"2019-08-05T09:24:02","modified_gmt":"2019-08-05T07:24:02","slug":"kontakt","status":"publish","type":"page","link":"https:\/\/old.danmarksveteraner.dk\/wordpress\/?page_id=972","title":{"rendered":"Kontakt"},"content":{"rendered":"\n<p>Danmarks Veteraner&nbsp;bliver ofte kontaktet, og har derfor udarbejdet nedenst\u00e5ende formularer. Benyt den formular der passer bedst p\u00e5 din henvendelse og send den. Alle henvendelser vil blive besvaret s\u00e5 hurtigt som muligt.<\/p>\n\n\n\n<ul><li><strong><a href=\"https:\/\/danmarksveteraner.dk\/wordpress\/?page_id=617\">Kontakt Danmarks Veteraner generelt<\/a><\/strong><\/li><li><strong><a href=\"https:\/\/danmarksveteraner.dk\/wordpress\/?page_id=730\">Anmodning om st\u00f8tte fra Danmarks Veteraner<\/a><\/strong><\/li><\/ul>\n\n\n\n<p>\u00d8nsker nogen at kontakte Danmarks Veteraner pr. brev, s\u00e5 skal brevet sendes til foreningens <a href=\"https:\/\/danmarksveteraner.dk\/wordpress\/?page_id=96\"><strong>FORMAND<\/strong><\/a>.<\/p>\n\n\n\n<h6>Indmeldelse<\/h6>\n\n\n\n<ul><li><strong><a href=\"https:\/\/danmarksveteraner.dk\/wordpress\/?page_id=90\">Indmeldelse i Danmarks Veteraner<\/a><\/strong><\/li><\/ul>\n\n\n\n<h6>\u00c6ndringer til dit medlemskab<\/h6>\n\n\n\n<ul><li><strong><a href=\"https:\/\/danmarksveteraner.dk\/wordpress\/?page_id=1000\">Har du \u00e6ndringer til din adresse, telefonnummer e-mail m.v.<\/a><\/strong><\/li><\/ul>\n\n\n\n<h6>Nyhedsmail<\/h6>\n\n\n\n<ul><li>\u00d8nsker du at tilmelde nyhedsmail, s\u00e5 kan du g\u00f8re det ved at g\u00e5 ind p\u00e5 <strong><a href=\"https:\/\/danmarksveteraner.dk\">FORSIDEN<\/a><\/strong> og i h\u00f8jre kolonne \u00f8verst, kan du tilmelde dig)<\/li><li>\u00d8nsker du at afmelde nyhedsmail&nbsp;(afmelding af nyhedsmail foretages p\u00e5 modtaget nyhedsmail, nederst)<\/li><\/ul>\n","protected":false},"excerpt":{"rendered":"<p>Danmarks Veteraner&nbsp;bliver ofte kontaktet, og har derfor udarbejdet nedenst\u00e5ende formularer. Benyt den formular der passer bedst p\u00e5 din henvendelse og<\/p>\n","protected":false},"author":1,"featured_media":0,"parent":0,"menu_order":7,"comment_status":"closed","ping_status":"closed","template":"","meta":[],"_links":{"self":[{"href":"https:\/\/old.danmarksveteraner.dk\/wordpress\/index.php?rest_route=\/wp\/v2\/pages\/972"}],"collection":[{"href":"https:\/\/old.danmarksveteraner.dk\/wordpress\/index.php?rest_route=\/wp\/v2\/pages"}],"about":[{"href":"https:\/\/old.danmarksveteraner.dk\/wordpress\/index.php?rest_route=\/wp\/v2\/types\/page"}],"author":[{"embeddable":true,"href":"https:\/\/old.danmarksveteraner.dk\/wordpress\/index.php?rest_route=\/wp\/v2\/users\/1"}],"replies":[{"embeddable":true,"href":"https:\/\/old.danmarksveteraner.dk\/wordpress\/index.php?rest_route=%2Fwp%2Fv2%2Fcomments&post=972"}],"version-history":[{"count":11,"href":"https:\/\/old.danmarksveteraner.dk\/wordpress\/index.php?rest_route=\/wp\/v2\/pages\/972\/revisions"}],"predecessor-version":[{"id":5286,"href":"https:\/\/old.danmarksveteraner.dk\/wordpress\/index.php?rest_route=\/wp\/v2\/pages\/972\/revisions\/5286"}],"wp:attachment":[{"href":"https:\/\/old.danmarksveteraner.dk\/wordpress\/index.php?rest_route=%2Fwp%2Fv2%2Fmedia&parent=972"}],"curies":[{"name":"wp","href":"https:\/\/api.w.org\/{rel}","templated":true}]}}