{"id":90,"date":"2016-01-24T13:34:32","date_gmt":"2016-01-24T13:34:32","guid":{"rendered":"https:\/\/danmarksveteraner.dk\/wordpress\/?page_id=90"},"modified":"2022-01-03T10:54:47","modified_gmt":"2022-01-03T09:54:47","slug":"indmeldelse","status":"publish","type":"page","link":"https:\/\/old.danmarksveteraner.dk\/wordpress\/?page_id=90","title":{"rendered":"Indmeldelse"},"content":{"rendered":"<h5>Tak fordi du vil v\u00e6re medlem af vores forening. Du kan indmelde dig p\u00e5 \u00e9n af f\u00f8lgende tre m\u00e5der:<\/h5>\n<p>Du kan indmelde dig i foreningen s\u00e5ledes:<\/p>\n<ul>\n<li>Du kan g\u00f8re det elektronisk og udfylde skema l\u00e6ngere nede p\u00e5 denne side og trykke p\u00e5 \u201dsend\u201d. Herefter har du tilmeldt dig foreningen.<\/li>\n<li>Hvis du er mere til brug af almindelig &#8220;snail mail&#8221; (Post Nord), kan du udfylde formularen p\u00e5 dette <a href=\"https:\/\/danmarksveteraner.dk\/wordpress\/wp-content\/uploads\/2019\/05\/Indmeldelsesblanket.pdf\"><strong>LINK<\/strong><\/a> og send den med almindelig post til vores kartoteksf\u00f8rer.<\/li>\n<li>Hvis du ikke \u00f8nsker at bruge en af ovenst\u00e5ende tilmeldingsmetoder, s\u00e5 kan du ogs\u00e5 kontakte vores kartoteksf\u00f8rer, der vil v\u00e6re behj\u00e6lpelig.<\/li>\n<\/ul>\n<p style=\"padding-left: 60px;\"><strong>Kartoteksf\u00f8rer<\/strong><br \/>\nMads Tonsgaard<br \/>\nFaarupparken 1<br \/>\n7900 Nyk\u00f8bing Mors<br \/>\nTelefon:\u00a031 11 17 89<br \/>\nMail: <a href=\"mailto:kartotek@danmarksveteraner.dk\">kartotek@danmarksveteraner.dk<\/a><\/p>\n<p><b>Det f\u00f8rste kalender\u00e5r som nyt medlem er i \u00f8jeblikket gratis!<\/b><\/p>\n<p>Hvis du har et \u00f8nske om medlemskab i en specifik lokalforening s\u00e5 udfyld dette punkt, ellers v\u00e6lger vi den lokalforening, som geografisk er den n\u00e6rmeste for dig og tilknytter dig denne. Du kan altid \u00e6ndre dette senere.<\/p>\n<p>Du vil efterf\u00f8lgende modtage velkomstbrev fra landsforeningen og fra den lokalforening du er blevet medlem af.<\/p>\n<p>Velkommen vi ses.<\/p>\n<hr \/>\n<p>(Felter med * skal udfyldes)<\/p>\n<p>[Form id=&#8221;9&#8243;]<\/p>\n<p><strong>Praktiske oplysninger<\/strong><\/p>\n<p>\u00c5rskontingentet udg\u00f8r i \u00f8jeblikket kun 380,00 kr.<\/p>\n<p>Kontingentet indkr\u00e6ves af landsforeningen. Landsforeningen overf\u00f8rer 110,00 kr. af dette bel\u00f8b til lokalforeningen, som medlemmet tilh\u00f8rer. Lokalforeningen anvender det overf\u00f8rte kontingent til videre medlemsudvikling, arrangementer m.m. lokalt.<\/p>\n<p>Betaling sker ved overf\u00f8rsel til landsforeningens bankkonto Registreringsnummer <strong>4716<\/strong> Kontonummer <strong>4731523649<\/strong>. Landsforeningen vil gerne have, at man tilmelder fremtidige kontingentbetalinger til PBS. Dette sparer os for en masse manuelt og frivilligt foreningsarbejdskraft.<\/p>\n<p>PBS-nummer: 04248783 &#8211; Deb.Gr.Nr.: 00001 &#8211; Kundenummer = Medlemsnummer<\/p>\n<p>Tilmelding til PBS er noget, som man selv skal s\u00f8rge for. Denne \u201dman\u00f8vre\u201d kan landsforening ikke selv foranledige &#8211; det SKAL g\u00f8res af dig &#8211; i dit pengeinstitut\/netbank. P\u00e5 forh\u00e5nd tak for hj\u00e6lpen.<\/p>\n<p>Som medlem modtager du medlemsbladet \u201dBARETTEN\u201d, der udgives seks (6) gange \u00e5rligt.<\/p>\n<p>Du kan se n\u00e6rmere om <strong><a href=\"https:\/\/danmarksveteraner.dk\/wordpress\/?page_id=368\" target=\"_blank\" rel=\"noopener noreferrer\">lokalforeningerne<\/a><\/strong> p\u00e5 linket.<\/p>\n<p>\u00d8nsker man medlemskab af Danmarks Veteraner, samtidig med ans\u00f8gning om <strong>Fredsprismedaljen<\/strong> (FPM), betaler du det samlede bel\u00f8b til FPM (forklaring til dette er anf\u00f8rt p\u00e5 selve ans\u00f8gningsskemaet til FPM). S\u00e5 er det ikke n\u00f8dvendigt at lave en indmeldelse til Danmarks Veteraner\u00a0ogs\u00e5! Dette foreg\u00e5r automatisk via FPM.<\/p>\n<p>Opst\u00e5r der sp\u00f8rgsm\u00e5l, der ikke er besvaret med ovenst\u00e5ende, er du altid velkommen til at kontakte vores <a href=\"mailto:kartotek@danmarksveteranere.dk\"><strong>kartoteksf\u00f8rer<\/strong><\/a>.<\/p>\n<p>Modtag en mail n\u00e5r der er nyheder p\u00e5 hjemmesiden! Du kan g\u00f8re det \u00f8verst i h\u00f8jre kolonne p\u00e5 dette <a href=\"https:\/\/danmarksveteraner.dk\/wordpress\/\" target=\"_blank\" rel=\"noopener noreferrer\"><strong>LINK<\/strong><\/a>.<\/p>\n","protected":false},"excerpt":{"rendered":"<p>Tak fordi du vil v\u00e6re medlem af vores forening. Du kan indmelde dig p\u00e5 \u00e9n af f\u00f8lgende tre m\u00e5der: Du<\/p>\n","protected":false},"author":1,"featured_media":0,"parent":88,"menu_order":1,"comment_status":"closed","ping_status":"closed","template":"","meta":[],"_links":{"self":[{"href":"https:\/\/old.danmarksveteraner.dk\/wordpress\/index.php?rest_route=\/wp\/v2\/pages\/90"}],"collection":[{"href":"https:\/\/old.danmarksveteraner.dk\/wordpress\/index.php?rest_route=\/wp\/v2\/pages"}],"about":[{"href":"https:\/\/old.danmarksveteraner.dk\/wordpress\/index.php?rest_route=\/wp\/v2\/types\/page"}],"author":[{"embeddable":true,"href":"https:\/\/old.danmarksveteraner.dk\/wordpress\/index.php?rest_route=\/wp\/v2\/users\/1"}],"replies":[{"embeddable":true,"href":"https:\/\/old.danmarksveteraner.dk\/wordpress\/index.php?rest_route=%2Fwp%2Fv2%2Fcomments&post=90"}],"version-history":[{"count":47,"href":"https:\/\/old.danmarksveteraner.dk\/wordpress\/index.php?rest_route=\/wp\/v2\/pages\/90\/revisions"}],"predecessor-version":[{"id":9532,"href":"https:\/\/old.danmarksveteraner.dk\/wordpress\/index.php?rest_route=\/wp\/v2\/pages\/90\/revisions\/9532"}],"up":[{"embeddable":true,"href":"https:\/\/old.danmarksveteraner.dk\/wordpress\/index.php?rest_route=\/wp\/v2\/pages\/88"}],"wp:attachment":[{"href":"https:\/\/old.danmarksveteraner.dk\/wordpress\/index.php?rest_route=%2Fwp%2Fv2%2Fmedia&parent=90"}],"curies":[{"name":"wp","href":"https:\/\/api.w.org\/{rel}","templated":true}]}}