{"id":88,"date":"2016-01-24T13:32:22","date_gmt":"2016-01-24T13:32:22","guid":{"rendered":"https:\/\/danmarksveteraner.dk\/wordpress\/?page_id=88"},"modified":"2016-05-15T10:42:08","modified_gmt":"2016-05-15T08:42:08","slug":"medlemskab","status":"publish","type":"page","link":"https:\/\/old.danmarksveteraner.dk\/wordpress\/?page_id=88","title":{"rendered":"Medlemskab"},"content":{"rendered":"<p>Du kan indmelde dig i Danmarks Veteraner\u2013 Danmarks Internationale Veteranorganisation p\u00e5 \u00e9n af f\u00f8lgende tre m\u00e5der:<\/p>\n<ul>\n<li>Du kan udfylde <a href=\"https:\/\/danmarksveteraner.dk\/wordpress\/?page_id=90\"><strong>denne formular<\/strong> <\/a>og trykke p\u00e5 \u201dsend\u201d.<\/li>\n<li>Du kan f\u00e5 printet <a href=\"https:\/\/onedrive.live.com\/redir?resid=A6194F4F3FA9CE69!1153&amp;authkey=!AO7p3xEZUQTSYaQ&amp;ithint=file%2cpdf\"><strong>tilmeldingsblanketten<\/strong><\/a>, udfyld og send den med posten til vores kartoteksf\u00f8rer.<\/li>\n<li>Du kan ogs\u00e5 ringe direkte til vores kartoteksf\u00f8rer Mads Tonsgaard p\u00e5 telefon 31 11 17 89.<\/li>\n<\/ul>\n<p>F\u00f8lg dette <strong><a href=\"https:\/\/danmarksveteraner.dk\/wordpress\/?page_id=90\">LINK<\/a><\/strong> og bliv ledt videre.<\/p>\n<p>&nbsp;<\/p>\n<p>&nbsp;<\/p>\n","protected":false},"excerpt":{"rendered":"<p>Du kan indmelde dig i Danmarks Veteraner\u2013 Danmarks Internationale Veteranorganisation p\u00e5 \u00e9n af f\u00f8lgende tre m\u00e5der: Du kan udfylde denne<\/p>\n","protected":false},"author":1,"featured_media":0,"parent":32,"menu_order":2,"comment_status":"closed","ping_status":"closed","template":"","meta":[],"_links":{"self":[{"href":"https:\/\/old.danmarksveteraner.dk\/wordpress\/index.php?rest_route=\/wp\/v2\/pages\/88"}],"collection":[{"href":"https:\/\/old.danmarksveteraner.dk\/wordpress\/index.php?rest_route=\/wp\/v2\/pages"}],"about":[{"href":"https:\/\/old.danmarksveteraner.dk\/wordpress\/index.php?rest_route=\/wp\/v2\/types\/page"}],"author":[{"embeddable":true,"href":"https:\/\/old.danmarksveteraner.dk\/wordpress\/index.php?rest_route=\/wp\/v2\/users\/1"}],"replies":[{"embeddable":true,"href":"https:\/\/old.danmarksveteraner.dk\/wordpress\/index.php?rest_route=%2Fwp%2Fv2%2Fcomments&post=88"}],"version-history":[{"count":6,"href":"https:\/\/old.danmarksveteraner.dk\/wordpress\/index.php?rest_route=\/wp\/v2\/pages\/88\/revisions"}],"predecessor-version":[{"id":1205,"href":"https:\/\/old.danmarksveteraner.dk\/wordpress\/index.php?rest_route=\/wp\/v2\/pages\/88\/revisions\/1205"}],"up":[{"embeddable":true,"href":"https:\/\/old.danmarksveteraner.dk\/wordpress\/index.php?rest_route=\/wp\/v2\/pages\/32"}],"wp:attachment":[{"href":"https:\/\/old.danmarksveteraner.dk\/wordpress\/index.php?rest_route=%2Fwp%2Fv2%2Fmedia&parent=88"}],"curies":[{"name":"wp","href":"https:\/\/api.w.org\/{rel}","templated":true}]}}