{"id":7977,"date":"2020-11-28T11:30:49","date_gmt":"2020-11-28T10:30:49","guid":{"rendered":"https:\/\/danmarksveteraner.dk\/wordpress\/?page_id=7977"},"modified":"2022-02-11T10:11:39","modified_gmt":"2022-02-11T09:11:39","slug":"veterancafe-groenland","status":"publish","type":"page","link":"https:\/\/old.danmarksveteraner.dk\/wordpress\/?page_id=7977","title":{"rendered":"Gr\u00f8nland"},"content":{"rendered":"\n<figure class=\"wp-block-image size-full is-resized\"><img decoding=\"async\" loading=\"lazy\" src=\"https:\/\/danmarksveteraner.dk\/wordpress\/wp-content\/uploads\/2022\/02\/GV-LOGO.png\" alt=\"\" class=\"wp-image-9587\" width=\"231\" height=\"218\" srcset=\"https:\/\/old.danmarksveteraner.dk\/wordpress\/wp-content\/uploads\/2022\/02\/GV-LOGO.png 923w, https:\/\/old.danmarksveteraner.dk\/wordpress\/wp-content\/uploads\/2022\/02\/GV-LOGO-300x284.png 300w, https:\/\/old.danmarksveteraner.dk\/wordpress\/wp-content\/uploads\/2022\/02\/GV-LOGO-768x726.png 768w\" sizes=\"(max-width: 231px) 100vw, 231px\" \/><\/figure>\n\n\n\n<div class=\"is-layout-flex wp-container-3 wp-block-columns\">\n<div class=\"is-layout-flow wp-block-column\">\n<p><strong>Formand<\/strong>:<br>Rasmus Lohse<br>Telefon DK: +45 2366 9981<br>Mail: <a rel=\"noreferrer noopener\" href=\"mailto:groenland@danmakrsveteraner.dk\" target=\"_blank\">groenland@danmarksveteraner.dk<\/a><\/p>\n<\/div>\n\n\n\n<div class=\"is-layout-flow wp-block-column\">\n<p><strong>Foreningens adresse:<\/strong><\/p>\n\n\n\n<p>Gr\u00f8nlands Veteraner<br>Postbox 848<br>3900 Nuuk<br>Gr\u00f8nland<\/p>\n<\/div>\n<\/div>\n\n\n\n<p>Se mere om <strong><a href=\"https:\/\/www.facebook.com\/GROENLANDSVETERANER\" target=\"_blank\" rel=\"noreferrer noopener\">Veterancaf\u00e9 Gr\u00f8nland<\/a><\/strong> p\u00e5 Facebook<\/p>\n","protected":false},"excerpt":{"rendered":"<p>Formand:Rasmus LohseTelefon DK: +45 2366 9981Mail: groenland@danmarksveteraner.dk Foreningens adresse: Gr\u00f8nlands VeteranerPostbox 8483900 NuukGr\u00f8nland Se mere om Veterancaf\u00e9 Gr\u00f8nland p\u00e5 Facebook<\/p>\n","protected":false},"author":62,"featured_media":0,"parent":368,"menu_order":20,"comment_status":"closed","ping_status":"closed","template":"","meta":[],"_links":{"self":[{"href":"https:\/\/old.danmarksveteraner.dk\/wordpress\/index.php?rest_route=\/wp\/v2\/pages\/7977"}],"collection":[{"href":"https:\/\/old.danmarksveteraner.dk\/wordpress\/index.php?rest_route=\/wp\/v2\/pages"}],"about":[{"href":"https:\/\/old.danmarksveteraner.dk\/wordpress\/index.php?rest_route=\/wp\/v2\/types\/page"}],"author":[{"embeddable":true,"href":"https:\/\/old.danmarksveteraner.dk\/wordpress\/index.php?rest_route=\/wp\/v2\/users\/62"}],"replies":[{"embeddable":true,"href":"https:\/\/old.danmarksveteraner.dk\/wordpress\/index.php?rest_route=%2Fwp%2Fv2%2Fcomments&post=7977"}],"version-history":[{"count":10,"href":"https:\/\/old.danmarksveteraner.dk\/wordpress\/index.php?rest_route=\/wp\/v2\/pages\/7977\/revisions"}],"predecessor-version":[{"id":9591,"href":"https:\/\/old.danmarksveteraner.dk\/wordpress\/index.php?rest_route=\/wp\/v2\/pages\/7977\/revisions\/9591"}],"up":[{"embeddable":true,"href":"https:\/\/old.danmarksveteraner.dk\/wordpress\/index.php?rest_route=\/wp\/v2\/pages\/368"}],"wp:attachment":[{"href":"https:\/\/old.danmarksveteraner.dk\/wordpress\/index.php?rest_route=%2Fwp%2Fv2%2Fmedia&parent=7977"}],"curies":[{"name":"wp","href":"https:\/\/api.w.org\/{rel}","templated":true}]}}