{"id":7892,"date":"2020-10-25T10:44:03","date_gmt":"2020-10-25T09:44:03","guid":{"rendered":"https:\/\/danmarksveteraner.dk\/wordpress\/?page_id=7892"},"modified":"2020-10-25T10:51:28","modified_gmt":"2020-10-25T09:51:28","slug":"gardernetvaerk","status":"publish","type":"page","link":"https:\/\/old.danmarksveteraner.dk\/wordpress\/?page_id=7892","title":{"rendered":"Gardernetv\u00e6rk"},"content":{"rendered":"\n<figure class=\"wp-block-image size-large\"><img decoding=\"async\" loading=\"lazy\" width=\"111\" height=\"111\" src=\"https:\/\/danmarksveteraner.dk\/wordpress\/wp-content\/uploads\/2020\/10\/gardenetvaerk.png\" alt=\"\" class=\"wp-image-7886\"\/><\/figure>\n\n\n\n<h2 class=\"has-medium-font-size\">Gardernetv\u00e6rk og Danmarks Veteraner<\/h2>\n\n\n\n<p>Fra efter\u00e5ret 2020 har Gardernetv\u00e6rk og Danmarks Veteraner indg\u00e5et et strategisk partnerskab. Partnerskabet er blevet til ud fra Gardernetv\u00e6rks og Danmarks Veteraners \u00f8nske om bl.a. at st\u00f8tte udvikling og kendskabet til begge organisationer.<\/p>\n\n\n\n<p>Gardenetv\u00e6rk har til form\u00e5l at bringe tidligere eller nuv\u00e6rende gardere , sergenter og officerer i den erhvervsdygtige alder sammen p\u00e5 kryds og tv\u00e6rs til gavn for deres professionelle virke. Se mere om foreningen her: <a href=\"https:\/\/gardenetvaerk.dk\">https:\/\/gardenetvaerk.dk<\/a><\/p>\n\n\n\n<h2 class=\"has-black-color has-text-color has-medium-font-size\">Vores f\u00e6lles indsatsomr\u00e5de<\/h2>\n\n\n\n<p class=\"has-black-color has-text-color\"><a>Gardernetv\u00e6rk vil hj\u00e6lpe veteraner med misbrugsproblemer. Hj\u00e6lpen ud\u00f8ves af Danmarks Veteraner med \u00f8konomisk st\u00f8tte fra Gardernetv\u00e6rk. <\/a>De \u00f8konomiske midler stammer fra kontingentindbetalinger eller igennem virksomhedsdonationer skabt af Gardernetv\u00e6rk. St\u00f8tte gives til Danmarks Veteraner og midlerne administreres herefter af foreningen uden involvering af Gardernetv\u00e6rk.<\/p>\n\n\n\n<h2 class=\"has-medium-font-size\">Medlemskab af Gardernetv\u00e6rk.<\/h2>\n\n\n\n<p>Gardernetv\u00e6rk har tre typer af medlemskab, nemlig Guld, Standard eller Passivt. Indmeldelse sker via linket nedenfor.<\/p>\n\n\n\n<p>[su_button url=&#8221;https:\/\/gardernetvaerk.dk\/pricing\/&#8221; target=&#8221;blank&#8221; icon=&#8221;icon: edit&#8221; desc=&#8221;Indmeldelse&#8221;]INDMELDELSE[\/su_button]<\/p>\n\n\n\n<p>Indsatsen og partnerskabet skal bl.a. ses som en del af Gardernetv\u00e6rks arbejde med FN\u00b4s Verdensm\u00e5l 3.5: Forebyggelse og behandling af rusmiddelmisbrug.<\/p>\n\n\n\n<figure class=\"wp-block-image size-large\"><img decoding=\"async\" loading=\"lazy\" width=\"111\" height=\"111\" src=\"https:\/\/danmarksveteraner.dk\/wordpress\/wp-content\/uploads\/2020\/10\/gardenetvaerk.png\" alt=\"\" class=\"wp-image-7886\"\/><\/figure>\n\n\n\n<p><\/p>\n","protected":false},"excerpt":{"rendered":"<p>Gardernetv\u00e6rk og Danmarks Veteraner Fra efter\u00e5ret 2020 har Gardernetv\u00e6rk og Danmarks Veteraner indg\u00e5et et strategisk partnerskab. Partnerskabet er blevet til<\/p>\n","protected":false},"author":62,"featured_media":0,"parent":164,"menu_order":3,"comment_status":"closed","ping_status":"closed","template":"","meta":[],"_links":{"self":[{"href":"https:\/\/old.danmarksveteraner.dk\/wordpress\/index.php?rest_route=\/wp\/v2\/pages\/7892"}],"collection":[{"href":"https:\/\/old.danmarksveteraner.dk\/wordpress\/index.php?rest_route=\/wp\/v2\/pages"}],"about":[{"href":"https:\/\/old.danmarksveteraner.dk\/wordpress\/index.php?rest_route=\/wp\/v2\/types\/page"}],"author":[{"embeddable":true,"href":"https:\/\/old.danmarksveteraner.dk\/wordpress\/index.php?rest_route=\/wp\/v2\/users\/62"}],"replies":[{"embeddable":true,"href":"https:\/\/old.danmarksveteraner.dk\/wordpress\/index.php?rest_route=%2Fwp%2Fv2%2Fcomments&post=7892"}],"version-history":[{"count":4,"href":"https:\/\/old.danmarksveteraner.dk\/wordpress\/index.php?rest_route=\/wp\/v2\/pages\/7892\/revisions"}],"predecessor-version":[{"id":7899,"href":"https:\/\/old.danmarksveteraner.dk\/wordpress\/index.php?rest_route=\/wp\/v2\/pages\/7892\/revisions\/7899"}],"up":[{"embeddable":true,"href":"https:\/\/old.danmarksveteraner.dk\/wordpress\/index.php?rest_route=\/wp\/v2\/pages\/164"}],"wp:attachment":[{"href":"https:\/\/old.danmarksveteraner.dk\/wordpress\/index.php?rest_route=%2Fwp%2Fv2%2Fmedia&parent=7892"}],"curies":[{"name":"wp","href":"https:\/\/api.w.org\/{rel}","templated":true}]}}