{"id":730,"date":"2016-04-05T17:20:51","date_gmt":"2016-04-05T16:20:51","guid":{"rendered":"https:\/\/danmarksveteraner.dk\/wordpress\/?page_id=730"},"modified":"2022-01-27T15:50:54","modified_gmt":"2022-01-27T14:50:54","slug":"anmodning-om-stoette","status":"publish","type":"page","link":"https:\/\/old.danmarksveteraner.dk\/wordpress\/?page_id=730","title":{"rendered":"Anmodning om st\u00f8tte"},"content":{"rendered":"<p>Danmarks Veteraner stiller gerne op til arrangementer, deltager i udstillinger m.v. Hvis du \u00f8nsker st\u00f8tte fra foreningen, s\u00e5 bedes ud udfylde nedenst\u00e5ende formular og afslutte med at trykke p\u00e5 afsend. Foreningen vil herefter behandle dit \u00f8nske og koordinere vores st\u00f8tte. Du vil selvf\u00f8lgelig f\u00e5 en tilbagemelding n\u00e5r vi har behandlet din anmodning.<\/p>\n<h4>Danmarks Veteraner giver ikke \u00f8konomisk st\u00f8tte til gensynstr\u00e6f m.v. , der skal du i stedet ans\u00f8ge <strong>Veterancentret.<\/strong><\/h4>\n<p>Blanket om st\u00f8tte er fjernet midlertidigt. St\u00f8tten er afh\u00e6ngig af en sponsor. Danmarks Veteraner anvender ikke medlemskontingent som st\u00f8tte til arrangementer for ikke medlemmer. Foreningen vil, s\u00e5fremt der er midler til det i st\u00f8ttekroner genoprette muligheden for at s\u00f8ge st\u00f8tte.<\/p>\n","protected":false},"excerpt":{"rendered":"<p>Danmarks Veteraner stiller gerne op til arrangementer, deltager i udstillinger m.v. Hvis du \u00f8nsker st\u00f8tte fra foreningen, s\u00e5 bedes ud<\/p>\n","protected":false},"author":1,"featured_media":0,"parent":972,"menu_order":2,"comment_status":"closed","ping_status":"closed","template":"","meta":[],"_links":{"self":[{"href":"https:\/\/old.danmarksveteraner.dk\/wordpress\/index.php?rest_route=\/wp\/v2\/pages\/730"}],"collection":[{"href":"https:\/\/old.danmarksveteraner.dk\/wordpress\/index.php?rest_route=\/wp\/v2\/pages"}],"about":[{"href":"https:\/\/old.danmarksveteraner.dk\/wordpress\/index.php?rest_route=\/wp\/v2\/types\/page"}],"author":[{"embeddable":true,"href":"https:\/\/old.danmarksveteraner.dk\/wordpress\/index.php?rest_route=\/wp\/v2\/users\/1"}],"replies":[{"embeddable":true,"href":"https:\/\/old.danmarksveteraner.dk\/wordpress\/index.php?rest_route=%2Fwp%2Fv2%2Fcomments&post=730"}],"version-history":[{"count":8,"href":"https:\/\/old.danmarksveteraner.dk\/wordpress\/index.php?rest_route=\/wp\/v2\/pages\/730\/revisions"}],"predecessor-version":[{"id":9570,"href":"https:\/\/old.danmarksveteraner.dk\/wordpress\/index.php?rest_route=\/wp\/v2\/pages\/730\/revisions\/9570"}],"up":[{"embeddable":true,"href":"https:\/\/old.danmarksveteraner.dk\/wordpress\/index.php?rest_route=\/wp\/v2\/pages\/972"}],"wp:attachment":[{"href":"https:\/\/old.danmarksveteraner.dk\/wordpress\/index.php?rest_route=%2Fwp%2Fv2%2Fmedia&parent=730"}],"curies":[{"name":"wp","href":"https:\/\/api.w.org\/{rel}","templated":true}]}}