{"id":72,"date":"2016-01-22T05:37:08","date_gmt":"2016-01-22T05:37:08","guid":{"rendered":"https:\/\/danmarksveteraner.dk\/wordpress\/?page_id=72"},"modified":"2022-12-16T08:58:49","modified_gmt":"2022-12-16T07:58:49","slug":"baretten-3","status":"publish","type":"page","link":"https:\/\/old.danmarksveteraner.dk\/wordpress\/?page_id=72","title":{"rendered":"Medlemsblad"},"content":{"rendered":"<p>Foreningsbladet, som i 2020 skiftede navn til Danmarks Veteraner, udgives fire &#8211; seks gange om \u00e5ret. Det kan l\u00e6ses p\u00e5 hjemmesiden eller, hvis du er medlem af foreningen, i en trykt udgave der tilsendes hvis du \u00f8nsker dette.<\/p>\n<h6>Du f\u00e5r adgang til vores ARKIV over medlemsblade p\u00e5 LINKS herunder. Bladene ligger i PDF format, billedfilerne er kun kopier af forsider.<\/h6>\n<h5><a href=\"https:\/\/veteraner-my.sharepoint.com\/:f:\/g\/personal\/webmaster_veteraner_onmicrosoft_com\/EvlAxtiJ1wBAj0YuITMQ2GsBBodPx92R044Q7mC4cvdO_g?e=ccjuK8\" target=\"_blank\" rel=\"noopener\">Den bl\u00e5 Baret (1969 &#8211; 2009)<\/a><br \/>\n<a href=\"https:\/\/veteraner-my.sharepoint.com\/:f:\/g\/personal\/webmaster_veteraner_onmicrosoft_com\/EipXh_uzcG9OnC3sU4wHlyEBnowE74IX6kCBlreGAAPTXA?e=Em0CO4\" target=\"_blank\" rel=\"noopener\">Baretten (2009 &#8211; 2020)<\/a><br \/>\n<a href=\"https:\/\/veteraner-my.sharepoint.com\/:f:\/g\/personal\/webmaster_veteraner_onmicrosoft_com\/Eg8ZTxyV1ftFmuHXcGRcS40Bgb-rmvBhYTZKIl9lN7i82A?e=WZ1m0o\" target=\"_blank\" rel=\"noopener\">Danmarks Veteraner (2020 &#8211; ?)<\/a><\/h5>\n","protected":false},"excerpt":{"rendered":"<p>Foreningsbladet, som i 2020 skiftede navn til Danmarks Veteraner, udgives fire &#8211; seks gange om \u00e5ret. Det kan l\u00e6ses p\u00e5<\/p>\n","protected":false},"author":1,"featured_media":0,"parent":0,"menu_order":3,"comment_status":"closed","ping_status":"closed","template":"","meta":[],"_links":{"self":[{"href":"https:\/\/old.danmarksveteraner.dk\/wordpress\/index.php?rest_route=\/wp\/v2\/pages\/72"}],"collection":[{"href":"https:\/\/old.danmarksveteraner.dk\/wordpress\/index.php?rest_route=\/wp\/v2\/pages"}],"about":[{"href":"https:\/\/old.danmarksveteraner.dk\/wordpress\/index.php?rest_route=\/wp\/v2\/types\/page"}],"author":[{"embeddable":true,"href":"https:\/\/old.danmarksveteraner.dk\/wordpress\/index.php?rest_route=\/wp\/v2\/users\/1"}],"replies":[{"embeddable":true,"href":"https:\/\/old.danmarksveteraner.dk\/wordpress\/index.php?rest_route=%2Fwp%2Fv2%2Fcomments&post=72"}],"version-history":[{"count":48,"href":"https:\/\/old.danmarksveteraner.dk\/wordpress\/index.php?rest_route=\/wp\/v2\/pages\/72\/revisions"}],"predecessor-version":[{"id":10306,"href":"https:\/\/old.danmarksveteraner.dk\/wordpress\/index.php?rest_route=\/wp\/v2\/pages\/72\/revisions\/10306"}],"wp:attachment":[{"href":"https:\/\/old.danmarksveteraner.dk\/wordpress\/index.php?rest_route=%2Fwp%2Fv2%2Fmedia&parent=72"}],"curies":[{"name":"wp","href":"https:\/\/api.w.org\/{rel}","templated":true}]}}