{"id":717,"date":"2016-04-05T17:06:33","date_gmt":"2016-04-05T16:06:33","guid":{"rendered":"https:\/\/danmarksveteraner.dk\/wordpress\/?page_id=717"},"modified":"2020-02-26T14:16:35","modified_gmt":"2020-02-26T13:16:35","slug":"har-du-faaet-dit-reversmaerke-reversudgave","status":"publish","type":"page","link":"https:\/\/old.danmarksveteraner.dk\/wordpress\/?page_id=717","title":{"rendered":"Veteranm\u00e6rket i reversudgave"},"content":{"rendered":"\n<p>Der er i perioden august 2007 til februar 2020 tildelt mere end 50.000 veteranm\u00e6rker til veteranerne fra Danmarks Internationale missioner! Veteranm\u00e6rket er autoriseret af Forsvaret, og tildeles alt personel i forbindelse med hjemkomstparaden efter vel overst\u00e5et mission. Veteranm\u00e6rket tildeles normalt af chefen for enheden.<\/p>\n\n\n\n<p>Hvis du endnu ikke har f\u00e5et dit veteranm\u00e6rke, kan du f\u00e5 det p\u00e5 to m\u00e5der:<\/p>\n\n\n\n<ol><li>Du deltager i Peacekeepers Day 29. maj eller i det \u00e5rlige veteranst\u00e6vne i september m\u00e5ned. Her tildeles veteranm\u00e6rket i revers udgaven til alle deltagende veteraner.<\/li><li>Hvis du ikke kan deltage i de to ovenn\u00e6vnte arrangementer kan du erhverve m\u00e6rket ved at kontakte FN-museet. Du finder FN-museets hjemmeside p\u00e5 dette <strong><a href=\"http:\/\/www.fnmuseet.dk\/\" target=\"_blank\" rel=\"noreferrer noopener\" aria-label=\"LINK (opens in a new tab)\">LINK<\/a><\/strong>.<\/li><\/ol>\n","protected":false},"excerpt":{"rendered":"<p>Der er i perioden august 2007 til februar 2020 tildelt mere end 50.000 veteranm\u00e6rker til veteranerne fra Danmarks Internationale missioner!<\/p>\n","protected":false},"author":1,"featured_media":0,"parent":32,"menu_order":8,"comment_status":"closed","ping_status":"closed","template":"","meta":[],"_links":{"self":[{"href":"https:\/\/old.danmarksveteraner.dk\/wordpress\/index.php?rest_route=\/wp\/v2\/pages\/717"}],"collection":[{"href":"https:\/\/old.danmarksveteraner.dk\/wordpress\/index.php?rest_route=\/wp\/v2\/pages"}],"about":[{"href":"https:\/\/old.danmarksveteraner.dk\/wordpress\/index.php?rest_route=\/wp\/v2\/types\/page"}],"author":[{"embeddable":true,"href":"https:\/\/old.danmarksveteraner.dk\/wordpress\/index.php?rest_route=\/wp\/v2\/users\/1"}],"replies":[{"embeddable":true,"href":"https:\/\/old.danmarksveteraner.dk\/wordpress\/index.php?rest_route=%2Fwp%2Fv2%2Fcomments&post=717"}],"version-history":[{"count":7,"href":"https:\/\/old.danmarksveteraner.dk\/wordpress\/index.php?rest_route=\/wp\/v2\/pages\/717\/revisions"}],"predecessor-version":[{"id":7217,"href":"https:\/\/old.danmarksveteraner.dk\/wordpress\/index.php?rest_route=\/wp\/v2\/pages\/717\/revisions\/7217"}],"up":[{"embeddable":true,"href":"https:\/\/old.danmarksveteraner.dk\/wordpress\/index.php?rest_route=\/wp\/v2\/pages\/32"}],"wp:attachment":[{"href":"https:\/\/old.danmarksveteraner.dk\/wordpress\/index.php?rest_route=%2Fwp%2Fv2%2Fmedia&parent=717"}],"curies":[{"name":"wp","href":"https:\/\/api.w.org\/{rel}","templated":true}]}}