{"id":617,"date":"2016-03-26T22:08:40","date_gmt":"2016-03-26T21:08:40","guid":{"rendered":"https:\/\/danmarksveteraner.dk\/wordpress\/?page_id=617"},"modified":"2016-10-21T10:35:13","modified_gmt":"2016-10-21T08:35:13","slug":"kontakt-os","status":"publish","type":"page","link":"https:\/\/old.danmarksveteraner.dk\/wordpress\/?page_id=617","title":{"rendered":"Kontakt os"},"content":{"rendered":"<p>Alle\u00a0henvendelser der bliver fremsendt p\u00e5 nedenst\u00e5ende formular vil\u00a0blive behandlet, hurtigst muligt.<\/p>\n<p>Linjer i formularen\u00a0nedenfor m\u00e6rket med * skal udfyldes. Det er muligt at vedh\u00e6fte filer til formularen, maksimal samlet st\u00f8rrelse er 2 MB.<\/p>\n<p>Danmarks Veteraner arbejder for at hj\u00e6lpe alle veteraner og deres p\u00e5r\u00f8rende, men servicerer prim\u00e6rt sine medlemmer. \u00d8nsker du at blive medlem, s\u00e5 kan du indmelde dig <strong><a href=\"https:\/\/danmarksveteraner.dk\/wordpress\/?page_id=90\" target=\"_blank\">HER<\/a>.<\/strong><\/p>\n<p>[Form id=&#8221;13&#8243;]<\/p>\n","protected":false},"excerpt":{"rendered":"<p>Alle\u00a0henvendelser der bliver fremsendt p\u00e5 nedenst\u00e5ende formular vil\u00a0blive behandlet, hurtigst muligt. Linjer i formularen\u00a0nedenfor m\u00e6rket med * skal udfyldes. Det<\/p>\n","protected":false},"author":1,"featured_media":0,"parent":972,"menu_order":1,"comment_status":"closed","ping_status":"closed","template":"","meta":[],"_links":{"self":[{"href":"https:\/\/old.danmarksveteraner.dk\/wordpress\/index.php?rest_route=\/wp\/v2\/pages\/617"}],"collection":[{"href":"https:\/\/old.danmarksveteraner.dk\/wordpress\/index.php?rest_route=\/wp\/v2\/pages"}],"about":[{"href":"https:\/\/old.danmarksveteraner.dk\/wordpress\/index.php?rest_route=\/wp\/v2\/types\/page"}],"author":[{"embeddable":true,"href":"https:\/\/old.danmarksveteraner.dk\/wordpress\/index.php?rest_route=\/wp\/v2\/users\/1"}],"replies":[{"embeddable":true,"href":"https:\/\/old.danmarksveteraner.dk\/wordpress\/index.php?rest_route=%2Fwp%2Fv2%2Fcomments&post=617"}],"version-history":[{"count":11,"href":"https:\/\/old.danmarksveteraner.dk\/wordpress\/index.php?rest_route=\/wp\/v2\/pages\/617\/revisions"}],"predecessor-version":[{"id":2101,"href":"https:\/\/old.danmarksveteraner.dk\/wordpress\/index.php?rest_route=\/wp\/v2\/pages\/617\/revisions\/2101"}],"up":[{"embeddable":true,"href":"https:\/\/old.danmarksveteraner.dk\/wordpress\/index.php?rest_route=\/wp\/v2\/pages\/972"}],"wp:attachment":[{"href":"https:\/\/old.danmarksveteraner.dk\/wordpress\/index.php?rest_route=%2Fwp%2Fv2%2Fmedia&parent=617"}],"curies":[{"name":"wp","href":"https:\/\/api.w.org\/{rel}","templated":true}]}}