{"id":6046,"date":"2019-11-23T04:30:38","date_gmt":"2019-11-23T03:30:38","guid":{"rendered":"https:\/\/danmarksveteraner.dk\/wordpress\/?page_id=6046"},"modified":"2021-09-14T18:41:11","modified_gmt":"2021-09-14T16:41:11","slug":"arrangementer","status":"publish","type":"page","link":"https:\/\/old.danmarksveteraner.dk\/wordpress\/?page_id=6046","title":{"rendered":"Arrangementer"},"content":{"rendered":"\n<p>Denne kalender indeholder en oversigt over arrangementer som gennemf\u00f8res af landsforeningen. Lokalforeningernes arrangementer kan findes p\u00e5 deres egne <strong><a rel=\"noreferrer noopener\" href=\"https:\/\/danmarksveteraner.dk\/wordpress\/?page_id=368\" target=\"_blank\">HJEMMESIDER<\/a><\/strong> og p\u00e5 <strong>V<\/strong>eteranportalen i den udstr\u00e6kning, at lokalforeningerne anmelder disse. Landsforeningens arrangementer vil ogs\u00e5 v\u00e6re at finde p\u00e5 <strong><a rel=\"noreferrer noopener\" href=\"https:\/\/veteranportal.dk\/\" target=\"_blank\">Veteranportalen<\/a><\/strong>.<\/p>\n\n\n\n<p>Kalenderen vil tilstr\u00e6be at have indlagt arrangementer op til to \u00e5r ud i fremtiden. <\/p>\n\n\n\n<p> CONTENTS <\/p>\n","protected":false},"excerpt":{"rendered":"<p>CONTENTS<\/p>\n","protected":false},"author":1,"featured_media":0,"parent":0,"menu_order":2,"comment_status":"closed","ping_status":"closed","template":"","meta":[],"_links":{"self":[{"href":"https:\/\/old.danmarksveteraner.dk\/wordpress\/index.php?rest_route=\/wp\/v2\/pages\/6046"}],"collection":[{"href":"https:\/\/old.danmarksveteraner.dk\/wordpress\/index.php?rest_route=\/wp\/v2\/pages"}],"about":[{"href":"https:\/\/old.danmarksveteraner.dk\/wordpress\/index.php?rest_route=\/wp\/v2\/types\/page"}],"author":[{"embeddable":true,"href":"https:\/\/old.danmarksveteraner.dk\/wordpress\/index.php?rest_route=\/wp\/v2\/users\/1"}],"replies":[{"embeddable":true,"href":"https:\/\/old.danmarksveteraner.dk\/wordpress\/index.php?rest_route=%2Fwp%2Fv2%2Fcomments&post=6046"}],"version-history":[{"count":7,"href":"https:\/\/old.danmarksveteraner.dk\/wordpress\/index.php?rest_route=\/wp\/v2\/pages\/6046\/revisions"}],"predecessor-version":[{"id":9202,"href":"https:\/\/old.danmarksveteraner.dk\/wordpress\/index.php?rest_route=\/wp\/v2\/pages\/6046\/revisions\/9202"}],"wp:attachment":[{"href":"https:\/\/old.danmarksveteraner.dk\/wordpress\/index.php?rest_route=%2Fwp%2Fv2%2Fmedia&parent=6046"}],"curies":[{"name":"wp","href":"https:\/\/api.w.org\/{rel}","templated":true}]}}