{"id":5510,"date":"2019-09-12T10:14:32","date_gmt":"2019-09-12T08:14:32","guid":{"rendered":"https:\/\/danmarksveteraner.dk\/wordpress\/?page_id=5510"},"modified":"2019-09-22T18:01:41","modified_gmt":"2019-09-22T16:01:41","slug":"veterankortet-dk","status":"publish","type":"page","link":"https:\/\/old.danmarksveteraner.dk\/wordpress\/?page_id=5510","title":{"rendered":"Veterankortet.dk"},"content":{"rendered":"\n<h4>Hvad er veterankortet.dk<\/h4>\n\n\n\n<ul><li>veterankortet.dk er en fordelsportal.<\/li><li>Du kan spare penge p\u00e5 masser af gode rabataftaler.<\/li><li>Gennem veterankortet.dk f\u00e5r du adgang til attraktive rabatter i  butikker og webshops i hele landet.<\/li><\/ul>\n\n\n\n<p>For at kunne benytte veterankortet.dk skal du ans\u00f8ge om medlemskab p\u00e5 deres hjemmeside, som du kan komme til ved at trykke p\u00e5 dette <a rel=\"noreferrer noopener\" aria-label=\"LINK (opens in a new tab)\" href=\"https:\/\/veterankortet.dk\" target=\"_blank\"><strong>LINK<\/strong><\/a>.<\/p>\n","protected":false},"excerpt":{"rendered":"<p>Hvad er veterankortet.dk veterankortet.dk er en fordelsportal. Du kan spare penge p\u00e5 masser af gode rabataftaler. Gennem veterankortet.dk f\u00e5r du<\/p>\n","protected":false},"author":1,"featured_media":0,"parent":2962,"menu_order":2,"comment_status":"closed","ping_status":"closed","template":"","meta":[],"_links":{"self":[{"href":"https:\/\/old.danmarksveteraner.dk\/wordpress\/index.php?rest_route=\/wp\/v2\/pages\/5510"}],"collection":[{"href":"https:\/\/old.danmarksveteraner.dk\/wordpress\/index.php?rest_route=\/wp\/v2\/pages"}],"about":[{"href":"https:\/\/old.danmarksveteraner.dk\/wordpress\/index.php?rest_route=\/wp\/v2\/types\/page"}],"author":[{"embeddable":true,"href":"https:\/\/old.danmarksveteraner.dk\/wordpress\/index.php?rest_route=\/wp\/v2\/users\/1"}],"replies":[{"embeddable":true,"href":"https:\/\/old.danmarksveteraner.dk\/wordpress\/index.php?rest_route=%2Fwp%2Fv2%2Fcomments&post=5510"}],"version-history":[{"count":5,"href":"https:\/\/old.danmarksveteraner.dk\/wordpress\/index.php?rest_route=\/wp\/v2\/pages\/5510\/revisions"}],"predecessor-version":[{"id":5561,"href":"https:\/\/old.danmarksveteraner.dk\/wordpress\/index.php?rest_route=\/wp\/v2\/pages\/5510\/revisions\/5561"}],"up":[{"embeddable":true,"href":"https:\/\/old.danmarksveteraner.dk\/wordpress\/index.php?rest_route=\/wp\/v2\/pages\/2962"}],"wp:attachment":[{"href":"https:\/\/old.danmarksveteraner.dk\/wordpress\/index.php?rest_route=%2Fwp%2Fv2%2Fmedia&parent=5510"}],"curies":[{"name":"wp","href":"https:\/\/api.w.org\/{rel}","templated":true}]}}