{"id":5479,"date":"2019-09-11T19:44:37","date_gmt":"2019-09-11T17:44:37","guid":{"rendered":"https:\/\/danmarksveteraner.dk\/wordpress\/?page_id=5479"},"modified":"2021-09-23T10:14:58","modified_gmt":"2021-09-23T08:14:58","slug":"blivende-bestemmelser-under-udarbejdelse","status":"publish","type":"page","link":"https:\/\/old.danmarksveteraner.dk\/wordpress\/?page_id=5479","title":{"rendered":"Blivende Bestemmelser"},"content":{"rendered":"\n<p class=\"has-medium-font-size\">Du kan l\u00e6se Danmarks Veteraners Blivende Bestemmelser (BB) ved at trykke p\u00e5 knappen herunder.<\/p>\n\n\n\n<div class=\"wp-block-button aligncenter\"><a class=\"wp-block-button__link\" href=\"https:\/\/danmarksveteraner.dk\/wordpress\/wp-content\/uploads\/2019\/10\/BB-samlet-udgave.pdf\" target=\"_blank\" rel=\"noreferrer noopener\">Blivende Bestemmelser<\/a><\/div>\n\n\n\n<hr class=\"wp-block-separator\"\/>\n\n\n\n<blockquote class=\"wp-block-quote\"><p>Der er fra Indholdsfortegnelsen lavet hyperlinks til de forskellige emner. Klik p\u00e5 emnet for de forskellige afsnit. Sidst i de enkelte afsnit er der en genvej til Indholdsfortegnelsen. <img decoding=\"async\" loading=\"lazy\" width=\"80\" height=\"80\" class=\"wp-image-5747\" style=\"width: 80px;\" src=\"https:\/\/danmarksveteraner.dk\/wordpress\/wp-content\/uploads\/2019\/10\/Return.png\" alt=\"\"><\/p><\/blockquote>\n\n\n\n<blockquote class=\"wp-block-quote\"><p>Formularer indarbejdet i Blivende Bestemmelser kan udfyldes online, gemmes elektronisk og  udprintes (g\u00f8res ved at trykke p\u00e5 Udskriv knappen eller p\u00e5 udskriv i din browser (programmet du bruger lige nu). Husk hvis du vil gemme formularen at v\u00e6lge udskriv til pdf og s\u00e5 det sidetal som formularen har. Hvis du glemmer sidetal s\u00e5 udprintes hele Blivende Bestemmelser.<\/p><\/blockquote>\n","protected":false},"excerpt":{"rendered":"<p>Du kan l\u00e6se Danmarks Veteraners Blivende Bestemmelser (BB) ved at trykke p\u00e5 knappen herunder. Der er fra Indholdsfortegnelsen lavet hyperlinks<\/p>\n","protected":false},"author":1,"featured_media":0,"parent":32,"menu_order":2,"comment_status":"closed","ping_status":"closed","template":"","meta":[],"_links":{"self":[{"href":"https:\/\/old.danmarksveteraner.dk\/wordpress\/index.php?rest_route=\/wp\/v2\/pages\/5479"}],"collection":[{"href":"https:\/\/old.danmarksveteraner.dk\/wordpress\/index.php?rest_route=\/wp\/v2\/pages"}],"about":[{"href":"https:\/\/old.danmarksveteraner.dk\/wordpress\/index.php?rest_route=\/wp\/v2\/types\/page"}],"author":[{"embeddable":true,"href":"https:\/\/old.danmarksveteraner.dk\/wordpress\/index.php?rest_route=\/wp\/v2\/users\/1"}],"replies":[{"embeddable":true,"href":"https:\/\/old.danmarksveteraner.dk\/wordpress\/index.php?rest_route=%2Fwp%2Fv2%2Fcomments&post=5479"}],"version-history":[{"count":29,"href":"https:\/\/old.danmarksveteraner.dk\/wordpress\/index.php?rest_route=\/wp\/v2\/pages\/5479\/revisions"}],"predecessor-version":[{"id":9255,"href":"https:\/\/old.danmarksveteraner.dk\/wordpress\/index.php?rest_route=\/wp\/v2\/pages\/5479\/revisions\/9255"}],"up":[{"embeddable":true,"href":"https:\/\/old.danmarksveteraner.dk\/wordpress\/index.php?rest_route=\/wp\/v2\/pages\/32"}],"wp:attachment":[{"href":"https:\/\/old.danmarksveteraner.dk\/wordpress\/index.php?rest_route=%2Fwp%2Fv2%2Fmedia&parent=5479"}],"curies":[{"name":"wp","href":"https:\/\/api.w.org\/{rel}","templated":true}]}}