{"id":4117,"date":"2018-08-14T17:56:57","date_gmt":"2018-08-14T15:56:57","guid":{"rendered":"https:\/\/danmarksveteraner.dk\/wordpress\/?page_id=4117"},"modified":"2018-08-14T18:01:47","modified_gmt":"2018-08-14T16:01:47","slug":"aendre-password","status":"publish","type":"page","link":"https:\/\/old.danmarksveteraner.dk\/wordpress\/?page_id=4117","title":{"rendered":"\u00c6ndre Password"},"content":{"rendered":"<p>\u00d8nsker du at \u00e6ndre Password til et selvvalgt, s\u00e5 skal du f\u00f8lge denne vejledning:<\/p>\n<p><a href=\"https:\/\/danmarksveteraner.dk\/wordpress\/wp-content\/uploads\/2018\/08\/Medlem-vedh\u00e6ft.gif\"><img decoding=\"async\" loading=\"lazy\" class=\"aligncenter size-full wp-image-4122\" src=\"https:\/\/danmarksveteraner.dk\/wordpress\/wp-content\/uploads\/2018\/08\/Medlem-vedh\u00e6ft.gif\" alt=\"\" width=\"2117\" height=\"1544\" \/><\/a><\/p>\n","protected":false},"excerpt":{"rendered":"<p>\u00d8nsker du at \u00e6ndre Password til et selvvalgt, s\u00e5 skal du f\u00f8lge denne vejledning:<\/p>\n","protected":false},"author":1,"featured_media":0,"parent":4050,"menu_order":3,"comment_status":"closed","ping_status":"closed","template":"","meta":[],"_links":{"self":[{"href":"https:\/\/old.danmarksveteraner.dk\/wordpress\/index.php?rest_route=\/wp\/v2\/pages\/4117"}],"collection":[{"href":"https:\/\/old.danmarksveteraner.dk\/wordpress\/index.php?rest_route=\/wp\/v2\/pages"}],"about":[{"href":"https:\/\/old.danmarksveteraner.dk\/wordpress\/index.php?rest_route=\/wp\/v2\/types\/page"}],"author":[{"embeddable":true,"href":"https:\/\/old.danmarksveteraner.dk\/wordpress\/index.php?rest_route=\/wp\/v2\/users\/1"}],"replies":[{"embeddable":true,"href":"https:\/\/old.danmarksveteraner.dk\/wordpress\/index.php?rest_route=%2Fwp%2Fv2%2Fcomments&post=4117"}],"version-history":[{"count":4,"href":"https:\/\/old.danmarksveteraner.dk\/wordpress\/index.php?rest_route=\/wp\/v2\/pages\/4117\/revisions"}],"predecessor-version":[{"id":4123,"href":"https:\/\/old.danmarksveteraner.dk\/wordpress\/index.php?rest_route=\/wp\/v2\/pages\/4117\/revisions\/4123"}],"up":[{"embeddable":true,"href":"https:\/\/old.danmarksveteraner.dk\/wordpress\/index.php?rest_route=\/wp\/v2\/pages\/4050"}],"wp:attachment":[{"href":"https:\/\/old.danmarksveteraner.dk\/wordpress\/index.php?rest_route=%2Fwp%2Fv2%2Fmedia&parent=4117"}],"curies":[{"name":"wp","href":"https:\/\/api.w.org\/{rel}","templated":true}]}}