{"id":408,"date":"2016-03-01T08:40:10","date_gmt":"2016-03-01T08:40:10","guid":{"rendered":"https:\/\/danmarksveteraner.dk\/wordpress\/?page_id=408"},"modified":"2022-07-08T08:19:34","modified_gmt":"2022-07-08T06:19:34","slug":"soenderjylland","status":"publish","type":"page","link":"https:\/\/old.danmarksveteraner.dk\/wordpress\/?page_id=408","title":{"rendered":"S\u00f8nderjylland"},"content":{"rendered":"\n<p>Stiftet den 5. marts 1969. <\/p>\n\n\n\n<figure class=\"wp-block-table\"><table class=\"has-fixed-layout\"><tbody><tr><td><strong>Formand (fg.):<\/strong><br>Steen Boye Poulsen<br>Oehlenschl\u00e6gergade 35<br>6400 S\u00f8nderborg<br>Tlf.: 4086 0847<br>Email: bestyrelse@dbb-soenderjylland.dk<\/td><td><strong>Kasserer:<\/strong><br>Henrik S\u00f8rensen<br>Grydeh\u00f8jvej 38<br>Bov<br>6330 Padborg<br>Tlf.: 7467 5920<br>Email: <a href=\"mailto:kasserer@dbb-soenderjylland.dk\">kasserer@dbb-soenderjylland.dk<\/a> <\/td><\/tr><\/tbody><\/table><\/figure>\n\n\n\n<p>Foreningens egen <strong><a rel=\"noreferrer noopener\" aria-label=\"HJEMMESIDE (opens in a new tab)\" href=\"http:\/\/www.dbb-soenderjylland.dk\/#forside.html\" target=\"_blank\">HJEMMESIDE<\/a><\/strong><\/p>\n","protected":false},"excerpt":{"rendered":"<p>Stiftet den 5. marts 1969. Formand (fg.):Steen Boye PoulsenOehlenschl\u00e6gergade 356400 S\u00f8nderborgTlf.: 4086 0847Email: bestyrelse@dbb-soenderjylland.dk Kasserer:Henrik S\u00f8rensenGrydeh\u00f8jvej 38Bov6330 PadborgTlf.: 7467 5920Email:<\/p>\n","protected":false},"author":1,"featured_media":0,"parent":368,"menu_order":15,"comment_status":"closed","ping_status":"closed","template":"","meta":[],"_links":{"self":[{"href":"https:\/\/old.danmarksveteraner.dk\/wordpress\/index.php?rest_route=\/wp\/v2\/pages\/408"}],"collection":[{"href":"https:\/\/old.danmarksveteraner.dk\/wordpress\/index.php?rest_route=\/wp\/v2\/pages"}],"about":[{"href":"https:\/\/old.danmarksveteraner.dk\/wordpress\/index.php?rest_route=\/wp\/v2\/types\/page"}],"author":[{"embeddable":true,"href":"https:\/\/old.danmarksveteraner.dk\/wordpress\/index.php?rest_route=\/wp\/v2\/users\/1"}],"replies":[{"embeddable":true,"href":"https:\/\/old.danmarksveteraner.dk\/wordpress\/index.php?rest_route=%2Fwp%2Fv2%2Fcomments&post=408"}],"version-history":[{"count":15,"href":"https:\/\/old.danmarksveteraner.dk\/wordpress\/index.php?rest_route=\/wp\/v2\/pages\/408\/revisions"}],"predecessor-version":[{"id":9928,"href":"https:\/\/old.danmarksveteraner.dk\/wordpress\/index.php?rest_route=\/wp\/v2\/pages\/408\/revisions\/9928"}],"up":[{"embeddable":true,"href":"https:\/\/old.danmarksveteraner.dk\/wordpress\/index.php?rest_route=\/wp\/v2\/pages\/368"}],"wp:attachment":[{"href":"https:\/\/old.danmarksveteraner.dk\/wordpress\/index.php?rest_route=%2Fwp%2Fv2%2Fmedia&parent=408"}],"curies":[{"name":"wp","href":"https:\/\/api.w.org\/{rel}","templated":true}]}}