{"id":4068,"date":"2018-07-06T11:33:26","date_gmt":"2018-07-06T09:33:26","guid":{"rendered":"https:\/\/danmarksveteraner.dk\/wordpress\/?page_id=4068"},"modified":"2018-07-06T11:42:01","modified_gmt":"2018-07-06T09:42:01","slug":"samtykke-medlemssider","status":"publish","type":"page","link":"https:\/\/old.danmarksveteraner.dk\/wordpress\/?page_id=4068","title":{"rendered":"Samtykke Medlemssider"},"content":{"rendered":"<p><strong>Samtykkeerkl\u00e6ring vedr\u00f8rende brug af personlige oplysninger<\/strong><\/p>\n<p>Jeg giver hermed samtykke til, at Danmarks Veteraner m\u00e5 anvende de i formularen anf\u00f8rte oplysninger i fm. at der gives tilladelse til at se de sider p\u00e5 Danmarks Veteraners hjemmeside, der kun er beregnet for medlemmer. Oplysningerne anvendes i henhold til Danmarks Veteraners Persondatapolitik, der kan l\u00e6ses p\u00e5 <a href=\"https:\/\/danmarksveteraner.dk\/wordpress\/?page_id=3714\">DENNE SIDE. <\/a> Jeg er bekendt med, at jeg til enhver tid kan tilbagekalde mit samtykke, og at jeg ikke l\u00e6ngere vil have adgang til disse sider.<\/p>\n<p><strong>Den registreredes rettigheder<\/strong><\/p>\n<p>Jeg m\u00e5 til hver en tid kontakte Danmarks Veteraner med foresp\u00f8rgsler om h\u00e5ndh\u00e6velse af f\u00f8lgende rettigheder:<\/p>\n<ul>\n<li>Retten til indsigt: Jeg har ret til at f\u00e5 indsigt i mine personlige oplysninger, som den dataansvarlige behandler.<\/li>\n<li>Retten til berigtigelse: Jeg har retten til at berigtige mine personlige oplysninger, som den dataansvarlige behandler.<\/li>\n<li>Retten til at blive glemt\/sletning: Jeg har retten til at f\u00e5 slettet mine personlige oplysninger, som den dataansvarlige behandler.<\/li>\n<li>Retten til dataportabilitet: Jeg har retten til at modtage mine oplysninger, som den dataansvarlige behandler, i et maskinl\u00e6sbart format.<\/li>\n<li>Retten til begr\u00e6nsning af behandlingen: Jeg har ret til at g\u00f8re indsigelser og s\u00e6tte restriktioner for behandlingen af mine personlige oplysninger, som den dataansvarlige behandler.<\/li>\n<\/ul>\n","protected":false},"excerpt":{"rendered":"<p>Samtykkeerkl\u00e6ring vedr\u00f8rende brug af personlige oplysninger Jeg giver hermed samtykke til, at Danmarks Veteraner m\u00e5 anvende de i formularen anf\u00f8rte<\/p>\n","protected":false},"author":1,"featured_media":0,"parent":3714,"menu_order":3,"comment_status":"closed","ping_status":"closed","template":"","meta":[],"_links":{"self":[{"href":"https:\/\/old.danmarksveteraner.dk\/wordpress\/index.php?rest_route=\/wp\/v2\/pages\/4068"}],"collection":[{"href":"https:\/\/old.danmarksveteraner.dk\/wordpress\/index.php?rest_route=\/wp\/v2\/pages"}],"about":[{"href":"https:\/\/old.danmarksveteraner.dk\/wordpress\/index.php?rest_route=\/wp\/v2\/types\/page"}],"author":[{"embeddable":true,"href":"https:\/\/old.danmarksveteraner.dk\/wordpress\/index.php?rest_route=\/wp\/v2\/users\/1"}],"replies":[{"embeddable":true,"href":"https:\/\/old.danmarksveteraner.dk\/wordpress\/index.php?rest_route=%2Fwp%2Fv2%2Fcomments&post=4068"}],"version-history":[{"count":4,"href":"https:\/\/old.danmarksveteraner.dk\/wordpress\/index.php?rest_route=\/wp\/v2\/pages\/4068\/revisions"}],"predecessor-version":[{"id":4074,"href":"https:\/\/old.danmarksveteraner.dk\/wordpress\/index.php?rest_route=\/wp\/v2\/pages\/4068\/revisions\/4074"}],"up":[{"embeddable":true,"href":"https:\/\/old.danmarksveteraner.dk\/wordpress\/index.php?rest_route=\/wp\/v2\/pages\/3714"}],"wp:attachment":[{"href":"https:\/\/old.danmarksveteraner.dk\/wordpress\/index.php?rest_route=%2Fwp%2Fv2%2Fmedia&parent=4068"}],"curies":[{"name":"wp","href":"https:\/\/api.w.org\/{rel}","templated":true}]}}