{"id":4050,"date":"2018-07-06T08:57:57","date_gmt":"2018-07-06T06:57:57","guid":{"rendered":"https:\/\/danmarksveteraner.dk\/wordpress\/?page_id=4050"},"modified":"2021-02-11T12:55:12","modified_gmt":"2021-02-11T11:55:12","slug":"membership-login","status":"publish","type":"page","link":"https:\/\/old.danmarksveteraner.dk\/wordpress\/?page_id=4050","title":{"rendered":"Medlems Login"},"content":{"rendered":"<p>[swpm_login_form]<\/p>\n<p>&nbsp;<\/p>\n<p>Vil du skifte Adgangskode (Password) til en selvvalgt adgangskode, skal du efter login g\u00e5 til siden med <a href=\"https:\/\/danmarksveteraner.dk\/wordpress\/?page_id=4051\">MEDLEMSOPLYSNINGER<\/a><\/p>\n<p>Du kan p\u00e5 siden med Medlemsoplysninger selv v\u00e6lge dit password. Husk det skal skrives to gange.<\/p>\n\n\n<p><strong>Hvis du ikke er oprettet endnu, s\u00e5 udfyld nedenst\u00e5ende formular og tryk p\u00e5 SEND<\/strong><\/p>\n\n\n\n[Form id=&#8221;36&#8243;]\n","protected":false},"excerpt":{"rendered":"<p>[swpm_login_form] &nbsp; Vil du skifte Adgangskode (Password) til en selvvalgt adgangskode, skal du efter login g\u00e5 til siden med MEDLEMSOPLYSNINGER<\/p>\n","protected":false},"author":1,"featured_media":0,"parent":4048,"menu_order":0,"comment_status":"closed","ping_status":"closed","template":"","meta":[],"_links":{"self":[{"href":"https:\/\/old.danmarksveteraner.dk\/wordpress\/index.php?rest_route=\/wp\/v2\/pages\/4050"}],"collection":[{"href":"https:\/\/old.danmarksveteraner.dk\/wordpress\/index.php?rest_route=\/wp\/v2\/pages"}],"about":[{"href":"https:\/\/old.danmarksveteraner.dk\/wordpress\/index.php?rest_route=\/wp\/v2\/types\/page"}],"author":[{"embeddable":true,"href":"https:\/\/old.danmarksveteraner.dk\/wordpress\/index.php?rest_route=\/wp\/v2\/users\/1"}],"replies":[{"embeddable":true,"href":"https:\/\/old.danmarksveteraner.dk\/wordpress\/index.php?rest_route=%2Fwp%2Fv2%2Fcomments&post=4050"}],"version-history":[{"count":8,"href":"https:\/\/old.danmarksveteraner.dk\/wordpress\/index.php?rest_route=\/wp\/v2\/pages\/4050\/revisions"}],"predecessor-version":[{"id":8237,"href":"https:\/\/old.danmarksveteraner.dk\/wordpress\/index.php?rest_route=\/wp\/v2\/pages\/4050\/revisions\/8237"}],"up":[{"embeddable":true,"href":"https:\/\/old.danmarksveteraner.dk\/wordpress\/index.php?rest_route=\/wp\/v2\/pages\/4048"}],"wp:attachment":[{"href":"https:\/\/old.danmarksveteraner.dk\/wordpress\/index.php?rest_route=%2Fwp%2Fv2%2Fmedia&parent=4050"}],"curies":[{"name":"wp","href":"https:\/\/api.w.org\/{rel}","templated":true}]}}