{"id":4048,"date":"2018-07-06T08:57:57","date_gmt":"2018-07-06T06:57:57","guid":{"rendered":"https:\/\/danmarksveteraner.dk\/wordpress\/?page_id=4048"},"modified":"2018-08-08T12:37:23","modified_gmt":"2018-08-08T10:37:23","slug":"membership-join","status":"publish","type":"page","link":"https:\/\/old.danmarksveteraner.dk\/wordpress\/?page_id=4048","title":{"rendered":"Kun for medlemmer"},"content":{"rendered":"<p>Hvis du er medlem af Danmarks Veteraner, kan du f\u00e5 adgang til sider beskyttet af Brugernavn og Password. Du udfylder formularen nederst p\u00e5 denne side, og s\u00e5 vil du p\u00e5 et tidspunkt modtage dit Brugernavn og dit Password fra webmasteren, n\u00e5r han har oprettet disse. Password kan du senere \u00e6ndre p\u00e5 hjemmesiden.<\/p>\n<p style=\"color: red; font-weight: bold;\">Hvis du <strong>ikke<\/strong> er medlem, s\u00e5 kan du tilmelde dig foreningen p\u00e5 dette <a href=\"https:\/\/danmarksveteraner.dk\/wordpress\/?page_id=90\" target=\"_blank\" rel=\"noopener\">LINK<\/a><\/p>\n<p>[Form id=&#8221;36&#8243;]<\/p>\n<p>&nbsp;<\/p>\n<p style=\"border-bottom: 1px solid #ccc; padding-bottom: 10px; margin-bottom: 10px;\">\n","protected":false},"excerpt":{"rendered":"<p>Hvis du er medlem af Danmarks Veteraner, kan du f\u00e5 adgang til sider beskyttet af Brugernavn og Password. Du udfylder<\/p>\n","protected":false},"author":1,"featured_media":0,"parent":32,"menu_order":3,"comment_status":"closed","ping_status":"closed","template":"","meta":[],"_links":{"self":[{"href":"https:\/\/old.danmarksveteraner.dk\/wordpress\/index.php?rest_route=\/wp\/v2\/pages\/4048"}],"collection":[{"href":"https:\/\/old.danmarksveteraner.dk\/wordpress\/index.php?rest_route=\/wp\/v2\/pages"}],"about":[{"href":"https:\/\/old.danmarksveteraner.dk\/wordpress\/index.php?rest_route=\/wp\/v2\/types\/page"}],"author":[{"embeddable":true,"href":"https:\/\/old.danmarksveteraner.dk\/wordpress\/index.php?rest_route=\/wp\/v2\/users\/1"}],"replies":[{"embeddable":true,"href":"https:\/\/old.danmarksveteraner.dk\/wordpress\/index.php?rest_route=%2Fwp%2Fv2%2Fcomments&post=4048"}],"version-history":[{"count":9,"href":"https:\/\/old.danmarksveteraner.dk\/wordpress\/index.php?rest_route=\/wp\/v2\/pages\/4048\/revisions"}],"predecessor-version":[{"id":4073,"href":"https:\/\/old.danmarksveteraner.dk\/wordpress\/index.php?rest_route=\/wp\/v2\/pages\/4048\/revisions\/4073"}],"up":[{"embeddable":true,"href":"https:\/\/old.danmarksveteraner.dk\/wordpress\/index.php?rest_route=\/wp\/v2\/pages\/32"}],"wp:attachment":[{"href":"https:\/\/old.danmarksveteraner.dk\/wordpress\/index.php?rest_route=%2Fwp%2Fv2%2Fmedia&parent=4048"}],"curies":[{"name":"wp","href":"https:\/\/api.w.org\/{rel}","templated":true}]}}