{"id":4026,"date":"2018-06-28T09:20:24","date_gmt":"2018-06-28T07:20:24","guid":{"rendered":"https:\/\/danmarksveteraner.dk\/wordpress\/?page_id=4026"},"modified":"2018-07-06T11:36:29","modified_gmt":"2018-07-06T09:36:29","slug":"instruks-for-dekryptering-af-filer-med-persondata","status":"publish","type":"page","link":"https:\/\/old.danmarksveteraner.dk\/wordpress\/?page_id=4026","title":{"rendered":"Instruks for dekryptering af filer med persondata"},"content":{"rendered":"<p>N\u00e6ste gang I modtager en mail fra kartoteksf\u00f8reren indeholdende en vedh\u00e6ftet fil med personoplysninger, s\u00e5 skal I g\u00f8re f\u00f8lgende:<\/p>\n<ol>\n<li>\u00c5ben den vedh\u00e6ftede fil som I normalt g\u00f8r det. I f\u00e5r nu \u00e5bnet et lille vindue, kan se ud som vist i denne figur:<\/li>\n<\/ol>\n<p><a href=\"https:\/\/danmarksveteraner.dk\/wordpress\/wp-content\/uploads\/2018\/06\/dekrypt.jpg\"><img decoding=\"async\" loading=\"lazy\" class=\"aligncenter size-full wp-image-4027\" src=\"https:\/\/danmarksveteraner.dk\/wordpress\/wp-content\/uploads\/2018\/06\/dekrypt.jpg\" alt=\"\" width=\"1600\" height=\"900\" srcset=\"https:\/\/old.danmarksveteraner.dk\/wordpress\/wp-content\/uploads\/2018\/06\/dekrypt.jpg 1600w, https:\/\/old.danmarksveteraner.dk\/wordpress\/wp-content\/uploads\/2018\/06\/dekrypt-300x169.jpg 300w, https:\/\/old.danmarksveteraner.dk\/wordpress\/wp-content\/uploads\/2018\/06\/dekrypt-768x432.jpg 768w, https:\/\/old.danmarksveteraner.dk\/wordpress\/wp-content\/uploads\/2018\/06\/dekrypt-1024x576.jpg 1024w\" sizes=\"(max-width: 1600px) 100vw, 1600px\" \/><\/a><\/p>\n<p>Vinduet kan se lidt forskelligt ud, afh\u00e6ngigt af hvilket program I bruger til at \u00e5bne filen.<\/p>\n<ol start=\"3\">\n<li>I skal nu bruge det password som kartoteksf\u00f8reren sendte jer. I skriver det simpelthen ind i skrivefeltet i det lille vindue, og trykker p\u00e5 OK. Herefter bliver dokumentet \u00e5bnet som normalt. Husk at der er forskel p\u00e5 STORE og sm\u00e5 bogstaver.<\/li>\n<li>I kan nu benytte de fremsendte informationer som hidtil, dog skal I v\u00e6re opm\u00e6rksom p\u00e5 det udgivne direktiv til lokalforeningerne om h\u00e5ndtering af personoplysninger som I finder p\u00e5 landsforeningens <strong><a href=\"https:\/\/danmarksveteraner.dk\/wordpress\/?page_id=3714\" target=\"_blank\" rel=\"noopener\">HJEMMESIDE<\/a><u>.<\/u><\/strong><\/li>\n<\/ol>\n<p>&nbsp;<\/p>\n","protected":false},"excerpt":{"rendered":"<p>N\u00e6ste gang I modtager en mail fra kartoteksf\u00f8reren indeholdende en vedh\u00e6ftet fil med personoplysninger, s\u00e5 skal I g\u00f8re f\u00f8lgende: \u00c5ben<\/p>\n","protected":false},"author":1,"featured_media":0,"parent":3714,"menu_order":5,"comment_status":"closed","ping_status":"closed","template":"","meta":[],"_links":{"self":[{"href":"https:\/\/old.danmarksveteraner.dk\/wordpress\/index.php?rest_route=\/wp\/v2\/pages\/4026"}],"collection":[{"href":"https:\/\/old.danmarksveteraner.dk\/wordpress\/index.php?rest_route=\/wp\/v2\/pages"}],"about":[{"href":"https:\/\/old.danmarksveteraner.dk\/wordpress\/index.php?rest_route=\/wp\/v2\/types\/page"}],"author":[{"embeddable":true,"href":"https:\/\/old.danmarksveteraner.dk\/wordpress\/index.php?rest_route=\/wp\/v2\/users\/1"}],"replies":[{"embeddable":true,"href":"https:\/\/old.danmarksveteraner.dk\/wordpress\/index.php?rest_route=%2Fwp%2Fv2%2Fcomments&post=4026"}],"version-history":[{"count":1,"href":"https:\/\/old.danmarksveteraner.dk\/wordpress\/index.php?rest_route=\/wp\/v2\/pages\/4026\/revisions"}],"predecessor-version":[{"id":4028,"href":"https:\/\/old.danmarksveteraner.dk\/wordpress\/index.php?rest_route=\/wp\/v2\/pages\/4026\/revisions\/4028"}],"up":[{"embeddable":true,"href":"https:\/\/old.danmarksveteraner.dk\/wordpress\/index.php?rest_route=\/wp\/v2\/pages\/3714"}],"wp:attachment":[{"href":"https:\/\/old.danmarksveteraner.dk\/wordpress\/index.php?rest_route=%2Fwp%2Fv2%2Fmedia&parent=4026"}],"curies":[{"name":"wp","href":"https:\/\/api.w.org\/{rel}","templated":true}]}}