{"id":400,"date":"2016-03-01T08:38:16","date_gmt":"2016-03-01T08:38:16","guid":{"rendered":"https:\/\/danmarksveteraner.dk\/wordpress\/?page_id=400"},"modified":"2022-07-08T08:11:40","modified_gmt":"2022-07-08T06:11:40","slug":"nordvestsjaelland","status":"publish","type":"page","link":"https:\/\/old.danmarksveteraner.dk\/wordpress\/?page_id=400","title":{"rendered":"Nordvestsj\u00e6lland"},"content":{"rendered":"\n<p>Lokalforeningen er oprettet 24. oktober 2013. <br>Lokalforeningen har til huse p\u00e5 den gamle artillerikaserne i Holb\u00e6k p\u00e5 adressen:<br>Anders Larsensvej 5<br>4300 Holb\u00e6k<\/p>\n\n\n\n<figure class=\"wp-block-table\"><table class=\"has-fixed-layout\"><tbody><tr><td><strong>Formand:<\/strong><br>Carsten Schulz Nielsen<br>Karlebyvej 64<br>4070 Kirke Hyllinge<br>Tlf.: 22146009<br>E-mail: <a href=\"mailto:nordvestsjaelland@danmarksveteraner.dk\">nordvestsjaelland@danmarksveteraner.dk<\/a> <\/td><td><strong>Kasserer:<\/strong><br>Nils Ulrik Bagge<br>Emmabodavej 10<br>4450 Jyderup<br>Tlf.: 22776451<br>E-mail: <a href=\"mailto:nils@nilsbagge.dk\">nils@nilsbagge.dk<\/a><\/td><\/tr><\/tbody><\/table><\/figure>\n\n\n\n<p> Link til Lokalforening Nordvestsj\u00e6llands egen&nbsp;<strong><a rel=\"noreferrer noopener\" href=\"https:\/\/nordvestsjaelland.danmarksveteraner.dk\/wordpress\/\" target=\"_blank\">HJEMMESIDE<\/a> <\/strong><\/p>\n","protected":false},"excerpt":{"rendered":"<p>Lokalforeningen er oprettet 24. oktober 2013. Lokalforeningen har til huse p\u00e5 den gamle artillerikaserne i Holb\u00e6k p\u00e5 adressen:Anders Larsensvej 54300<\/p>\n","protected":false},"author":1,"featured_media":0,"parent":368,"menu_order":11,"comment_status":"closed","ping_status":"closed","template":"","meta":[],"_links":{"self":[{"href":"https:\/\/old.danmarksveteraner.dk\/wordpress\/index.php?rest_route=\/wp\/v2\/pages\/400"}],"collection":[{"href":"https:\/\/old.danmarksveteraner.dk\/wordpress\/index.php?rest_route=\/wp\/v2\/pages"}],"about":[{"href":"https:\/\/old.danmarksveteraner.dk\/wordpress\/index.php?rest_route=\/wp\/v2\/types\/page"}],"author":[{"embeddable":true,"href":"https:\/\/old.danmarksveteraner.dk\/wordpress\/index.php?rest_route=\/wp\/v2\/users\/1"}],"replies":[{"embeddable":true,"href":"https:\/\/old.danmarksveteraner.dk\/wordpress\/index.php?rest_route=%2Fwp%2Fv2%2Fcomments&post=400"}],"version-history":[{"count":17,"href":"https:\/\/old.danmarksveteraner.dk\/wordpress\/index.php?rest_route=\/wp\/v2\/pages\/400\/revisions"}],"predecessor-version":[{"id":9921,"href":"https:\/\/old.danmarksveteraner.dk\/wordpress\/index.php?rest_route=\/wp\/v2\/pages\/400\/revisions\/9921"}],"up":[{"embeddable":true,"href":"https:\/\/old.danmarksveteraner.dk\/wordpress\/index.php?rest_route=\/wp\/v2\/pages\/368"}],"wp:attachment":[{"href":"https:\/\/old.danmarksveteraner.dk\/wordpress\/index.php?rest_route=%2Fwp%2Fv2%2Fmedia&parent=400"}],"curies":[{"name":"wp","href":"https:\/\/api.w.org\/{rel}","templated":true}]}}