{"id":396,"date":"2016-03-01T08:33:40","date_gmt":"2016-03-01T08:33:40","guid":{"rendered":"https:\/\/danmarksveteraner.dk\/wordpress\/?page_id=396"},"modified":"2022-09-24T18:11:59","modified_gmt":"2022-09-24T16:11:59","slug":"nordsjaelland","status":"publish","type":"page","link":"https:\/\/old.danmarksveteraner.dk\/wordpress\/?page_id=396","title":{"rendered":"Nordsj\u00e6lland"},"content":{"rendered":"\n<p> Stiftet den 14. august 1989. <\/p>\n\n\n\n<figure class=\"wp-block-table\"><table class=\"has-fixed-layout\"><tbody><tr><td>Formand:<\/td><td>Kasserer<\/td><\/tr><tr><td>Steen Schutz<br>Dyrl\u00e6geg\u00e5rds All\u00e9 17<br>3600 Frederikssund<br>Telefon: 40 86 03 29<br>Email:&nbsp;<a href=\"mailto:nordsjaelland@danmarksveteraner.dk\">nordsjaelland@danmarksveteraner.dk<\/a> <\/td><td>Mogens Juul,<br>Kronhjortevej 6<br>Asserbo<br>3300 Frederiksv\u00e6rk.<br>Telefon: 24898342<br>Mail: <a href=\"mailto:imjuul@mail.tele.dk\">imjuul@mail.tele.dk<\/a><br>\u00a0<\/td><\/tr><\/tbody><\/table><\/figure>\n\n\n\n<p><strong><a href=\"https:\/\/nordsjaelland.danmarksveteraner.dk\/\" target=\"_blank\" rel=\"noreferrer noopener\" aria-label=\"Hjemmeside (opens in a new tab)\">Hjemmeside<\/a><\/strong> <\/p>\n","protected":false},"excerpt":{"rendered":"<p>Stiftet den 14. august 1989. Formand: Kasserer Steen SchutzDyrl\u00e6geg\u00e5rds All\u00e9 173600 FrederikssundTelefon: 40 86 03 29Email:&nbsp;nordsjaelland@danmarksveteraner.dk Mogens Juul,Kronhjortevej 6Asserbo3300 Frederiksv\u00e6rk.Telefon:<\/p>\n","protected":false},"author":1,"featured_media":0,"parent":368,"menu_order":9,"comment_status":"closed","ping_status":"closed","template":"","meta":[],"_links":{"self":[{"href":"https:\/\/old.danmarksveteraner.dk\/wordpress\/index.php?rest_route=\/wp\/v2\/pages\/396"}],"collection":[{"href":"https:\/\/old.danmarksveteraner.dk\/wordpress\/index.php?rest_route=\/wp\/v2\/pages"}],"about":[{"href":"https:\/\/old.danmarksveteraner.dk\/wordpress\/index.php?rest_route=\/wp\/v2\/types\/page"}],"author":[{"embeddable":true,"href":"https:\/\/old.danmarksveteraner.dk\/wordpress\/index.php?rest_route=\/wp\/v2\/users\/1"}],"replies":[{"embeddable":true,"href":"https:\/\/old.danmarksveteraner.dk\/wordpress\/index.php?rest_route=%2Fwp%2Fv2%2Fcomments&post=396"}],"version-history":[{"count":20,"href":"https:\/\/old.danmarksveteraner.dk\/wordpress\/index.php?rest_route=\/wp\/v2\/pages\/396\/revisions"}],"predecessor-version":[{"id":10202,"href":"https:\/\/old.danmarksveteraner.dk\/wordpress\/index.php?rest_route=\/wp\/v2\/pages\/396\/revisions\/10202"}],"up":[{"embeddable":true,"href":"https:\/\/old.danmarksveteraner.dk\/wordpress\/index.php?rest_route=\/wp\/v2\/pages\/368"}],"wp:attachment":[{"href":"https:\/\/old.danmarksveteraner.dk\/wordpress\/index.php?rest_route=%2Fwp%2Fv2%2Fmedia&parent=396"}],"curies":[{"name":"wp","href":"https:\/\/api.w.org\/{rel}","templated":true}]}}