{"id":392,"date":"2016-03-01T08:32:31","date_gmt":"2016-03-01T08:32:31","guid":{"rendered":"https:\/\/danmarksveteraner.dk\/wordpress\/?page_id=392"},"modified":"2019-12-12T07:07:29","modified_gmt":"2019-12-12T06:07:29","slug":"midtjylland","status":"publish","type":"page","link":"https:\/\/old.danmarksveteraner.dk\/wordpress\/?page_id=392","title":{"rendered":"Midtjylland"},"content":{"rendered":"\n<p>Stiftet den 26. marts 1969. <\/p>\n\n\n\n<figure class=\"wp-block-table\"><table class=\"has-fixed-layout\"><tbody><tr><td><strong>Formand:<\/strong><br>Palle Stausholm<br>Pileg\u00e5rdsvej 219<br>8361 Hasselager<br>Telefon: 4032 2931<br>Email: <a href=\"mailto:midtjylland@danmarksveteraner.dk\">midtjylland@danmarksveteraner.dk<\/a> <\/td><td><strong>Kasserer:<br><\/strong>J\u00f8rgen Damsgaard<br>\u00c5rhusvej 3<br>Tirstrup<br>8400 Ebeltoft<br>Mobil: 2029 3117<br>Email: <a href=\"mailto:damsgaard1945@hotmail.com\">damsgaard1945@hotmail.com<\/a><\/td><\/tr><\/tbody><\/table><\/figure>\n\n\n\n<p> Lokalforeningen har egen <strong><a rel=\"noreferrer noopener\" aria-label=\"HJEMMESIDE (opens in a new tab)\" href=\"https:\/\/midtjylland.danmarksveteraner.dk\/\" target=\"_blank\">HJEMMESIDE<\/a><\/strong><\/p>\n","protected":false},"excerpt":{"rendered":"<p>Stiftet den 26. marts 1969. Formand:Palle StausholmPileg\u00e5rdsvej 2198361 HasselagerTelefon: 4032 2931Email: midtjylland@danmarksveteraner.dk Kasserer:J\u00f8rgen Damsgaard\u00c5rhusvej 3Tirstrup8400 EbeltoftMobil: 2029 3117Email: damsgaard1945@hotmail.com Lokalforeningen<\/p>\n","protected":false},"author":1,"featured_media":0,"parent":368,"menu_order":7,"comment_status":"closed","ping_status":"closed","template":"","meta":[],"_links":{"self":[{"href":"https:\/\/old.danmarksveteraner.dk\/wordpress\/index.php?rest_route=\/wp\/v2\/pages\/392"}],"collection":[{"href":"https:\/\/old.danmarksveteraner.dk\/wordpress\/index.php?rest_route=\/wp\/v2\/pages"}],"about":[{"href":"https:\/\/old.danmarksveteraner.dk\/wordpress\/index.php?rest_route=\/wp\/v2\/types\/page"}],"author":[{"embeddable":true,"href":"https:\/\/old.danmarksveteraner.dk\/wordpress\/index.php?rest_route=\/wp\/v2\/users\/1"}],"replies":[{"embeddable":true,"href":"https:\/\/old.danmarksveteraner.dk\/wordpress\/index.php?rest_route=%2Fwp%2Fv2%2Fcomments&post=392"}],"version-history":[{"count":9,"href":"https:\/\/old.danmarksveteraner.dk\/wordpress\/index.php?rest_route=\/wp\/v2\/pages\/392\/revisions"}],"predecessor-version":[{"id":6378,"href":"https:\/\/old.danmarksveteraner.dk\/wordpress\/index.php?rest_route=\/wp\/v2\/pages\/392\/revisions\/6378"}],"up":[{"embeddable":true,"href":"https:\/\/old.danmarksveteraner.dk\/wordpress\/index.php?rest_route=\/wp\/v2\/pages\/368"}],"wp:attachment":[{"href":"https:\/\/old.danmarksveteraner.dk\/wordpress\/index.php?rest_route=%2Fwp%2Fv2%2Fmedia&parent=392"}],"curies":[{"name":"wp","href":"https:\/\/api.w.org\/{rel}","templated":true}]}}