{"id":389,"date":"2016-03-01T08:31:26","date_gmt":"2016-03-01T08:31:26","guid":{"rendered":"https:\/\/danmarksveteraner.dk\/wordpress\/?page_id=389"},"modified":"2021-09-20T10:29:05","modified_gmt":"2021-09-20T08:29:05","slug":"lolland-falster-moen","status":"publish","type":"page","link":"https:\/\/old.danmarksveteraner.dk\/wordpress\/?page_id=389","title":{"rendered":"Lolland, Falster &amp; M\u00f8n"},"content":{"rendered":"\n<p>Stiftet den 24. oktober 1983. <\/p>\n\n\n\n<figure class=\"wp-block-table\"><table class=\"has-fixed-layout\"><tbody><tr><td><strong>Formand<\/strong>:<br>Per Amnitzb\u00f8l Rasmussen<br>B\u00f8t\u00f8vej 154<br>4763 V\u00e6ggerl\u00f8se<br>Tlf.:\u00a04035 1333<br>Email: <a href=\"mailto:lfm@danmarksveteraner.dk\">lfm@danmarksveteraner.dk<\/a> <\/td><td><strong>Kasserer<\/strong>:<br>Hans Pihl<br>Violvej 14<br>4900 Nakskov<br>Mobil 2944 0008<br>Email: <a href=\"mailto:hapivi14@mail.com\">hapivi14@mail.com<\/a> <\/td><\/tr><\/tbody><\/table><\/figure>\n\n\n\n<p> Foreningens egen <strong><a href=\"https:\/\/lfm.danmarksveteraner.dk\/wordpress\/\" target=\"_blank\" rel=\"noreferrer noopener\">HJEMMESIDE <\/a><\/strong><\/p>\n","protected":false},"excerpt":{"rendered":"<p>Stiftet den 24. oktober 1983. Formand:Per Amnitzb\u00f8l RasmussenB\u00f8t\u00f8vej 1544763 V\u00e6ggerl\u00f8seTlf.:\u00a04035 1333Email: lfm@danmarksveteraner.dk Kasserer:Hans PihlViolvej 144900 NakskovMobil 2944 0008Email: hapivi14@mail.com Foreningens<\/p>\n","protected":false},"author":1,"featured_media":0,"parent":368,"menu_order":6,"comment_status":"closed","ping_status":"closed","template":"","meta":[],"_links":{"self":[{"href":"https:\/\/old.danmarksveteraner.dk\/wordpress\/index.php?rest_route=\/wp\/v2\/pages\/389"}],"collection":[{"href":"https:\/\/old.danmarksveteraner.dk\/wordpress\/index.php?rest_route=\/wp\/v2\/pages"}],"about":[{"href":"https:\/\/old.danmarksveteraner.dk\/wordpress\/index.php?rest_route=\/wp\/v2\/types\/page"}],"author":[{"embeddable":true,"href":"https:\/\/old.danmarksveteraner.dk\/wordpress\/index.php?rest_route=\/wp\/v2\/users\/1"}],"replies":[{"embeddable":true,"href":"https:\/\/old.danmarksveteraner.dk\/wordpress\/index.php?rest_route=%2Fwp%2Fv2%2Fcomments&post=389"}],"version-history":[{"count":12,"href":"https:\/\/old.danmarksveteraner.dk\/wordpress\/index.php?rest_route=\/wp\/v2\/pages\/389\/revisions"}],"predecessor-version":[{"id":9224,"href":"https:\/\/old.danmarksveteraner.dk\/wordpress\/index.php?rest_route=\/wp\/v2\/pages\/389\/revisions\/9224"}],"up":[{"embeddable":true,"href":"https:\/\/old.danmarksveteraner.dk\/wordpress\/index.php?rest_route=\/wp\/v2\/pages\/368"}],"wp:attachment":[{"href":"https:\/\/old.danmarksveteraner.dk\/wordpress\/index.php?rest_route=%2Fwp%2Fv2%2Fmedia&parent=389"}],"curies":[{"name":"wp","href":"https:\/\/api.w.org\/{rel}","templated":true}]}}