{"id":381,"date":"2016-03-01T08:29:34","date_gmt":"2016-03-01T08:29:34","guid":{"rendered":"https:\/\/danmarksveteraner.dk\/wordpress\/?page_id=381"},"modified":"2021-05-08T09:21:13","modified_gmt":"2021-05-08T07:21:13","slug":"fyn","status":"publish","type":"page","link":"https:\/\/old.danmarksveteraner.dk\/wordpress\/?page_id=381","title":{"rendered":"Fyn"},"content":{"rendered":"\n<p> Stiftet den 9. september 1969. <\/p>\n\n\n\n<figure class=\"wp-block-table\"><table class=\"has-fixed-layout\"><tbody><tr><td><strong>Formand:<\/strong><br>J\u00f8rgen Emdal Larsen<br>Klokkerv\u00e6nget 9, N\u00e6sby<br>5270 Odense N<br>Tlf. 40 83 73 65<br>Email: <a href=\"mailto:fyn@danmarksveteraner.dk\">fyn@danmarksveteraner.dk<\/a> <\/td><td><strong>Kasserer:<\/strong><br>Preben Birk<br>Sl\u00e5enhaven 227<br>5240 Odense N\u00d8<br>Mobil 29 61 57 05<br>Email: <a rel=\"noreferrer noopener\" href=\"mailto:birk-olsen@get2net.dk\" target=\"_blank\">birk-olsen@get2net.dk<\/a> <\/td><\/tr><\/tbody><\/table><\/figure>\n\n\n\n<p> Se Lokalforening Fyn&#8217;s <a href=\"https:\/\/fyn.danmarksveteraner.dk\" target=\"_blank\" rel=\"noreferrer noopener\">HJEMMESIDE<\/a> <\/p>\n","protected":false},"excerpt":{"rendered":"<p>Stiftet den 9. september 1969. Formand:J\u00f8rgen Emdal LarsenKlokkerv\u00e6nget 9, N\u00e6sby5270 Odense NTlf. 40 83 73 65Email: fyn@danmarksveteraner.dk Kasserer:Preben BirkSl\u00e5enhaven 2275240<\/p>\n","protected":false},"author":1,"featured_media":0,"parent":368,"menu_order":2,"comment_status":"closed","ping_status":"closed","template":"","meta":[],"_links":{"self":[{"href":"https:\/\/old.danmarksveteraner.dk\/wordpress\/index.php?rest_route=\/wp\/v2\/pages\/381"}],"collection":[{"href":"https:\/\/old.danmarksveteraner.dk\/wordpress\/index.php?rest_route=\/wp\/v2\/pages"}],"about":[{"href":"https:\/\/old.danmarksveteraner.dk\/wordpress\/index.php?rest_route=\/wp\/v2\/types\/page"}],"author":[{"embeddable":true,"href":"https:\/\/old.danmarksveteraner.dk\/wordpress\/index.php?rest_route=\/wp\/v2\/users\/1"}],"replies":[{"embeddable":true,"href":"https:\/\/old.danmarksveteraner.dk\/wordpress\/index.php?rest_route=%2Fwp%2Fv2%2Fcomments&post=381"}],"version-history":[{"count":10,"href":"https:\/\/old.danmarksveteraner.dk\/wordpress\/index.php?rest_route=\/wp\/v2\/pages\/381\/revisions"}],"predecessor-version":[{"id":8687,"href":"https:\/\/old.danmarksveteraner.dk\/wordpress\/index.php?rest_route=\/wp\/v2\/pages\/381\/revisions\/8687"}],"up":[{"embeddable":true,"href":"https:\/\/old.danmarksveteraner.dk\/wordpress\/index.php?rest_route=\/wp\/v2\/pages\/368"}],"wp:attachment":[{"href":"https:\/\/old.danmarksveteraner.dk\/wordpress\/index.php?rest_route=%2Fwp%2Fv2%2Fmedia&parent=381"}],"curies":[{"name":"wp","href":"https:\/\/api.w.org\/{rel}","templated":true}]}}