{"id":3763,"date":"2018-05-25T06:55:47","date_gmt":"2018-05-25T04:55:47","guid":{"rendered":"https:\/\/danmarksveteraner.dk\/wordpress\/?page_id=3763"},"modified":"2018-06-16T11:10:17","modified_gmt":"2018-06-16T09:10:17","slug":"samtykkeerklaering","status":"publish","type":"page","link":"https:\/\/old.danmarksveteraner.dk\/wordpress\/?page_id=3763","title":{"rendered":"Samtykkeerkl\u00e6ring aktiviteter"},"content":{"rendered":"<p><strong>Samtykkeerkl\u00e6ring vedr\u00f8rende brug af personlige oplysninger<\/strong><\/p>\n<p>Jeg giver hermed samtykke til, at Danmarks Veteraner m\u00e5 anvende de i tilmeldingsformularen anf\u00f8rte oplysninger i f.m. planl\u00e6gning, gennemf\u00f8relse og evaluering af p\u00e5g\u00e6ldende aktivitet. Oplysningerne anvendes i henhold til Danmarks Veteraners Persondatapolitik, der kan l\u00e6ses p\u00e5 <a href=\"https:\/\/danmarksveteraner.dk\/wordpress\/?page_id=3714\">DENNE SIDE. <\/a> Jeg er bekendt med, at jeg til enhver tid kan tilbagekalde mit samtykke, og at jeg s\u00e5 fraskriver mig retten til at deltage.<\/p>\n<p><strong>Den registreredes rettigheder<\/strong><\/p>\n<p>Jeg m\u00e5 til hver en tid kontakte Danmarks Veteraner med foresp\u00f8rgsler om h\u00e5ndh\u00e6velse af f\u00f8lgende rettigheder:<\/p>\n<ul>\n<li>Retten til indsigt: Jeg har ret til at f\u00e5 indsigt i mine personlige oplysninger, som den dataansvarlige behandler.<\/li>\n<li>Retten til berigtigelse: Jeg har retten til at berigtige mine personlige oplysninger, som den dataansvarlige behandler.<\/li>\n<li>Retten til at blive glemt\/sletning: Jeg har retten til at f\u00e5 slettet mine personlige oplysninger, som den dataansvarlige behandler.<\/li>\n<li>Retten til dataportabilitet: Jeg har retten til at modtage mine oplysninger, som den dataansvarlige behandler, i et maskinl\u00e6sbart format.<\/li>\n<li>Retten til begr\u00e6nsning af behandlingen: Jeg har ret til at g\u00f8re indsigelser og s\u00e6tte restriktioner for behandlingen af mine personlige oplysninger, som den dataansvarlige behandler.<\/li>\n<\/ul>\n","protected":false},"excerpt":{"rendered":"<p>Samtykkeerkl\u00e6ring vedr\u00f8rende brug af personlige oplysninger Jeg giver hermed samtykke til, at Danmarks Veteraner m\u00e5 anvende de i tilmeldingsformularen anf\u00f8rte<\/p>\n","protected":false},"author":1,"featured_media":0,"parent":3714,"menu_order":2,"comment_status":"closed","ping_status":"closed","template":"","meta":[],"_links":{"self":[{"href":"https:\/\/old.danmarksveteraner.dk\/wordpress\/index.php?rest_route=\/wp\/v2\/pages\/3763"}],"collection":[{"href":"https:\/\/old.danmarksveteraner.dk\/wordpress\/index.php?rest_route=\/wp\/v2\/pages"}],"about":[{"href":"https:\/\/old.danmarksveteraner.dk\/wordpress\/index.php?rest_route=\/wp\/v2\/types\/page"}],"author":[{"embeddable":true,"href":"https:\/\/old.danmarksveteraner.dk\/wordpress\/index.php?rest_route=\/wp\/v2\/users\/1"}],"replies":[{"embeddable":true,"href":"https:\/\/old.danmarksveteraner.dk\/wordpress\/index.php?rest_route=%2Fwp%2Fv2%2Fcomments&post=3763"}],"version-history":[{"count":5,"href":"https:\/\/old.danmarksveteraner.dk\/wordpress\/index.php?rest_route=\/wp\/v2\/pages\/3763\/revisions"}],"predecessor-version":[{"id":3835,"href":"https:\/\/old.danmarksveteraner.dk\/wordpress\/index.php?rest_route=\/wp\/v2\/pages\/3763\/revisions\/3835"}],"up":[{"embeddable":true,"href":"https:\/\/old.danmarksveteraner.dk\/wordpress\/index.php?rest_route=\/wp\/v2\/pages\/3714"}],"wp:attachment":[{"href":"https:\/\/old.danmarksveteraner.dk\/wordpress\/index.php?rest_route=%2Fwp%2Fv2%2Fmedia&parent=3763"}],"curies":[{"name":"wp","href":"https:\/\/api.w.org\/{rel}","templated":true}]}}