{"id":372,"date":"2016-02-27T11:22:58","date_gmt":"2016-02-27T11:22:58","guid":{"rendered":"https:\/\/danmarksveteraner.dk\/wordpress\/?page_id=372"},"modified":"2022-07-08T08:13:59","modified_gmt":"2022-07-08T06:13:59","slug":"bornholm","status":"publish","type":"page","link":"https:\/\/old.danmarksveteraner.dk\/wordpress\/?page_id=372","title":{"rendered":"Bornholm"},"content":{"rendered":"\n<p>Stiftet 3. oktober 1969<\/p>\n\n\n\n<figure class=\"wp-block-table aligncenter\"><table class=\"has-fixed-layout\"><tbody><tr><td><strong>Formand:<\/strong><br>Helge Hansen<br>P\u00e6retr\u00e6sdalen 33<br>3700 R\u00f8nne<br>Tlf.: 2426 8905<br>Email: <a href=\"mailto:bornholm@danmarksveteraner.dk\">bornholm@danmarksveteraner.dk<\/a> <\/td><td>Kasserer:<br>Knud Oskar Andersen Veje<br>Teglg\u00e5rdsvej 12<br>3700 R\u00f8nne<br>Tlf.: 2258522<br>Email: rkveje@pc.dk <\/td><\/tr><\/tbody><\/table><\/figure>\n\n\n\n<p> Se lokalforeningens <a href=\"https:\/\/bornholm.danmarksveteraner.dk\" target=\"_blank\" rel=\"noreferrer noopener\">HJEMMESIDE<\/a> for flere informationer <\/p>\n","protected":false},"excerpt":{"rendered":"<p>Stiftet 3. oktober 1969 Formand:Helge HansenP\u00e6retr\u00e6sdalen 333700 R\u00f8nneTlf.: 2426 8905Email: bornholm@danmarksveteraner.dk Kasserer:Knud Oskar Andersen VejeTeglg\u00e5rdsvej 123700 R\u00f8nneTlf.: 2258522Email: rkveje@pc.dk Se<\/p>\n","protected":false},"author":1,"featured_media":0,"parent":368,"menu_order":1,"comment_status":"closed","ping_status":"closed","template":"","meta":[],"_links":{"self":[{"href":"https:\/\/old.danmarksveteraner.dk\/wordpress\/index.php?rest_route=\/wp\/v2\/pages\/372"}],"collection":[{"href":"https:\/\/old.danmarksveteraner.dk\/wordpress\/index.php?rest_route=\/wp\/v2\/pages"}],"about":[{"href":"https:\/\/old.danmarksveteraner.dk\/wordpress\/index.php?rest_route=\/wp\/v2\/types\/page"}],"author":[{"embeddable":true,"href":"https:\/\/old.danmarksveteraner.dk\/wordpress\/index.php?rest_route=\/wp\/v2\/users\/1"}],"replies":[{"embeddable":true,"href":"https:\/\/old.danmarksveteraner.dk\/wordpress\/index.php?rest_route=%2Fwp%2Fv2%2Fcomments&post=372"}],"version-history":[{"count":22,"href":"https:\/\/old.danmarksveteraner.dk\/wordpress\/index.php?rest_route=\/wp\/v2\/pages\/372\/revisions"}],"predecessor-version":[{"id":9924,"href":"https:\/\/old.danmarksveteraner.dk\/wordpress\/index.php?rest_route=\/wp\/v2\/pages\/372\/revisions\/9924"}],"up":[{"embeddable":true,"href":"https:\/\/old.danmarksveteraner.dk\/wordpress\/index.php?rest_route=\/wp\/v2\/pages\/368"}],"wp:attachment":[{"href":"https:\/\/old.danmarksveteraner.dk\/wordpress\/index.php?rest_route=%2Fwp%2Fv2%2Fmedia&parent=372"}],"curies":[{"name":"wp","href":"https:\/\/api.w.org\/{rel}","templated":true}]}}