{"id":3714,"date":"2018-05-22T10:00:23","date_gmt":"2018-05-22T08:00:23","guid":{"rendered":"https:\/\/danmarksveteraner.dk\/wordpress\/?page_id=3714"},"modified":"2019-11-22T06:44:12","modified_gmt":"2019-11-22T05:44:12","slug":"forvaltning-af-persondata","status":"publish","type":"page","link":"https:\/\/old.danmarksveteraner.dk\/wordpress\/?page_id=3714","title":{"rendered":"Forvaltning af persondata"},"content":{"rendered":"<p>Danmarks Veteraner er som andre foreninger og virksomheder underlagt den nye persondatalov (GPDR), der tr\u00e5dte i kraft 25. maj 2018. For at leve op til loven, har Danmarks Veteraner udarbejdet to direktiver. Et direktiv for h\u00e5ndtering af persondata generelt og et direktiv for lokalforeningernes h\u00e5ndtering af persondata. Du kan l\u00e6se de to direktiver nedenfor:<\/p>\n<ul>\n<li><a href=\"https:\/\/danmarksveteraner.dk\/wordpress\/wp-content\/uploads\/2019\/10\/Danmarks-Veteraners-persondatapolitik.pdf\" target=\"_blank\" rel=\"noopener noreferrer\"><strong>Danmarks Veteraners persondatadirektiv<\/strong><\/a><\/li>\n<li><a href=\"https:\/\/danmarksveteraner.dk\/wordpress\/wp-content\/uploads\/2019\/10\/Direktiv-for-h\u00e5ndtering-af-personoplysninger-i-lokalforeninger.pdf\" target=\"_blank\" rel=\"noopener noreferrer\"><strong>Direktiv for h\u00e5ndtering af&nbsp;personoplysninger i Danmarks Veteraners lokalforeninger<\/strong><\/a><\/li>\n<\/ul>\n","protected":false},"excerpt":{"rendered":"<p>Danmarks Veteraner er som andre foreninger og virksomheder underlagt den nye persondatalov (GPDR), der tr\u00e5dte i kraft 25. maj 2018.<\/p>\n","protected":false},"author":1,"featured_media":0,"parent":5479,"menu_order":0,"comment_status":"closed","ping_status":"closed","template":"","meta":[],"_links":{"self":[{"href":"https:\/\/old.danmarksveteraner.dk\/wordpress\/index.php?rest_route=\/wp\/v2\/pages\/3714"}],"collection":[{"href":"https:\/\/old.danmarksveteraner.dk\/wordpress\/index.php?rest_route=\/wp\/v2\/pages"}],"about":[{"href":"https:\/\/old.danmarksveteraner.dk\/wordpress\/index.php?rest_route=\/wp\/v2\/types\/page"}],"author":[{"embeddable":true,"href":"https:\/\/old.danmarksveteraner.dk\/wordpress\/index.php?rest_route=\/wp\/v2\/users\/1"}],"replies":[{"embeddable":true,"href":"https:\/\/old.danmarksveteraner.dk\/wordpress\/index.php?rest_route=%2Fwp%2Fv2%2Fcomments&post=3714"}],"version-history":[{"count":8,"href":"https:\/\/old.danmarksveteraner.dk\/wordpress\/index.php?rest_route=\/wp\/v2\/pages\/3714\/revisions"}],"predecessor-version":[{"id":5981,"href":"https:\/\/old.danmarksveteraner.dk\/wordpress\/index.php?rest_route=\/wp\/v2\/pages\/3714\/revisions\/5981"}],"up":[{"embeddable":true,"href":"https:\/\/old.danmarksveteraner.dk\/wordpress\/index.php?rest_route=\/wp\/v2\/pages\/5479"}],"wp:attachment":[{"href":"https:\/\/old.danmarksveteraner.dk\/wordpress\/index.php?rest_route=%2Fwp%2Fv2%2Fmedia&parent=3714"}],"curies":[{"name":"wp","href":"https:\/\/api.w.org\/{rel}","templated":true}]}}