{"id":32,"date":"2016-01-15T12:15:04","date_gmt":"2016-01-15T12:15:04","guid":{"rendered":"https:\/\/danmarksveteraner.dk\/wordpress\/?page_id=32"},"modified":"2020-01-21T12:41:19","modified_gmt":"2020-01-21T11:41:19","slug":"administration","status":"publish","type":"page","link":"https:\/\/old.danmarksveteraner.dk\/wordpress\/?page_id=32","title":{"rendered":"Administration"},"content":{"rendered":"<p style=\"text-align: left;\">Som i alle foreninger er der en hel del administration ved at k\u00f8re foreningen. Alt administrativt er samlet p\u00e5 dette og dets underfaners sider. Du kan ogs\u00e5 tilg\u00e5 indholdet af de administrative regler ved at f\u00f8lge de links som er anf\u00f8rt nedenfor.<\/p>\n<ul>\n<li><strong><a href=\"https:\/\/onedrive.live.com\/redir?resid=8A0FDCF5AF46E3AA!10110&amp;authkey=!AMdQpASlzGQK_cY&amp;ithint=file%2cpdf\" target=\"_blank\" rel=\"noopener noreferrer\">Vedt\u00e6gter for Danmarks Veteraner &#8211; Danmarks Internationale Veteranorganisation<\/a><\/strong><\/li>\n<li><strong><a href=\"https:\/\/danmarksveteraner.dk\/wordpress\/?page_id=5479\" target=\"_blank\" rel=\"noopener noreferrer\">Blivende Bestemmelser<\/a><\/strong><\/li>\n<li><strong><a href=\"https:\/\/danmarksveteraner.dk\/wordpress\/?page_id=88\">Medlemskab<\/a><\/strong><\/li>\n<li><a href=\"https:\/\/danmarksveteraner.dk\/wordpress\/?page_id=717\"><strong>Har du f\u00e5et dit veteranm\u00e6rke (revers udgave)<\/strong><\/a><\/li>\n<li><a href=\"https:\/\/danmarksveteraner.dk\/wordpress\/?page_id=721\"><strong>Logoer &#8211;\u00a0Blanketter &#8211; Afregningsskemaer m.v.<\/strong><\/a><\/li>\n<li><a href=\"https:\/\/danmarksveteraner.dk\/wordpress\/?page_id=730\"><strong>Anmodning om st\u00f8tte<\/strong><\/a><\/li>\n<\/ul>\n","protected":false},"excerpt":{"rendered":"<p>Som i alle foreninger er der en hel del administration ved at k\u00f8re foreningen. Alt administrativt er samlet p\u00e5 dette<\/p>\n","protected":false},"author":1,"featured_media":0,"parent":5232,"menu_order":2,"comment_status":"closed","ping_status":"closed","template":"","meta":[],"_links":{"self":[{"href":"https:\/\/old.danmarksveteraner.dk\/wordpress\/index.php?rest_route=\/wp\/v2\/pages\/32"}],"collection":[{"href":"https:\/\/old.danmarksveteraner.dk\/wordpress\/index.php?rest_route=\/wp\/v2\/pages"}],"about":[{"href":"https:\/\/old.danmarksveteraner.dk\/wordpress\/index.php?rest_route=\/wp\/v2\/types\/page"}],"author":[{"embeddable":true,"href":"https:\/\/old.danmarksveteraner.dk\/wordpress\/index.php?rest_route=\/wp\/v2\/users\/1"}],"replies":[{"embeddable":true,"href":"https:\/\/old.danmarksveteraner.dk\/wordpress\/index.php?rest_route=%2Fwp%2Fv2%2Fcomments&post=32"}],"version-history":[{"count":16,"href":"https:\/\/old.danmarksveteraner.dk\/wordpress\/index.php?rest_route=\/wp\/v2\/pages\/32\/revisions"}],"predecessor-version":[{"id":7096,"href":"https:\/\/old.danmarksveteraner.dk\/wordpress\/index.php?rest_route=\/wp\/v2\/pages\/32\/revisions\/7096"}],"up":[{"embeddable":true,"href":"https:\/\/old.danmarksveteraner.dk\/wordpress\/index.php?rest_route=\/wp\/v2\/pages\/5232"}],"wp:attachment":[{"href":"https:\/\/old.danmarksveteraner.dk\/wordpress\/index.php?rest_route=%2Fwp%2Fv2%2Fmedia&parent=32"}],"curies":[{"name":"wp","href":"https:\/\/api.w.org\/{rel}","templated":true}]}}