{"id":3021,"date":"2017-10-08T16:53:00","date_gmt":"2017-10-08T14:53:00","guid":{"rendered":"https:\/\/danmarksveteraner.dk\/wordpress\/?page_id=3021"},"modified":"2019-01-10T07:27:16","modified_gmt":"2019-01-10T06:27:16","slug":"logbuy","status":"publish","type":"page","link":"https:\/\/old.danmarksveteraner.dk\/wordpress\/?page_id=3021","title":{"rendered":"LogBuy"},"content":{"rendered":"<h4>Hvad er LogBuy?<\/h4>\n<ul>\n<li>LogBuy er vores fordelsportal.<\/li>\n<li>Du kan spare penge p\u00e5 masser af gode rabataftaler.<\/li>\n<li>Med LogBuy f\u00e5r du adgang til attraktive rabatter i over 2.800 butikker og webshops i hele landet.<\/li>\n<li>Med LogBuy kan du spare masser af penge p\u00e5 alt fra fitness og ferierejser til m\u00f8bler og maling.<\/li>\n<li>Du kan, n\u00e5r du er tilmeldt, se flere tilbud p\u00e5 <a href=\"https:\/\/www.mylogbuy.dk\/\" target=\"_blank\" rel=\"noopener\">mylogbuy.dk<\/a><\/li>\n<\/ul>\n<p>For at kunne benytte LogBuy skal du oprette en profil p\u00e5 deres hjemmeside.<\/p>\n<h5>Opret profil<\/h5>\n<ol>\n<li>Log ind p\u00e5 LogBuy hjemmeside <a href=\"https:\/\/www.mylogbuy.com\/\" target=\"_blank\" rel=\"noopener\">www.mylogbuy.com<\/a><\/li>\n<li>Opret din profil\n<ol>\n<li>Som firma anf\u00f8res enten Forsvaret eller Beredskabsstyrelsen<\/li>\n<li>Som mail anf\u00f8res privat e-mail adresse (mil.dk m\u00e5 ikke l\u00e6ngere anvendes)<\/li>\n<li>Som l\u00f8nnummer indtastes MA-nummer for ansatte i forsvaret, \u00f8vrige veteraner indtaster xxxxxx<\/li>\n<\/ol>\n<\/li>\n<li>N\u00e5r du har afsendt tilmelding ved et tryk p\u00e5 Opret profil,\u00a0kommer ans\u00f8ger op til godkendelse i LogBuy\u2019s HR-HUB, hvor sagsbehandler Forsvarets Personalestyrelse dagligt godkender ans\u00f8gere.<\/li>\n<li>Efter godkendelse sendes automatisk mail fra LogBuy til ans\u00f8ger om, at ordning er tilg\u00e6ngelig.<\/li>\n<li>Herefter er du tilmeldt og kan benytte dig af tilbud.<\/li>\n<\/ol>\n","protected":false},"excerpt":{"rendered":"<p>Hvad er LogBuy? LogBuy er vores fordelsportal. Du kan spare penge p\u00e5 masser af gode rabataftaler. Med LogBuy f\u00e5r du<\/p>\n","protected":false},"author":1,"featured_media":0,"parent":2962,"menu_order":1,"comment_status":"closed","ping_status":"closed","template":"","meta":[],"_links":{"self":[{"href":"https:\/\/old.danmarksveteraner.dk\/wordpress\/index.php?rest_route=\/wp\/v2\/pages\/3021"}],"collection":[{"href":"https:\/\/old.danmarksveteraner.dk\/wordpress\/index.php?rest_route=\/wp\/v2\/pages"}],"about":[{"href":"https:\/\/old.danmarksveteraner.dk\/wordpress\/index.php?rest_route=\/wp\/v2\/types\/page"}],"author":[{"embeddable":true,"href":"https:\/\/old.danmarksveteraner.dk\/wordpress\/index.php?rest_route=\/wp\/v2\/users\/1"}],"replies":[{"embeddable":true,"href":"https:\/\/old.danmarksveteraner.dk\/wordpress\/index.php?rest_route=%2Fwp%2Fv2%2Fcomments&post=3021"}],"version-history":[{"count":2,"href":"https:\/\/old.danmarksveteraner.dk\/wordpress\/index.php?rest_route=\/wp\/v2\/pages\/3021\/revisions"}],"predecessor-version":[{"id":4576,"href":"https:\/\/old.danmarksveteraner.dk\/wordpress\/index.php?rest_route=\/wp\/v2\/pages\/3021\/revisions\/4576"}],"up":[{"embeddable":true,"href":"https:\/\/old.danmarksveteraner.dk\/wordpress\/index.php?rest_route=\/wp\/v2\/pages\/2962"}],"wp:attachment":[{"href":"https:\/\/old.danmarksveteraner.dk\/wordpress\/index.php?rest_route=%2Fwp%2Fv2%2Fmedia&parent=3021"}],"curies":[{"name":"wp","href":"https:\/\/api.w.org\/{rel}","templated":true}]}}