{"id":30,"date":"2016-01-15T11:59:13","date_gmt":"2016-01-15T11:59:13","guid":{"rendered":"https:\/\/danmarksveteraner.dk\/wordpress\/?page_id=30"},"modified":"2019-09-21T16:47:36","modified_gmt":"2019-09-21T14:47:36","slug":"organisation","status":"publish","type":"page","link":"https:\/\/old.danmarksveteraner.dk\/wordpress\/?page_id=30","title":{"rendered":"Organisation"},"content":{"rendered":"\n<h4>Hvem er vi<\/h4>\n\n\n\n<ul><li><strong><a rel=\"noreferrer noopener\" aria-label=\"Repr\u00e6sentantskabet \u2028 (opens in a new tab)\" href=\"https:\/\/danmarksveteraner.dk\/wordpress\/?page_id=146\" target=\"_blank\">Repr\u00e6sentantskabet <\/a><\/strong><ul><li><strong><a rel=\"noreferrer noopener\" aria-label=\"Referater fra repr\u00e6sentantskabsm\u00f8der \u2028 (opens in a new tab)\" href=\"https:\/\/danmarksveteraner.dk\/wordpress\/?page_id=150\" target=\"_blank\">Referater fra repr\u00e6sentantskabsm\u00f8der <\/a><\/strong><\/li><\/ul><\/li><li><strong><a rel=\"noreferrer noopener\" aria-label=\"Hovedbestyrelsen \u2028 (opens in a new tab)\" href=\"https:\/\/danmarksveteraner.dk\/wordpress\/?page_id=138\" target=\"_blank\">Hovedbestyrelsen <\/a><\/strong><ul><li><strong><a href=\"https:\/\/danmarksveteraner.dk\/wordpress\/?page_id=96\">Medlemmer af hovedbestyrelsen<\/a><\/strong><\/li><li><strong><a rel=\"noreferrer noopener\" aria-label=\"Referater fra hovedbestyrelsesm\u00f8der \u2028 (opens in a new tab)\" href=\"https:\/\/danmarksveteraner.dk\/wordpress\/?page_id=143\" target=\"_blank\">Referater fra hovedbestyrelsesm\u00f8der <\/a><\/strong><\/li><\/ul><\/li><li><strong><a rel=\"noreferrer noopener\" aria-label=\"Formandsm\u00f8der  (opens in a new tab)\" href=\"https:\/\/danmarksveteraner.dk\/wordpress\/?page_id=152\" target=\"_blank\">Formandsm\u00f8der <\/a><\/strong><ul><li><strong><a href=\"https:\/\/danmarksveteraner.dk\/wordpress\/?page_id=156\" target=\"_blank\" rel=\"noreferrer noopener\" aria-label=\"Referater fra formandsm\u00f8der m.v.  (opens in a new tab)\">Referater fra formandsm\u00f8der m.v. <\/a><\/strong><\/li><\/ul><\/li><\/ul>\n","protected":false},"excerpt":{"rendered":"<p>Hvem er vi Repr\u00e6sentantskabet Referater fra repr\u00e6sentantskabsm\u00f8der Hovedbestyrelsen Medlemmer af hovedbestyrelsen Referater fra hovedbestyrelsesm\u00f8der Formandsm\u00f8der Referater fra formandsm\u00f8der m.v.<\/p>\n","protected":false},"author":1,"featured_media":0,"parent":5232,"menu_order":1,"comment_status":"closed","ping_status":"closed","template":"","meta":[],"_links":{"self":[{"href":"https:\/\/old.danmarksveteraner.dk\/wordpress\/index.php?rest_route=\/wp\/v2\/pages\/30"}],"collection":[{"href":"https:\/\/old.danmarksveteraner.dk\/wordpress\/index.php?rest_route=\/wp\/v2\/pages"}],"about":[{"href":"https:\/\/old.danmarksveteraner.dk\/wordpress\/index.php?rest_route=\/wp\/v2\/types\/page"}],"author":[{"embeddable":true,"href":"https:\/\/old.danmarksveteraner.dk\/wordpress\/index.php?rest_route=\/wp\/v2\/users\/1"}],"replies":[{"embeddable":true,"href":"https:\/\/old.danmarksveteraner.dk\/wordpress\/index.php?rest_route=%2Fwp%2Fv2%2Fcomments&post=30"}],"version-history":[{"count":5,"href":"https:\/\/old.danmarksveteraner.dk\/wordpress\/index.php?rest_route=\/wp\/v2\/pages\/30\/revisions"}],"predecessor-version":[{"id":5560,"href":"https:\/\/old.danmarksveteraner.dk\/wordpress\/index.php?rest_route=\/wp\/v2\/pages\/30\/revisions\/5560"}],"up":[{"embeddable":true,"href":"https:\/\/old.danmarksveteraner.dk\/wordpress\/index.php?rest_route=\/wp\/v2\/pages\/5232"}],"wp:attachment":[{"href":"https:\/\/old.danmarksveteraner.dk\/wordpress\/index.php?rest_route=%2Fwp%2Fv2%2Fmedia&parent=30"}],"curies":[{"name":"wp","href":"https:\/\/api.w.org\/{rel}","templated":true}]}}