{"id":2962,"date":"2017-09-28T12:48:59","date_gmt":"2017-09-28T10:48:59","guid":{"rendered":"https:\/\/danmarksveteraner.dk\/wordpress\/?page_id=2962"},"modified":"2019-09-12T10:01:19","modified_gmt":"2019-09-12T08:01:19","slug":"rabatordninger","status":"publish","type":"page","link":"https:\/\/old.danmarksveteraner.dk\/wordpress\/?page_id=2962","title":{"rendered":"Rabatter"},"content":{"rendered":"\n<p>Som veteran har du adgang til flere rabatordninger. Her p\u00e5 hjemmesiden har vi valgt at henvise til to ordninger, nemlig LogBuy og Veterankortet.<\/p>\n\n\n\n<h4><a href=\"https:\/\/danmarksveteraner.dk\/wordpress\/?page_id=3021\" target=\"_blank\" rel=\"noreferrer noopener\" aria-label=\"Logbuy (opens in a new tab)\">Logbuy<\/a><\/h4>\n\n\n\n<p>Veteraner har adgang til de samme rabatordninger som tjenesteg\u00f8rende personel gennem LogBuy. Se mere om LogBuy og hvordan du tilmelder dig ordningen p\u00e5 dette <a href=\"https:\/\/danmarksveteraner.dk\/wordpress\/?page_id=3021\" target=\"_blank\" rel=\"noreferrer noopener\" aria-label=\"LINK (opens in a new tab)\"><strong>LINK<\/strong><\/a><\/p>\n\n\n\n<h4><a href=\"https:\/\/veterankortet.dk\" target=\"_blank\" rel=\"noreferrer noopener\" aria-label=\"Veterankortet.dk (opens in a new tab)\">Veterankortet.dk<\/a><\/h4>\n\n\n\n<p>Hvis du har et veterankort kan du ogs\u00e5 tilmelde dig en rabatordning der hedder veterankortet.dk. Du kan l\u00e6se mere om denne ordningen p\u00e5 veterankortet.dk&#8217;s hjemmeside som du kan se <a href=\"https:\/\/veterankortet.dk\" target=\"_blank\" rel=\"noreferrer noopener\" aria-label=\"HER (opens in a new tab)\"><strong>HER<\/strong><\/a><\/p>\n\n\n\n<p><\/p>\n","protected":false},"excerpt":{"rendered":"<p>Som veteran har du adgang til flere rabatordninger. Her p\u00e5 hjemmesiden har vi valgt at henvise til to ordninger, nemlig<\/p>\n","protected":false},"author":1,"featured_media":0,"parent":0,"menu_order":9,"comment_status":"closed","ping_status":"closed","template":"","meta":[],"_links":{"self":[{"href":"https:\/\/old.danmarksveteraner.dk\/wordpress\/index.php?rest_route=\/wp\/v2\/pages\/2962"}],"collection":[{"href":"https:\/\/old.danmarksveteraner.dk\/wordpress\/index.php?rest_route=\/wp\/v2\/pages"}],"about":[{"href":"https:\/\/old.danmarksveteraner.dk\/wordpress\/index.php?rest_route=\/wp\/v2\/types\/page"}],"author":[{"embeddable":true,"href":"https:\/\/old.danmarksveteraner.dk\/wordpress\/index.php?rest_route=\/wp\/v2\/users\/1"}],"replies":[{"embeddable":true,"href":"https:\/\/old.danmarksveteraner.dk\/wordpress\/index.php?rest_route=%2Fwp%2Fv2%2Fcomments&post=2962"}],"version-history":[{"count":22,"href":"https:\/\/old.danmarksveteraner.dk\/wordpress\/index.php?rest_route=\/wp\/v2\/pages\/2962\/revisions"}],"predecessor-version":[{"id":5509,"href":"https:\/\/old.danmarksveteraner.dk\/wordpress\/index.php?rest_route=\/wp\/v2\/pages\/2962\/revisions\/5509"}],"wp:attachment":[{"href":"https:\/\/old.danmarksveteraner.dk\/wordpress\/index.php?rest_route=%2Fwp%2Fv2%2Fmedia&parent=2962"}],"curies":[{"name":"wp","href":"https:\/\/api.w.org\/{rel}","templated":true}]}}