{"id":2714,"date":"2017-05-31T10:01:18","date_gmt":"2017-05-31T08:01:18","guid":{"rendered":"https:\/\/danmarksveteraner.dk\/wordpress\/?page_id=2714"},"modified":"2021-05-08T09:22:04","modified_gmt":"2021-05-08T07:22:04","slug":"foeroeerne","status":"publish","type":"page","link":"https:\/\/old.danmarksveteraner.dk\/wordpress\/?page_id=2714","title":{"rendered":"F\u00e6r\u00f8erne"},"content":{"rendered":"\n<p>Lokalafdeling F\u00e6r\u00f8erne blev stiftet 18. februar 2017.<\/p>\n\n\n\n<figure class=\"wp-block-table\"><table class=\"has-fixed-layout\"><tbody><tr><td>Formand:<br>J\u00f3han H\u00f8jgaard<br>Marinarg\u00f8ta 28<br>FO-188 Hoyv\u00edk<br>F\u00e6r\u00f8erne<br>Email: <a href=\"mailto:faeroeerne@danmarksveteraner.dk\">faeroeerne@danmarksveteraner.dk<\/a> <\/td><td><img decoding=\"async\" loading=\"lazy\" width=\"255\" height=\"169\" class=\"wp-image-6353\" style=\"width: 250px;\" src=\"https:\/\/danmarksveteraner.dk\/wordpress\/wp-content\/uploads\/2019\/12\/Kasserer.gif\" alt=\"\"><\/td><\/tr><\/tbody><\/table><\/figure>\n\n\n\n<p>Lokalafdeling F\u00e6r\u00f8ernes <a href=\"https:\/\/faroerne.danmarksveteraner.dk\" target=\"_blank\" rel=\"noreferrer noopener\"><strong>HJEMMESIDE<\/strong><\/a><\/p>\n","protected":false},"excerpt":{"rendered":"<p>Lokalafdeling F\u00e6r\u00f8erne blev stiftet 18. februar 2017. Formand:J\u00f3han H\u00f8jgaardMarinarg\u00f8ta 28FO-188 Hoyv\u00edkF\u00e6r\u00f8erneEmail: faeroeerne@danmarksveteraner.dk Lokalafdeling F\u00e6r\u00f8ernes HJEMMESIDE<\/p>\n","protected":false},"author":1,"featured_media":0,"parent":368,"menu_order":3,"comment_status":"closed","ping_status":"closed","template":"","meta":[],"_links":{"self":[{"href":"https:\/\/old.danmarksveteraner.dk\/wordpress\/index.php?rest_route=\/wp\/v2\/pages\/2714"}],"collection":[{"href":"https:\/\/old.danmarksveteraner.dk\/wordpress\/index.php?rest_route=\/wp\/v2\/pages"}],"about":[{"href":"https:\/\/old.danmarksveteraner.dk\/wordpress\/index.php?rest_route=\/wp\/v2\/types\/page"}],"author":[{"embeddable":true,"href":"https:\/\/old.danmarksveteraner.dk\/wordpress\/index.php?rest_route=\/wp\/v2\/users\/1"}],"replies":[{"embeddable":true,"href":"https:\/\/old.danmarksveteraner.dk\/wordpress\/index.php?rest_route=%2Fwp%2Fv2%2Fcomments&post=2714"}],"version-history":[{"count":16,"href":"https:\/\/old.danmarksveteraner.dk\/wordpress\/index.php?rest_route=\/wp\/v2\/pages\/2714\/revisions"}],"predecessor-version":[{"id":8688,"href":"https:\/\/old.danmarksveteraner.dk\/wordpress\/index.php?rest_route=\/wp\/v2\/pages\/2714\/revisions\/8688"}],"up":[{"embeddable":true,"href":"https:\/\/old.danmarksveteraner.dk\/wordpress\/index.php?rest_route=\/wp\/v2\/pages\/368"}],"wp:attachment":[{"href":"https:\/\/old.danmarksveteraner.dk\/wordpress\/index.php?rest_route=%2Fwp%2Fv2%2Fmedia&parent=2714"}],"curies":[{"name":"wp","href":"https:\/\/api.w.org\/{rel}","templated":true}]}}