{"id":2704,"date":"2017-05-30T20:12:57","date_gmt":"2017-05-30T18:12:57","guid":{"rendered":"https:\/\/danmarksveteraner.dk\/wordpress\/?page_id=2704"},"modified":"2018-07-06T11:02:59","modified_gmt":"2018-07-06T09:02:59","slug":"dbb-modtgere","status":"publish","type":"page","link":"https:\/\/old.danmarksveteraner.dk\/wordpress\/?page_id=2704","title":{"rendered":"Modtagere Danmarks Veteraners fortjensttegn"},"content":{"rendered":"<p>Nedenfor er der en oversigt over modtagere af Danmarks Veteraners Fortjensttegn.<\/p>\n<p>Det er muligt for brugerne at s\u00f8ge i og organisere skemaet, s\u00e5 det passer til brugerens \u00f8nsker. \u00d8verst til venstre kan antal af linjer (viste tildelinger)\u00a0v\u00e6lges. \u00d8verst til h\u00f8jre kan der indtastes s\u00f8geord fx et navn for at s\u00f8ge mere specifikt. N\u00e5r s\u00f8geord er indtastet trykkes p\u00e5 ny linje (return) p\u00e5 din pc, hvorefter s\u00f8geresultat vises.<\/p>\n<p>Endvidere er det muligt i linjen med overskrifter at organisere fx efternavne alfabetisk ved at trykke p\u00e5 pile op\/ned lige til h\u00f8jre for efternavn.<\/p>\n<p>Modtagere af Danmarks Veteraners Fortjenstegn i bronze (B), s\u00f8lv (S), guld (G)<\/p>\n<p>[table id=13 \/]<\/p>\n","protected":false},"excerpt":{"rendered":"<p>Nedenfor er der en oversigt over modtagere af Danmarks Veteraners Fortjensttegn. Det er muligt for brugerne at s\u00f8ge i og<\/p>\n","protected":false},"author":1,"featured_media":0,"parent":4048,"menu_order":3,"comment_status":"closed","ping_status":"closed","template":"","meta":[],"_links":{"self":[{"href":"https:\/\/old.danmarksveteraner.dk\/wordpress\/index.php?rest_route=\/wp\/v2\/pages\/2704"}],"collection":[{"href":"https:\/\/old.danmarksveteraner.dk\/wordpress\/index.php?rest_route=\/wp\/v2\/pages"}],"about":[{"href":"https:\/\/old.danmarksveteraner.dk\/wordpress\/index.php?rest_route=\/wp\/v2\/types\/page"}],"author":[{"embeddable":true,"href":"https:\/\/old.danmarksveteraner.dk\/wordpress\/index.php?rest_route=\/wp\/v2\/users\/1"}],"replies":[{"embeddable":true,"href":"https:\/\/old.danmarksveteraner.dk\/wordpress\/index.php?rest_route=%2Fwp%2Fv2%2Fcomments&post=2704"}],"version-history":[{"count":7,"href":"https:\/\/old.danmarksveteraner.dk\/wordpress\/index.php?rest_route=\/wp\/v2\/pages\/2704\/revisions"}],"predecessor-version":[{"id":2736,"href":"https:\/\/old.danmarksveteraner.dk\/wordpress\/index.php?rest_route=\/wp\/v2\/pages\/2704\/revisions\/2736"}],"up":[{"embeddable":true,"href":"https:\/\/old.danmarksveteraner.dk\/wordpress\/index.php?rest_route=\/wp\/v2\/pages\/4048"}],"wp:attachment":[{"href":"https:\/\/old.danmarksveteraner.dk\/wordpress\/index.php?rest_route=%2Fwp%2Fv2%2Fmedia&parent=2704"}],"curies":[{"name":"wp","href":"https:\/\/api.w.org\/{rel}","templated":true}]}}