{"id":2392,"date":"2017-02-16T06:42:45","date_gmt":"2017-02-16T05:42:45","guid":{"rendered":"https:\/\/danmarksveteraner.dk\/wordpress\/?page_id=2392"},"modified":"2018-07-06T11:02:42","modified_gmt":"2018-07-06T09:02:42","slug":"bnbb-modtagere","status":"publish","type":"page","link":"https:\/\/old.danmarksveteraner.dk\/wordpress\/?page_id=2392","title":{"rendered":"BNBB-modtagere"},"content":{"rendered":"<p>Nedenfor er alle modtagere af The Board of the Nordic Blue Berets medalje samlet i en database.<\/p>\n<p>Det er muligt for brugerne at s\u00f8ge i og organisere skemaet, s\u00e5 det passer til brugerens \u00f8nsker. \u00d8verst til venstre kan antal af linjer (viste tildelinger)\u00a0v\u00e6lges. \u00d8verst til h\u00f8jre kan der indtastes s\u00f8geord fx et \u00e5rstal eller\u00a0et navn for at s\u00f8ge mere specifikt. N\u00e5r s\u00f8geord er indtastet trykkes p\u00e5 ny linje (return) p\u00e5 din pc, hvorefter s\u00f8geresultat vises.<\/p>\n<p>Endvidere er det muligt i linjen med overskrifter at organisere fx efternavne alfabetisk ved at trykke p\u00e5 pile op\/ned lige til h\u00f8jre for efternavn.<\/p>\n<p>Nederst (under skema i venstre side) kan ses antal af tildelte medaljer totalt uanset metal. En s\u00f8gning p\u00e5 fx gold vil s\u00e5ledes nederst give antal tildelte medaljer i gold. Under skema i h\u00f8jre side er det muligt at bladre i tildelinger.<\/p>\n<p>[table id=9 \/]<\/p>\n","protected":false},"excerpt":{"rendered":"<p>Nedenfor er alle modtagere af The Board of the Nordic Blue Berets medalje samlet i en database. Det er muligt<\/p>\n","protected":false},"author":1,"featured_media":0,"parent":4048,"menu_order":2,"comment_status":"closed","ping_status":"closed","template":"","meta":[],"_links":{"self":[{"href":"https:\/\/old.danmarksveteraner.dk\/wordpress\/index.php?rest_route=\/wp\/v2\/pages\/2392"}],"collection":[{"href":"https:\/\/old.danmarksveteraner.dk\/wordpress\/index.php?rest_route=\/wp\/v2\/pages"}],"about":[{"href":"https:\/\/old.danmarksveteraner.dk\/wordpress\/index.php?rest_route=\/wp\/v2\/types\/page"}],"author":[{"embeddable":true,"href":"https:\/\/old.danmarksveteraner.dk\/wordpress\/index.php?rest_route=\/wp\/v2\/users\/1"}],"replies":[{"embeddable":true,"href":"https:\/\/old.danmarksveteraner.dk\/wordpress\/index.php?rest_route=%2Fwp%2Fv2%2Fcomments&post=2392"}],"version-history":[{"count":8,"href":"https:\/\/old.danmarksveteraner.dk\/wordpress\/index.php?rest_route=\/wp\/v2\/pages\/2392\/revisions"}],"predecessor-version":[{"id":2403,"href":"https:\/\/old.danmarksveteraner.dk\/wordpress\/index.php?rest_route=\/wp\/v2\/pages\/2392\/revisions\/2403"}],"up":[{"embeddable":true,"href":"https:\/\/old.danmarksveteraner.dk\/wordpress\/index.php?rest_route=\/wp\/v2\/pages\/4048"}],"wp:attachment":[{"href":"https:\/\/old.danmarksveteraner.dk\/wordpress\/index.php?rest_route=%2Fwp%2Fv2%2Fmedia&parent=2392"}],"curies":[{"name":"wp","href":"https:\/\/api.w.org\/{rel}","templated":true}]}}