{"id":23,"date":"2016-01-15T11:41:06","date_gmt":"2016-01-15T11:41:06","guid":{"rendered":"https:\/\/danmarksveteraner.dk\/wordpress\/?page_id=23"},"modified":"2020-10-27T15:05:51","modified_gmt":"2020-10-27T14:05:51","slug":"hvem-er-vi","status":"publish","type":"page","link":"https:\/\/old.danmarksveteraner.dk\/wordpress\/?page_id=23","title":{"rendered":"Hvem er vi"},"content":{"rendered":"\n<p><strong>Danmarks Veteraner\u00a0<\/strong>er foreningen der samler danske kvinder og m\u00e6nd i Rigsf\u00e6llesskabet som opfylder regeringens kriterier for betegnelsen \u201dveteran\u201d.<\/p>\n\n\n\n<p class=\"has-medium-font-size\">Regeringens definition 2016:<\/p>\n\n\n\n<p><strong><strong>Ved en veteran forst\u00e5s en person, der \u2013 som enkeltperson eller i en enhed \u2013 har v\u00e6ret udsendt i mindst \u00e9n international operation. Personen kan fortsat v\u00e6re ansat i forsvaret eller anden myndighed, men kan ogs\u00e5 v\u00e6re overg\u00e5et til det civile uddannelsessystem, arbejdsmarked eller andet.<\/strong><\/strong><\/p>\n\n\n\n<p>Form\u00e5let med Danmarks Veteraner er at:<\/p>\n\n\n\n<ul><li>Danne rammerne for at samle borgere i Rigsf\u00e6llesskabet, der af den danske stat har v\u00e6ret udsendt i internationale, milit\u00e6re og humanit\u00e6re operationer og opgaver, for derigennem at styrke og knytte de kammeratlige b\u00e5nd blandt danske veteraner.<\/li><li>Medvirke til oplysning om de aktiviteter, borgere i Rigsf\u00e6llesskabet deltager\/har deltaget i.<\/li><li>Anerkende og h\u00e6dre veteraner &#8211; herunder afd\u00f8de &#8211; p\u00e5 v\u00e6rdig vis.<\/li><li>St\u00f8tte veteraner, som efter hjemkomst fra internationale, milit\u00e6re og humanit\u00e6re operationer og opgaver har behov herfor, bl.a. gennem Veteranst\u00f8tten eller p\u00e5 anden m\u00e5de for at bedre forholdene for veteranerne.<\/li><li>Medvirke til at oprette og st\u00f8tte lokalforeninger og lokale initiativer.<\/li><\/ul>\n\n\n\n<p>Ovenn\u00e6vnte form\u00e5l s\u00f8ges n\u00e5et ved at:<\/p>\n\n\n\n<ul><li>Afholde lokale, nationale og internationale st\u00e6vner, m\u00f8der, sociale arrangementer og andre aktiviteter.<\/li><li>Afholde kurser og informationsm\u00f8der.<\/li><li>Udgive et medlemsblad.<\/li><li>Etablere og drive en relevant hjemmeside og andre former for sociale medieprofiler.<\/li><li>Udbrede informationer ved brug af relevante medier.<\/li><\/ul>\n\n\n\n<p>Siden 1948 har der v\u00e6ret udsendt omkring 100.000 danske m\u00e6nd og kvinder.<\/p>\n\n\n\n<p>Vilk\u00e5rene for at l\u00f8se opgaverne bliver stadig h\u00e5rdere. Langt de fleste kommer heldigvis styrkede hjem fra internationale operationer og vil efterf\u00f8lgende leve et helt normalt liv. De under udsendelsen opn\u00e5ede kompetencer, livserfaring og kammeratskab kan nyttig\u00f8res i familien, fremtidige erhverv og til gl\u00e6de og gavn for samfundet.<\/p>\n\n\n\n<p>Vi udg\u00f8r en s\u00e6rlig gruppe i det danske samfund &#8211; vi har gjort og g\u00f8r fortsat en forskel. Ved at blive medlem af vores forening, kan du bl.a. gennem sociale aktiviteter bidrage til anerkendelsen og arbejdet omkring landets veteraner.<\/p>\n\n\n\n<p>Desv\u00e6rre kommer nogle hjem med psykiske og eller fysiske skader. Foreningen arbejder for, at alle der har v\u00e6ret udsendt skal have et normalt og godt liv efter deres hjemkomst. Derfor har Danmarks Veteraner etableret <strong><a href=\"https:\/\/www.veteranst\u00f8tten.dk\">Veteranst\u00f8tten<\/a><\/strong>, der har til form\u00e5l at st\u00f8tte de af vore kammerater, der har problemer under mottoet \u201dVeteraner st\u00f8tter veteraner\u201d.<\/p>\n\n\n\n<p>Danmarks Veteraner, som er den \u00e6ldste og st\u00f8rste danske veteranorganisation, der varetager danske veteraners interesser nationalt bl.a. gennem <a href=\"https:\/\/www.fmn.dk\/Pages\/default.aspx\" target=\"_blank\" rel=\"noreferrer noopener\"><strong>Forsvarsministeriet<\/strong><\/a>, <a href=\"https:\/\/www2.forsvaret.dk\/Pages\/forside.aspx\" target=\"_blank\" rel=\"noreferrer noopener\"><strong>Forsvaret<\/strong><\/a>, <a href=\"https:\/\/www.kl.dk\/\" target=\"_blank\" rel=\"noreferrer noopener\"><strong>Kommunernes Landsforening<\/strong><\/a>, <a href=\"http:\/\/veteran.forsvaret.dk\/Pages\/forside.aspx\" target=\"_blank\" rel=\"noreferrer noopener\"><strong>Forsvarets Veterancenter<\/strong><\/a><strong>, <\/strong><a href=\"http:\/\/veteran.forsvaret.dk\/frivillige\/Pages\/Veteranforum.aspx\" target=\"_blank\" rel=\"noreferrer noopener\"><strong>Forsvarets Veteranforum<\/strong><\/a> <strong>.<\/strong><\/p>\n\n\n\n<p><strong>I<\/strong>nternationalt arbejder Danmarks Veteraner sn\u00e6vert sammen med veteranorganisationerne i de nordiske lande i rammerne af&nbsp;<strong><a rel=\"noreferrer noopener\" href=\"https:\/\/www.facebook.com\/NordicBlueBerets\/\" target=\"_blank\">The Board of the Nordic Blue Berets<\/a>,<\/strong> og yderligere samarbejder vi med veteranorganisationerne i 12 europ\u00e6iske lande i rammerne&nbsp;af <strong>The Northern European Conference on Veteran Support<\/strong>. Foreningen er den danske stemme i <a rel=\"noreferrer noopener\" href=\"http:\/\/www.wvf-fmac.org\/\" target=\"_blank\"><strong>World Veterans Federation<\/strong><\/a> der omfatter 112 lande.<\/p>\n\n\n\n<p><strong>Foreningen<\/strong><\/p>\n\n\n\n<p>Danmarks Veteraner er en landsd\u00e6kkende forening med 23 lokalforeninger. Der er i dag knap 3.300 medlemmer og medlemstallet er st\u00f8t stigende.<\/p>\n\n\n\n<p>Vedt\u00e6gterne kan l\u00e6ses <strong><a href=\"https:\/\/danmarksveteraner.dk\/wordpress\/?page_id=105\">HER<\/a><\/strong>.<\/p>\n\n\n\n<p><strong>Lokalforeningerne<\/strong><\/p>\n\n\n\n<p>De 23 lokalforeninger er der, \u201dhvor livet leves\u201d. Lokalforeningerne gennemf\u00f8rer mange forskelligartede arrangementer overalt i landet. Det skal understreges, at alle medlemmer af Danmarks Veteraner kan deltage i et hvilket som helst arrangement i samtlige lokalforeninger.<\/p>\n\n\n\n<p>Lokalforeningerne laver ogs\u00e5 arrangementer, hvor familierne kan deltage. Vi er \u201db\u00f8rnevenlige\u201d.<\/p>\n\n\n\n<p>Du kan se mere om lokalforeningerne p\u00e5 denne hjemmeside.<\/p>\n\n\n\n<p><strong>Historie<\/strong><\/p>\n\n\n\n<p>Danmarks Veteraner hed tidligere De Bl\u00e5 Baretter og blev stiftet den 26. oktober 1968 af en gruppe veteraner fra FN-missionen i Gaza, under navnet \u201dFN-Soldaterforeningen De Bl\u00e5 Baretter\u201d under f\u00f8lgende citat \u201dTil \u00e6re for den velorganiserede indsats af danske soldater, observat\u00f8rer og politifolk i FN\u00b4s fredsbevarende styrker\u201d.<\/p>\n\n\n\n<p>Fra foreningens start og til \u00e5r 2000 havde foreningen kun medlemmer fra egentlige FN indsatser. Den 23. september 2000 blev foreningens vedt\u00e6gter \u00e6ndret s\u00e5ledes, at ogs\u00e5 veteraner fra operationer i andre milit\u00e6re koalitioner kunne optages som medlemmer. I dag er foreningen \u00e5ben for alle danskere, der har v\u00e6ret udsendt i en fredsskabende, fredsst\u00f8ttende eller humanit\u00e6r mission.<\/p>\n\n\n\n<p>En af foreningens opgaver er at oplyse om den indsats, danskere har ydet internationalt. Blandt andet for at st\u00f8tte dette form\u00e5l tog medlemmer af foreningen initiativ til at oprette FN-Museet i Fr\u00f8slevlejren. Siden oprettelsen har museet udviklet sig meget professionelt og er nu en selvst\u00e6ndig organisation i samarbejde med Danmarks Veteraner.<\/p>\n","protected":false},"excerpt":{"rendered":"<p>Danmarks Veteraner\u00a0er foreningen der samler danske kvinder og m\u00e6nd i Rigsf\u00e6llesskabet som opfylder regeringens kriterier for betegnelsen \u201dveteran\u201d. Regeringens definition<\/p>\n","protected":false},"author":1,"featured_media":0,"parent":30,"menu_order":0,"comment_status":"closed","ping_status":"closed","template":"","meta":[],"_links":{"self":[{"href":"https:\/\/old.danmarksveteraner.dk\/wordpress\/index.php?rest_route=\/wp\/v2\/pages\/23"}],"collection":[{"href":"https:\/\/old.danmarksveteraner.dk\/wordpress\/index.php?rest_route=\/wp\/v2\/pages"}],"about":[{"href":"https:\/\/old.danmarksveteraner.dk\/wordpress\/index.php?rest_route=\/wp\/v2\/types\/page"}],"author":[{"embeddable":true,"href":"https:\/\/old.danmarksveteraner.dk\/wordpress\/index.php?rest_route=\/wp\/v2\/users\/1"}],"replies":[{"embeddable":true,"href":"https:\/\/old.danmarksveteraner.dk\/wordpress\/index.php?rest_route=%2Fwp%2Fv2%2Fcomments&post=23"}],"version-history":[{"count":23,"href":"https:\/\/old.danmarksveteraner.dk\/wordpress\/index.php?rest_route=\/wp\/v2\/pages\/23\/revisions"}],"predecessor-version":[{"id":7936,"href":"https:\/\/old.danmarksveteraner.dk\/wordpress\/index.php?rest_route=\/wp\/v2\/pages\/23\/revisions\/7936"}],"up":[{"embeddable":true,"href":"https:\/\/old.danmarksveteraner.dk\/wordpress\/index.php?rest_route=\/wp\/v2\/pages\/30"}],"wp:attachment":[{"href":"https:\/\/old.danmarksveteraner.dk\/wordpress\/index.php?rest_route=%2Fwp%2Fv2%2Fmedia&parent=23"}],"curies":[{"name":"wp","href":"https:\/\/api.w.org\/{rel}","templated":true}]}}