{"id":2218,"date":"2016-12-14T12:49:34","date_gmt":"2016-12-14T11:49:34","guid":{"rendered":"https:\/\/danmarksveteraner.dk\/wordpress\/?page_id=2218"},"modified":"2022-11-16T14:11:13","modified_gmt":"2022-11-16T13:11:13","slug":"test","status":"publish","type":"page","link":"https:\/\/old.danmarksveteraner.dk\/wordpress\/?page_id=2218","title":{"rendered":"Tilbud til veteraner"},"content":{"rendered":"<p style=\"text-align: left;\">19.&nbsp;december 2016 lagde Danmarks Veteraner et kort ud p\u00e5 hjemmesiden, der viste&nbsp;alle de permanente tilbud til veteraner, som&nbsp;Danmarks Veteraner havde&nbsp;kendskab til. Efterf\u00f8lgende, 5. januar 2017, har Forsvarets Veterancenter lavet et tilsvarende kort.<\/p>\n<p style=\"text-align: left;\">Danmarks Veteraner vil ikke konkurrere med Forsvarets Veterancenter om at f\u00e5 flest mulige tilbud p\u00e5 kortet. Vi vil i stedet&nbsp;samarbejde&nbsp;med Forsvarets Veterancenter&nbsp;og herved&nbsp;g\u00f8re kortet bedst muligt til gavn for&nbsp;alle veteraner. Nedenfor er det derfor&nbsp;kortet fra Forsvarets Veterancenter der vises. Dette betyder ogs\u00e5, at det for fremtiden er Forsvarets Veterancenter der st\u00e5r for opdatering og vedligeholdelse.<\/p>\n<p style=\"text-align: left;\">For at komme med p\u00e5 oversigten skal du sende en mail til: <a href=\"mailto:vetc-myn@mil.dk\">vetc-myn@mil.dk<\/a>&nbsp;med&nbsp;foreningens navn, adresse,&nbsp; evt. internetadresse.<\/p>\n<h6>S\u00e5dan bruger du kortet!<\/h6>\n<p><strong>Kortets st\u00f8rrelse<\/strong><br>\nKortet kan virke lidt sm\u00e5t afh\u00e6ngig af om du ser det p\u00e5 en pc, en tablet eller en smartphone. Du kan udvide kortet ved at klikke p\u00e5 ikonet i \u00f8verste h\u00f8jre hj\u00f8rne.<\/p>\n<p>Du kan ogs\u00e5 zoome ind p\u00e5 dit lokalomr\u00e5de ved fx at bruge +\/- tegnene i nederste venstre hj\u00f8rne. &nbsp;og s\u00e5 flytte kortet.<\/p>\n<p><strong>Valg af informationer<\/strong><br>\nOvenp\u00e5 basiskortet er der lagt forskellige lag. N\u00e5r du \u00e5bner kortet er alle lag vist, dette kan virke uoverskueligt. Heldigvis kan du filtrere i lagene, s\u00e5 lige netop de lag. med de informationer som du har brug for, vises. Det g\u00f8r du ved at klikke p\u00e5 ikonet i \u00f8verste venstre hj\u00f8rne. Nu kan du se alle de lag som er lagt p\u00e5 basiskortet.<\/p>\n<p>Valg af lag&nbsp;foreg\u00e5r ved at klikke p\u00e5 \u201dfluebenet\u201d i de r\u00f8de felter, herved kan du til-\/frav\u00e6lge informationer.<\/p>\n<hr>\n<p><iframe loading=\"lazy\" src=\"https:\/\/www.google.com\/maps\/d\/embed?mid=1BjvcJADMCwU64MYKR7YQniCHNFc\" width=\"640\" height=\"480\"><\/iframe><\/p>\n\n\n<h2>Danes Worldwide<\/h2>\n\n\n\n<p>K\u00e6re medlem af Danmarks Veteraner<\/p>\n\n\n\n<p>Med dit medlemskab af Danmarks Veteraner har du samtidig foreningsmedlemskab af Danes Worldwide.<\/p>\n\n\n\n<p>Danes Worldwide er en forening, der arbejder for at g\u00f8re det lettere at v\u00e6re global dansker i udlandet \u2013 og at vende hjem igen. Vi tilbyder danskundervisning og juridisk r\u00e5dgivning om fx familiesammenf\u00f8ring, statsborgerskab, skat og pension samt mange gratis webinarer.<\/p>\n\n\n\n<p>L\u00e6s mere om foreningens medlemstilbud p\u00e5 vores hjemmeside <a href=\"http:\/\/www.danes.dk\">www.danes.dk<\/a>. Her kan du ogs\u00e5 tilmelde dig nyhedsbrevet, hvor du h\u00f8rer nyt om politik, jura, danskundervisning og vores forskellige webinarer og arrangementer samt f\u00e5r adgang til alle vores sp\u00e6ndende artikler.<\/p>\n\n\n\n<p>S\u00e5fremt du ikke har et medlemsnummer til Danes Worldwide og \u00f8nsker at f\u00e5 adgang, s\u00e5 kontakt Danes Worldwide og modtag b\u00e5de medlemsnummer og link.<\/p>\n\n\n\n<p>Du kan kontakte Danes Worldwide p\u00e5 telefon +45 3332 0913, og l\u00e6se om foreningen p\u00e5 hjemmesiden&nbsp;<em><a href=\"https:\/\/www.danes.dk\/\" target=\"_blank\" rel=\"noreferrer noopener\">https:\/\/www.danes.dk\/<\/a><\/em><\/p>\n","protected":false},"excerpt":{"rendered":"<p>19.&nbsp;december 2016 lagde Danmarks Veteraner et kort ud p\u00e5 hjemmesiden, der viste&nbsp;alle de permanente tilbud til veteraner, som&nbsp;Danmarks Veteraner havde&nbsp;kendskab<\/p>\n","protected":false},"author":1,"featured_media":0,"parent":5232,"menu_order":3,"comment_status":"closed","ping_status":"closed","template":"","meta":[],"_links":{"self":[{"href":"https:\/\/old.danmarksveteraner.dk\/wordpress\/index.php?rest_route=\/wp\/v2\/pages\/2218"}],"collection":[{"href":"https:\/\/old.danmarksveteraner.dk\/wordpress\/index.php?rest_route=\/wp\/v2\/pages"}],"about":[{"href":"https:\/\/old.danmarksveteraner.dk\/wordpress\/index.php?rest_route=\/wp\/v2\/types\/page"}],"author":[{"embeddable":true,"href":"https:\/\/old.danmarksveteraner.dk\/wordpress\/index.php?rest_route=\/wp\/v2\/users\/1"}],"replies":[{"embeddable":true,"href":"https:\/\/old.danmarksveteraner.dk\/wordpress\/index.php?rest_route=%2Fwp%2Fv2%2Fcomments&post=2218"}],"version-history":[{"count":26,"href":"https:\/\/old.danmarksveteraner.dk\/wordpress\/index.php?rest_route=\/wp\/v2\/pages\/2218\/revisions"}],"predecessor-version":[{"id":10277,"href":"https:\/\/old.danmarksveteraner.dk\/wordpress\/index.php?rest_route=\/wp\/v2\/pages\/2218\/revisions\/10277"}],"up":[{"embeddable":true,"href":"https:\/\/old.danmarksveteraner.dk\/wordpress\/index.php?rest_route=\/wp\/v2\/pages\/5232"}],"wp:attachment":[{"href":"https:\/\/old.danmarksveteraner.dk\/wordpress\/index.php?rest_route=%2Fwp%2Fv2%2Fmedia&parent=2218"}],"curies":[{"name":"wp","href":"https:\/\/api.w.org\/{rel}","templated":true}]}}