{"id":170,"date":"2016-02-08T14:49:11","date_gmt":"2016-02-08T14:49:11","guid":{"rendered":"https:\/\/danmarksveteraner.dk\/wordpress\/?page_id=170"},"modified":"2019-08-03T18:11:56","modified_gmt":"2019-08-03T16:11:56","slug":"world-veterans-federation","status":"publish","type":"page","link":"https:\/\/old.danmarksveteraner.dk\/wordpress\/?page_id=170","title":{"rendered":"World Veterans Federation"},"content":{"rendered":"<p>Danmarks Veteraner &#8211; Danmarks Internationale Veteranorganisation&nbsp;er Danmarks officielle repr\u00e6sentant i World Veterans Federation (WVF).<\/p>\n<p>WVF er en verdensomsp\u00e6ndende uafh\u00e6ngig organisation (NGO). Den best\u00e5r i dag af 170 veteranorganisationer fra 89 lande og repr\u00e6senterer ca. 30 millioner veteraner over hele kloden.<\/p>\n<p>WVF k\u00e6mper blandt andet for veteraners rettigheder, herunder integration i respektive samfund for&nbsp;veteraner med fysiske og psykiske skader som f\u00f8lge af krigshandlinger.<\/p>\n<p>I WVF fastl\u00e6gges blandt andet retningslinjer for prioriterede f\u00e6lles m\u00e5l, som de enkelte landes veteranorganisationer b\u00f8r pr\u00e6sentere for respektive niveauer af politiske- og andre beslutningstagere.<\/p>\n<p>L\u00e6s mere om WVF p\u00e5 <a href=\"https:\/\/www.wvf-fmac.org\">WVF hjemmeside<\/a>.<\/p>\n","protected":false},"excerpt":{"rendered":"<p>Danmarks Veteraner &#8211; Danmarks Internationale Veteranorganisation&nbsp;er Danmarks officielle repr\u00e6sentant i World Veterans Federation (WVF). WVF er en verdensomsp\u00e6ndende uafh\u00e6ngig organisation<\/p>\n","protected":false},"author":1,"featured_media":0,"parent":164,"menu_order":2,"comment_status":"closed","ping_status":"closed","template":"","meta":[],"_links":{"self":[{"href":"https:\/\/old.danmarksveteraner.dk\/wordpress\/index.php?rest_route=\/wp\/v2\/pages\/170"}],"collection":[{"href":"https:\/\/old.danmarksveteraner.dk\/wordpress\/index.php?rest_route=\/wp\/v2\/pages"}],"about":[{"href":"https:\/\/old.danmarksveteraner.dk\/wordpress\/index.php?rest_route=\/wp\/v2\/types\/page"}],"author":[{"embeddable":true,"href":"https:\/\/old.danmarksveteraner.dk\/wordpress\/index.php?rest_route=\/wp\/v2\/users\/1"}],"replies":[{"embeddable":true,"href":"https:\/\/old.danmarksveteraner.dk\/wordpress\/index.php?rest_route=%2Fwp%2Fv2%2Fcomments&post=170"}],"version-history":[{"count":3,"href":"https:\/\/old.danmarksveteraner.dk\/wordpress\/index.php?rest_route=\/wp\/v2\/pages\/170\/revisions"}],"predecessor-version":[{"id":5247,"href":"https:\/\/old.danmarksveteraner.dk\/wordpress\/index.php?rest_route=\/wp\/v2\/pages\/170\/revisions\/5247"}],"up":[{"embeddable":true,"href":"https:\/\/old.danmarksveteraner.dk\/wordpress\/index.php?rest_route=\/wp\/v2\/pages\/164"}],"wp:attachment":[{"href":"https:\/\/old.danmarksveteraner.dk\/wordpress\/index.php?rest_route=%2Fwp%2Fv2%2Fmedia&parent=170"}],"curies":[{"name":"wp","href":"https:\/\/api.w.org\/{rel}","templated":true}]}}