{"id":1683,"date":"2016-08-20T17:10:29","date_gmt":"2016-08-20T15:10:29","guid":{"rendered":"https:\/\/danmarksveteraner.dk\/wordpress\/?page_id=1683"},"modified":"2021-03-19T12:21:11","modified_gmt":"2021-03-19T11:21:11","slug":"videotek","status":"publish","type":"page","link":"https:\/\/old.danmarksveteraner.dk\/wordpress\/?page_id=1683","title":{"rendered":"Videotek"},"content":{"rendered":"\n<blockquote class=\"wp-block-quote\"><p>Danmarks Veteraner og Veteranst\u00f8tten er i \u00f8jeblikket ved at oml\u00e6gge sine hjemmesider m.v. til ny server. Samtidig har vi f\u00e5et adgang til egen server hvor billeder og video fremover vil v\u00e6re oplagt. Links til de enkelte album fungerer ikke i \u00f8jeblikket. Du kan f\u00e5 adgang til billedarkivet p\u00e5 dette&nbsp;<strong><a href=\"https:\/\/veteraner-my.sharepoint.com\/:f:\/g\/personal\/webmaster_veteraner_onmicrosoft_com\/EuPDnMIxPDBGp1QPOaARojYBQutvj90gqkUlRB-V3smdyw?e=fHlJo1\" target=\"_blank\" rel=\"noreferrer noopener\">LINK<\/a><\/strong><\/p><p>Oml\u00e6gningen forventes tilendebragt april 2021, hvorefter et stort arbejde med at lave direkte links igen st\u00e5r foran d\u00f8ren. Takker for jeres forst\u00e5else.<\/p><\/blockquote>\n\n\n\n<p>Video l\u00e6gges op sorteret efter mission og s\u00e5 hold nummer og\/eller periode.<\/p>\n\n\n\n<p>Det kan ske at vi ud fra video ikke kan se, hvilket hold og\/eller periode indholdet viser, her vil vi gerne at vore l\u00e6sere hj\u00e6lper os med at f\u00e5 sorteret indholdet korrekt.<\/p>\n\n\n\n<p>Har du film \/ video fra din mission, som du mener kan v\u00e6re interessante for andre, s\u00e5 skriv til <strong><a href=\"mailto:webmaster@danmarksveteraner.dk\">WEBMASTER, <\/a><\/strong>der s\u00e5 vil fors\u00f8ge at finde en m\u00e5de at digitalisere p\u00e5, s\u00e5fremt indholdet vurderes egnet&nbsp;til det.<\/p>\n\n\n\n<ul><li><strong><a href=\"https:\/\/danmarksveteraner.dk\/wordpress\/?page_id=1433\">Gaza<\/a><\/strong><\/li><li><strong><a href=\"https:\/\/danmarksveteraner.dk\/wordpress\/?page_id=1418\">Cypern<\/a><\/strong><\/li><li><strong><a href=\"https:\/\/danmarksveteraner.dk\/wordpress\/?page_id=1544\">Kosovo<\/a><\/strong><\/li><li><a href=\"https:\/\/danmarksveteraner.dk\/wordpress\/?page_id=2516\"><strong>Balkan (UNPROFOR)<\/strong><\/a><\/li><\/ul>\n\n\n\n<p>Danmarks Veteraner har endvidere f\u00e5et adgang til en del videomateriale, som vores medlem der har v\u00e6ret frivillig formand for og TV fotograf p\u00e5 Kanal Roskilde, en lokal TV station. Indslagene handler om Cypern, flagdagen, og s\u00e5 om to PTSD-ramte veteraner. Videomaterialet findes under <strong>Andet<\/strong><\/p>\n","protected":false},"excerpt":{"rendered":"<p>Danmarks Veteraner og Veteranst\u00f8tten er i \u00f8jeblikket ved at oml\u00e6gge sine hjemmesider m.v. til ny server. Samtidig har vi f\u00e5et<\/p>\n","protected":false},"author":1,"featured_media":0,"parent":1416,"menu_order":2,"comment_status":"closed","ping_status":"closed","template":"","meta":[],"_links":{"self":[{"href":"https:\/\/old.danmarksveteraner.dk\/wordpress\/index.php?rest_route=\/wp\/v2\/pages\/1683"}],"collection":[{"href":"https:\/\/old.danmarksveteraner.dk\/wordpress\/index.php?rest_route=\/wp\/v2\/pages"}],"about":[{"href":"https:\/\/old.danmarksveteraner.dk\/wordpress\/index.php?rest_route=\/wp\/v2\/types\/page"}],"author":[{"embeddable":true,"href":"https:\/\/old.danmarksveteraner.dk\/wordpress\/index.php?rest_route=\/wp\/v2\/users\/1"}],"replies":[{"embeddable":true,"href":"https:\/\/old.danmarksveteraner.dk\/wordpress\/index.php?rest_route=%2Fwp%2Fv2%2Fcomments&post=1683"}],"version-history":[{"count":14,"href":"https:\/\/old.danmarksveteraner.dk\/wordpress\/index.php?rest_route=\/wp\/v2\/pages\/1683\/revisions"}],"predecessor-version":[{"id":8383,"href":"https:\/\/old.danmarksveteraner.dk\/wordpress\/index.php?rest_route=\/wp\/v2\/pages\/1683\/revisions\/8383"}],"up":[{"embeddable":true,"href":"https:\/\/old.danmarksveteraner.dk\/wordpress\/index.php?rest_route=\/wp\/v2\/pages\/1416"}],"wp:attachment":[{"href":"https:\/\/old.danmarksveteraner.dk\/wordpress\/index.php?rest_route=%2Fwp%2Fv2%2Fmedia&parent=1683"}],"curies":[{"name":"wp","href":"https:\/\/api.w.org\/{rel}","templated":true}]}}