{"id":1680,"date":"2016-08-20T17:07:21","date_gmt":"2016-08-20T15:07:21","guid":{"rendered":"https:\/\/danmarksveteraner.dk\/wordpress\/?page_id=1680"},"modified":"2021-05-07T14:30:11","modified_gmt":"2021-05-07T12:30:11","slug":"bibliotek","status":"publish","type":"page","link":"https:\/\/old.danmarksveteraner.dk\/wordpress\/?page_id=1680","title":{"rendered":"Bibliotek"},"content":{"rendered":"\n<p class=\"has-medium-font-size\"><strong>Bibliotek \/ liste over b\u00f8ger om missionsomr\u00e5der m.m.<\/strong><br>(Under udarbejdelse)<\/p>\n\n\n\n<p>Foreningen vil p\u00e5 denne side fors\u00f8ge at samle en litteraturliste. Hovedparten af de b\u00f8ger m.v. der er udgivet om missionsomr\u00e5der og konflikter er underlagt <strong><a rel=\"noreferrer noopener\" href=\"https:\/\/www.retsinformation.dk\/eli\/lta\/2014\/1144\" target=\"_blank\">opretshavsloven<\/a><\/strong>. Vi har allerede f\u00e5et skannet nogle b\u00f8ger ind, som ikke l\u00e6ngere er underlagt opretshavsloven, og vil l\u00e6gge links til dem i litteraturlisten. Litteraturlisten vil blive opdelt efter missionsomr\u00e5der. <\/p>\n\n\n\n<p>Udover b\u00f8ger om missionsomr\u00e5der har vi lavet et bibliotek for b\u00f8ger af milit\u00e6rhistorisk interesse.<\/p>\n\n\n\n<p>Vi s\u00f8ger hj\u00e6lp til af finde b\u00f8ger m.v. som findes om missionsomr\u00e5der og som kan v\u00e6re interessante. Hvis du har kendskab til b\u00f8ger, s\u00e5 skriv til <strong><a rel=\"noreferrer noopener\" href=\"mailto:webmaster@danmarksveteraner.dk\" target=\"_blank\">WEBMASTER<\/a><\/strong>.<\/p>\n","protected":false},"excerpt":{"rendered":"<p>Bibliotek \/ liste over b\u00f8ger om missionsomr\u00e5der m.m.(Under udarbejdelse) Foreningen vil p\u00e5 denne side fors\u00f8ge at samle en litteraturliste. Hovedparten<\/p>\n","protected":false},"author":1,"featured_media":0,"parent":1416,"menu_order":1,"comment_status":"closed","ping_status":"closed","template":"","meta":[],"_links":{"self":[{"href":"https:\/\/old.danmarksveteraner.dk\/wordpress\/index.php?rest_route=\/wp\/v2\/pages\/1680"}],"collection":[{"href":"https:\/\/old.danmarksveteraner.dk\/wordpress\/index.php?rest_route=\/wp\/v2\/pages"}],"about":[{"href":"https:\/\/old.danmarksveteraner.dk\/wordpress\/index.php?rest_route=\/wp\/v2\/types\/page"}],"author":[{"embeddable":true,"href":"https:\/\/old.danmarksveteraner.dk\/wordpress\/index.php?rest_route=\/wp\/v2\/users\/1"}],"replies":[{"embeddable":true,"href":"https:\/\/old.danmarksveteraner.dk\/wordpress\/index.php?rest_route=%2Fwp%2Fv2%2Fcomments&post=1680"}],"version-history":[{"count":17,"href":"https:\/\/old.danmarksveteraner.dk\/wordpress\/index.php?rest_route=\/wp\/v2\/pages\/1680\/revisions"}],"predecessor-version":[{"id":8684,"href":"https:\/\/old.danmarksveteraner.dk\/wordpress\/index.php?rest_route=\/wp\/v2\/pages\/1680\/revisions\/8684"}],"up":[{"embeddable":true,"href":"https:\/\/old.danmarksveteraner.dk\/wordpress\/index.php?rest_route=\/wp\/v2\/pages\/1416"}],"wp:attachment":[{"href":"https:\/\/old.danmarksveteraner.dk\/wordpress\/index.php?rest_route=%2Fwp%2Fv2%2Fmedia&parent=1680"}],"curies":[{"name":"wp","href":"https:\/\/api.w.org\/{rel}","templated":true}]}}