{"id":168,"date":"2016-02-08T14:47:03","date_gmt":"2016-02-08T14:47:03","guid":{"rendered":"https:\/\/danmarksveteraner.dk\/wordpress\/?page_id=168"},"modified":"2019-08-03T18:11:33","modified_gmt":"2019-08-03T16:11:33","slug":"the-board-of-the-nordic-blue-berets","status":"publish","type":"page","link":"https:\/\/old.danmarksveteraner.dk\/wordpress\/?page_id=168","title":{"rendered":"The Board of the Nordic Blue Berets"},"content":{"rendered":"<p>Danmarks Veteraner &#8211; Danmarks Internationale Veteranorganisation, herunder Veteranst\u00f8tten, er&nbsp;Danmarks repr\u00e6sentant i The Board of the Nordic Blue Berets (BNBB).<\/p>\n<p>I BNBB fastl\u00e6gges blandt andet retningslinjer for de f\u00e6lles m\u00e5l, de nordiske veteranorganisationer b\u00f8r pr\u00e6senterer respektive niveauer af politiske- og andre beslutningstagere.<\/p>\n<p>I rammen af BNBB foreg\u00e5r ligeledes en r\u00e6kke initiativer til st\u00f8tte for veteraner, der lider af fysiske og\/ eller psykiske krigsskader.<\/p>\n","protected":false},"excerpt":{"rendered":"<p>Danmarks Veteraner &#8211; Danmarks Internationale Veteranorganisation, herunder Veteranst\u00f8tten, er&nbsp;Danmarks repr\u00e6sentant i The Board of the Nordic Blue Berets (BNBB). I<\/p>\n","protected":false},"author":1,"featured_media":0,"parent":164,"menu_order":1,"comment_status":"closed","ping_status":"closed","template":"","meta":[],"_links":{"self":[{"href":"https:\/\/old.danmarksveteraner.dk\/wordpress\/index.php?rest_route=\/wp\/v2\/pages\/168"}],"collection":[{"href":"https:\/\/old.danmarksveteraner.dk\/wordpress\/index.php?rest_route=\/wp\/v2\/pages"}],"about":[{"href":"https:\/\/old.danmarksveteraner.dk\/wordpress\/index.php?rest_route=\/wp\/v2\/types\/page"}],"author":[{"embeddable":true,"href":"https:\/\/old.danmarksveteraner.dk\/wordpress\/index.php?rest_route=\/wp\/v2\/users\/1"}],"replies":[{"embeddable":true,"href":"https:\/\/old.danmarksveteraner.dk\/wordpress\/index.php?rest_route=%2Fwp%2Fv2%2Fcomments&post=168"}],"version-history":[{"count":2,"href":"https:\/\/old.danmarksveteraner.dk\/wordpress\/index.php?rest_route=\/wp\/v2\/pages\/168\/revisions"}],"predecessor-version":[{"id":5246,"href":"https:\/\/old.danmarksveteraner.dk\/wordpress\/index.php?rest_route=\/wp\/v2\/pages\/168\/revisions\/5246"}],"up":[{"embeddable":true,"href":"https:\/\/old.danmarksveteraner.dk\/wordpress\/index.php?rest_route=\/wp\/v2\/pages\/164"}],"wp:attachment":[{"href":"https:\/\/old.danmarksveteraner.dk\/wordpress\/index.php?rest_route=%2Fwp%2Fv2%2Fmedia&parent=168"}],"curies":[{"name":"wp","href":"https:\/\/api.w.org\/{rel}","templated":true}]}}