{"id":160,"date":"2016-02-08T14:37:24","date_gmt":"2016-02-08T14:37:24","guid":{"rendered":"https:\/\/danmarksveteraner.dk\/wordpress\/?page_id=160"},"modified":"2019-08-03T18:10:46","modified_gmt":"2019-08-03T16:10:46","slug":"veteranpolitik","status":"publish","type":"page","link":"https:\/\/old.danmarksveteraner.dk\/wordpress\/?page_id=160","title":{"rendered":"Veteranpolitik"},"content":{"rendered":"<p>Danmarks Veteraner &#8211; Danmarks Internationale Veteranorganisation st\u00f8tter op om den officielle <a href=\"https:\/\/danmarksveteraner.dk\/wordpress\/wp-content\/uploads\/2016\/09\/Danmarks-veteranpolitik-2016.pdf\" target=\"_blank\" rel=\"noopener noreferrer\">DANSKE VETERANPOLITIK<\/a>. Danmarks Veteraner p\u00e5virker alle, der arbejder med veteranomr\u00e5det til l\u00f8bende at forbedre denne til gavn for alle danske veteraner.<\/p>\n<p>I september 2016 blev der foretaget et servicetjek af veteranpolitikken, du kan l\u00e6se rapporten om dette <a href=\"https:\/\/danmarksveteraner.dk\/wordpress\/wp-content\/uploads\/2016\/09\/Servicetjek-af-veteranindsatsen-2016.pdf\" target=\"_blank\" rel=\"noopener noreferrer\"><strong>HER<\/strong><\/a><\/p>\n<p>Hvis du vil vide mere om aktiviteter m\u00e5lrettet veteraner s\u00e5 tjek <a href=\"https:\/\/www.veteranst\u00f8tten.dk\/\" target=\"_blank\" rel=\"noopener noreferrer\">VETERANST\u00d8TTENS hjemmeside<\/a>.<\/p>\n","protected":false},"excerpt":{"rendered":"<p>Danmarks Veteraner &#8211; Danmarks Internationale Veteranorganisation st\u00f8tter op om den officielle DANSKE VETERANPOLITIK. Danmarks Veteraner p\u00e5virker alle, der arbejder med<\/p>\n","protected":false},"author":1,"featured_media":0,"parent":30,"menu_order":2,"comment_status":"closed","ping_status":"closed","template":"","meta":[],"_links":{"self":[{"href":"https:\/\/old.danmarksveteraner.dk\/wordpress\/index.php?rest_route=\/wp\/v2\/pages\/160"}],"collection":[{"href":"https:\/\/old.danmarksveteraner.dk\/wordpress\/index.php?rest_route=\/wp\/v2\/pages"}],"about":[{"href":"https:\/\/old.danmarksveteraner.dk\/wordpress\/index.php?rest_route=\/wp\/v2\/types\/page"}],"author":[{"embeddable":true,"href":"https:\/\/old.danmarksveteraner.dk\/wordpress\/index.php?rest_route=\/wp\/v2\/users\/1"}],"replies":[{"embeddable":true,"href":"https:\/\/old.danmarksveteraner.dk\/wordpress\/index.php?rest_route=%2Fwp%2Fv2%2Fcomments&post=160"}],"version-history":[{"count":6,"href":"https:\/\/old.danmarksveteraner.dk\/wordpress\/index.php?rest_route=\/wp\/v2\/pages\/160\/revisions"}],"predecessor-version":[{"id":5244,"href":"https:\/\/old.danmarksveteraner.dk\/wordpress\/index.php?rest_route=\/wp\/v2\/pages\/160\/revisions\/5244"}],"up":[{"embeddable":true,"href":"https:\/\/old.danmarksveteraner.dk\/wordpress\/index.php?rest_route=\/wp\/v2\/pages\/30"}],"wp:attachment":[{"href":"https:\/\/old.danmarksveteraner.dk\/wordpress\/index.php?rest_route=%2Fwp%2Fv2%2Fmedia&parent=160"}],"curies":[{"name":"wp","href":"https:\/\/api.w.org\/{rel}","templated":true}]}}