{"id":152,"date":"2016-02-08T14:31:47","date_gmt":"2016-02-08T14:31:47","guid":{"rendered":"https:\/\/danmarksveteraner.dk\/wordpress\/?page_id=152"},"modified":"2019-11-22T06:59:01","modified_gmt":"2019-11-22T05:59:01","slug":"formandsmoeder","status":"publish","type":"page","link":"https:\/\/old.danmarksveteraner.dk\/wordpress\/?page_id=152","title":{"rendered":"Formandsm\u00f8der"},"content":{"rendered":"\n<p>Formandsm\u00f8der afholdes normalt \u00e9n gang om \u00e5ret.<\/p>\n\n\n\n<p>Forsamlingen best\u00e5r af Hovedbestyrelsen og formanden for hver af foreningens lokalforeninger.<\/p>\n\n\n\n<p>Du kan l\u00e6se mere om Formandsm\u00f8der i <strong><a href=\"https:\/\/danmarksveteraner.dk\/wordpress\/wp-content\/uploads\/2019\/10\/BB-samlet-udgave.pdf\" target=\"_blank\" rel=\"noreferrer noopener\" aria-label=\"Blivende Bestemmelser afsnit 02.00 (opens in a new tab)\">Blivende Bestemmelser afsnit 02.00<\/a><\/strong><\/p>\n\n\n\n<p><a href=\"https:\/\/danmarksveteraner.dk\/wordpress\/?page_id=156\">HER<\/a> kan du l\u00e6se referater mv. for at finde disse og eventuelle andre bilag.<\/p>\n","protected":false},"excerpt":{"rendered":"<p>Formandsm\u00f8der afholdes normalt \u00e9n gang om \u00e5ret. Forsamlingen best\u00e5r af Hovedbestyrelsen og formanden for hver af foreningens lokalforeninger. Du kan<\/p>\n","protected":false},"author":1,"featured_media":0,"parent":23,"menu_order":3,"comment_status":"closed","ping_status":"closed","template":"","meta":[],"_links":{"self":[{"href":"https:\/\/old.danmarksveteraner.dk\/wordpress\/index.php?rest_route=\/wp\/v2\/pages\/152"}],"collection":[{"href":"https:\/\/old.danmarksveteraner.dk\/wordpress\/index.php?rest_route=\/wp\/v2\/pages"}],"about":[{"href":"https:\/\/old.danmarksveteraner.dk\/wordpress\/index.php?rest_route=\/wp\/v2\/types\/page"}],"author":[{"embeddable":true,"href":"https:\/\/old.danmarksveteraner.dk\/wordpress\/index.php?rest_route=\/wp\/v2\/users\/1"}],"replies":[{"embeddable":true,"href":"https:\/\/old.danmarksveteraner.dk\/wordpress\/index.php?rest_route=%2Fwp%2Fv2%2Fcomments&post=152"}],"version-history":[{"count":3,"href":"https:\/\/old.danmarksveteraner.dk\/wordpress\/index.php?rest_route=\/wp\/v2\/pages\/152\/revisions"}],"predecessor-version":[{"id":5986,"href":"https:\/\/old.danmarksveteraner.dk\/wordpress\/index.php?rest_route=\/wp\/v2\/pages\/152\/revisions\/5986"}],"up":[{"embeddable":true,"href":"https:\/\/old.danmarksveteraner.dk\/wordpress\/index.php?rest_route=\/wp\/v2\/pages\/23"}],"wp:attachment":[{"href":"https:\/\/old.danmarksveteraner.dk\/wordpress\/index.php?rest_route=%2Fwp%2Fv2%2Fmedia&parent=152"}],"curies":[{"name":"wp","href":"https:\/\/api.w.org\/{rel}","templated":true}]}}