{"id":1509,"date":"2016-07-30T15:51:05","date_gmt":"2016-07-30T13:51:05","guid":{"rendered":"https:\/\/danmarksveteraner.dk\/wordpress\/?page_id=1509"},"modified":"2019-11-19T17:10:26","modified_gmt":"2019-11-19T16:10:26","slug":"hold-xxi","status":"publish","type":"page","link":"https:\/\/old.danmarksveteraner.dk\/wordpress\/?page_id=1509","title":{"rendered":"Hold XXI"},"content":{"rendered":"\n<p> DANCON XXI\/UNFICYP var p\u00e5 Cypern i perioden maj 1974 til november 1974. Et uroligt hold, med bl.a. kuppet mod pr\u00e6sident Makarios samt den tyrkiske invasion og erobring af den nordlige del af \u00f8en. <\/p>\n\n\n\n<p> De fleste videoklip og film er optaget p\u00e5 hold XXI, men der kan ogs\u00e5 v\u00e6re klip fra hold XX og XXII. Hvis nogen ved, hvilket hold de enkelte klip er fra, s\u00e5 skriv til <strong><a href=\"mailto:webmaster@danmarksveteraner.dk\">webmaster@danmarksveteraner.dk<\/a> <\/strong><\/p>\n\n\n\n<figure class=\"wp-block-video\"><video controls src=\"https:\/\/danmarksveteraner.dk\/wordpress\/wp-content\/uploads\/Video\/Cypern\/170818 Cypern 1974 MA _Mp4 High__360p_44820303.mp4\"><\/video><figcaption> DR udsendelse om krigen p\u00e5 Cypern 1974, prim\u00e6rt optagelser fra Kokkina taget fra de optagelser som Flemming Wrist Knudsen gjorde under kampene. <\/figcaption><\/figure>\n\n\n\n<figure class=\"wp-block-video\"><video controls src=\"https:\/\/danmarksveteraner.dk\/wordpress\/wp-content\/uploads\/Video\/Cypern\/Resto-Som vi sa det. part 1 HD.mp4\"><\/video><figcaption>Som vi s\u00e5 det, del 1.<\/figcaption><\/figure>\n\n\n\n<figure class=\"wp-block-video\"><video controls src=\"https:\/\/danmarksveteraner.dk\/wordpress\/wp-content\/uploads\/Video\/Cypern\/Resto-Som vi sa det. part 2 HD.mp4\"><\/video><figcaption>Som vi s\u00e5 det, del 2.<\/figcaption><\/figure>\n\n\n\n<div class=\"is-layout-flow wp-block-group\"><div class=\"wp-block-group__inner-container\">\n<figure class=\"wp-block-video\"><video controls src=\"https:\/\/danmarksveteraner.dk\/wordpress\/wp-content\/uploads\/Video\/Cypern\/Cypern C-COY 1974.mp4\"><\/video><figcaption>C-Coy 1974<\/figcaption><\/figure>\n<\/div><\/div>\n\n\n\n<div class=\"is-layout-flow wp-block-group\"><div class=\"wp-block-group__inner-container\">\n<figure class=\"wp-block-video\"><video controls src=\"https:\/\/danmarksveteraner.dk\/wordpress\/wp-content\/uploads\/Video\/Cypern\/Cypern1974.mp4\"><\/video><\/figure>\n<\/div><\/div>\n\n\n\n<figure class=\"wp-block-video\"><video controls src=\"https:\/\/danmarksveteraner.dk\/wordpress\/wp-content\/uploads\/Video\/Cypern\/Cypern 1.mp4\"><\/video><\/figure>\n\n\n\n<figure class=\"wp-block-video\"><video controls src=\"https:\/\/danmarksveteraner.dk\/wordpress\/wp-content\/uploads\/Video\/Cypern\/Cypern 2.mp4\"><\/video><\/figure>\n\n\n\n<figure class=\"wp-block-video\"><video controls src=\"https:\/\/danmarksveteraner.dk\/wordpress\/wp-content\/uploads\/Video\/Cypern\/Cypern 3.mp4\"><\/video><\/figure>\n\n\n\n<figure class=\"wp-block-video\"><video controls src=\"https:\/\/danmarksveteraner.dk\/wordpress\/wp-content\/uploads\/Video\/Cypern\/Cypern 4.mp4\"><\/video><\/figure>\n\n\n\n<figure class=\"wp-block-video\"><video controls src=\"https:\/\/danmarksveteraner.dk\/wordpress\/wp-content\/uploads\/Video\/Cypern\/Cypern 5.mp4\"><\/video><\/figure>\n\n\n\n<figure class=\"wp-block-video\"><video controls src=\"https:\/\/danmarksveteraner.dk\/wordpress\/wp-content\/uploads\/Video\/Cypern\/Cypern 6.mp4\"><\/video><\/figure>\n\n\n\n<figure class=\"wp-block-video\"><video controls src=\"https:\/\/danmarksveteraner.dk\/wordpress\/wp-content\/uploads\/Video\/Cypern\/Cypern 7.mp4\"><\/video><\/figure>\n\n\n\n<figure class=\"wp-block-video\"><video controls src=\"https:\/\/danmarksveteraner.dk\/wordpress\/wp-content\/uploads\/Video\/Cypern\/Cypern 8.mp4\"><\/video><\/figure>\n\n\n\n<figure class=\"wp-block-video\"><video controls src=\"https:\/\/danmarksveteraner.dk\/wordpress\/wp-content\/uploads\/Video\/Cypern\/Cypern 9.mp4\"><\/video><\/figure>\n\n\n\n<figure class=\"wp-block-video\"><video controls src=\"https:\/\/danmarksveteraner.dk\/wordpress\/wp-content\/uploads\/Video\/Cypern\/Cypern 10.mp4\"><\/video><\/figure>\n\n\n\n<figure class=\"wp-block-video\"><video controls src=\"https:\/\/danmarksveteraner.dk\/wordpress\/wp-content\/uploads\/Video\/Cypern\/Cypern 11.mp4\"><\/video><\/figure>\n\n\n\n<figure class=\"wp-block-video\"><video controls src=\"https:\/\/danmarksveteraner.dk\/wordpress\/wp-content\/uploads\/Video\/Cypern\/Cypern 12.mp4\"><\/video><\/figure>\n\n\n\n<figure class=\"wp-block-video\"><video controls src=\"https:\/\/danmarksveteraner.dk\/wordpress\/wp-content\/uploads\/Video\/Cypern\/Cypern 13.mp4\"><\/video><\/figure>\n","protected":false},"excerpt":{"rendered":"<p>DANCON XXI\/UNFICYP var p\u00e5 Cypern i perioden maj 1974 til november 1974. Et uroligt hold, med bl.a. kuppet mod pr\u00e6sident<\/p>\n","protected":false},"author":1,"featured_media":0,"parent":1418,"menu_order":21,"comment_status":"closed","ping_status":"closed","template":"","meta":[],"_links":{"self":[{"href":"https:\/\/old.danmarksveteraner.dk\/wordpress\/index.php?rest_route=\/wp\/v2\/pages\/1509"}],"collection":[{"href":"https:\/\/old.danmarksveteraner.dk\/wordpress\/index.php?rest_route=\/wp\/v2\/pages"}],"about":[{"href":"https:\/\/old.danmarksveteraner.dk\/wordpress\/index.php?rest_route=\/wp\/v2\/types\/page"}],"author":[{"embeddable":true,"href":"https:\/\/old.danmarksveteraner.dk\/wordpress\/index.php?rest_route=\/wp\/v2\/users\/1"}],"replies":[{"embeddable":true,"href":"https:\/\/old.danmarksveteraner.dk\/wordpress\/index.php?rest_route=%2Fwp%2Fv2%2Fcomments&post=1509"}],"version-history":[{"count":29,"href":"https:\/\/old.danmarksveteraner.dk\/wordpress\/index.php?rest_route=\/wp\/v2\/pages\/1509\/revisions"}],"predecessor-version":[{"id":5928,"href":"https:\/\/old.danmarksveteraner.dk\/wordpress\/index.php?rest_route=\/wp\/v2\/pages\/1509\/revisions\/5928"}],"up":[{"embeddable":true,"href":"https:\/\/old.danmarksveteraner.dk\/wordpress\/index.php?rest_route=\/wp\/v2\/pages\/1418"}],"wp:attachment":[{"href":"https:\/\/old.danmarksveteraner.dk\/wordpress\/index.php?rest_route=%2Fwp%2Fv2%2Fmedia&parent=1509"}],"curies":[{"name":"wp","href":"https:\/\/api.w.org\/{rel}","templated":true}]}}