{"id":1496,"date":"2016-07-29T12:19:30","date_gmt":"2016-07-29T10:19:30","guid":{"rendered":"https:\/\/danmarksveteraner.dk\/wordpress\/?page_id=1496"},"modified":"2018-07-06T11:02:22","modified_gmt":"2018-07-06T09:02:22","slug":"aeresmedlemmer","status":"publish","type":"page","link":"https:\/\/old.danmarksveteraner.dk\/wordpress\/?page_id=1496","title":{"rendered":"\u00c6resmedlemmer"},"content":{"rendered":"<h5>I Danmarks Veteraner vedt\u00e6gter\u00a0stk. 12 st\u00e5r der:<\/h5>\n<ol>\n<li data-canvas-width=\"470.84058060118434\">Repr\u00e6sentantskabet kan udn\u00e6vne personer, s\u00e5vel medlemmer som ikke-medlemmer, der har ydet en s\u00e6rlig fortjenstfuld indsats for landsforeningen, til \u00e6resmedlemmer.<\/li>\n<li data-canvas-width=\"319.7733503937835\">\u00c6resmedlemmer er kontingentfrie.<\/li>\n<li data-canvas-width=\"410.80131081627524\">Indstilling af en person til \u00e6resmedlem i landsforeningen forel\u00e6gges hovedbestyrelsen.<\/li>\n<li data-canvas-width=\"433.55122685298874\">Et \u00e6resmedlem kan i s\u00e6rlige situationer fratages sit \u00e6resmedlemskab jf. tilsvarende bestemmelser for \u00f8vrige medlemmer.<\/li>\n<\/ol>\n<h5>Repr\u00e6sentantskabet har udn\u00e6vnt f\u00f8lgende til \u00e6resmedlemmer:<\/h5>\n<ul>\n<li>Knud Lund<\/li>\n<li>Poul M\u00f8lskov Andersen<\/li>\n<li>Egon Bak<\/li>\n<li>Torben Alstrup-Andersen<\/li>\n<li>Erik Blyme<\/li>\n<\/ul>\n<p>&nbsp;<\/p>\n","protected":false},"excerpt":{"rendered":"<p>I Danmarks Veteraner vedt\u00e6gter\u00a0stk. 12 st\u00e5r der: Repr\u00e6sentantskabet kan udn\u00e6vne personer, s\u00e5vel medlemmer som ikke-medlemmer, der har ydet en s\u00e6rlig<\/p>\n","protected":false},"author":1,"featured_media":0,"parent":4048,"menu_order":1,"comment_status":"closed","ping_status":"closed","template":"","meta":[],"_links":{"self":[{"href":"https:\/\/old.danmarksveteraner.dk\/wordpress\/index.php?rest_route=\/wp\/v2\/pages\/1496"}],"collection":[{"href":"https:\/\/old.danmarksveteraner.dk\/wordpress\/index.php?rest_route=\/wp\/v2\/pages"}],"about":[{"href":"https:\/\/old.danmarksveteraner.dk\/wordpress\/index.php?rest_route=\/wp\/v2\/types\/page"}],"author":[{"embeddable":true,"href":"https:\/\/old.danmarksveteraner.dk\/wordpress\/index.php?rest_route=\/wp\/v2\/users\/1"}],"replies":[{"embeddable":true,"href":"https:\/\/old.danmarksveteraner.dk\/wordpress\/index.php?rest_route=%2Fwp%2Fv2%2Fcomments&post=1496"}],"version-history":[{"count":7,"href":"https:\/\/old.danmarksveteraner.dk\/wordpress\/index.php?rest_route=\/wp\/v2\/pages\/1496\/revisions"}],"predecessor-version":[{"id":4012,"href":"https:\/\/old.danmarksveteraner.dk\/wordpress\/index.php?rest_route=\/wp\/v2\/pages\/1496\/revisions\/4012"}],"up":[{"embeddable":true,"href":"https:\/\/old.danmarksveteraner.dk\/wordpress\/index.php?rest_route=\/wp\/v2\/pages\/4048"}],"wp:attachment":[{"href":"https:\/\/old.danmarksveteraner.dk\/wordpress\/index.php?rest_route=%2Fwp%2Fv2%2Fmedia&parent=1496"}],"curies":[{"name":"wp","href":"https:\/\/api.w.org\/{rel}","templated":true}]}}