{"id":146,"date":"2016-02-08T14:27:52","date_gmt":"2016-02-08T14:27:52","guid":{"rendered":"https:\/\/danmarksveteraner.dk\/wordpress\/?page_id=146"},"modified":"2019-11-22T06:51:33","modified_gmt":"2019-11-22T05:51:33","slug":"repraesentantskabet","status":"publish","type":"page","link":"https:\/\/old.danmarksveteraner.dk\/wordpress\/?page_id=146","title":{"rendered":"Repr\u00e6sentantskabet"},"content":{"rendered":"\n<p>Repr\u00e6sentantskabet er foreningens h\u00f8jeste myndighed.<\/p>\n\n\n\n<p>L\u00e6s mere om Repr\u00e6sentantskabet i <strong><a rel=\"noreferrer noopener\" aria-label=\"Blivende Bestemmelser Afsnit 02.00 (opens in a new tab)\" href=\"https:\/\/danmarksveteraner.dk\/wordpress\/wp-content\/uploads\/2019\/10\/BB-samlet-udgave.pdf\" target=\"_blank\">Blivende Bestemmelser Afsnit 02.00<\/a><\/strong><\/p>\n\n\n\n<p>Som underfane hertil kan du l\u00e6se referater fra <strong><a href=\"https:\/\/danmarksveteraner.dk\/wordpress\/?page_id=150\">Repr\u00e6sentantskabsm\u00f8der<\/a><\/strong>.<\/p>\n","protected":false},"excerpt":{"rendered":"<p>Repr\u00e6sentantskabet er foreningens h\u00f8jeste myndighed. L\u00e6s mere om Repr\u00e6sentantskabet i Blivende Bestemmelser Afsnit 02.00 Som underfane hertil kan du l\u00e6se<\/p>\n","protected":false},"author":1,"featured_media":0,"parent":23,"menu_order":1,"comment_status":"closed","ping_status":"closed","template":"","meta":[],"_links":{"self":[{"href":"https:\/\/old.danmarksveteraner.dk\/wordpress\/index.php?rest_route=\/wp\/v2\/pages\/146"}],"collection":[{"href":"https:\/\/old.danmarksveteraner.dk\/wordpress\/index.php?rest_route=\/wp\/v2\/pages"}],"about":[{"href":"https:\/\/old.danmarksveteraner.dk\/wordpress\/index.php?rest_route=\/wp\/v2\/types\/page"}],"author":[{"embeddable":true,"href":"https:\/\/old.danmarksveteraner.dk\/wordpress\/index.php?rest_route=\/wp\/v2\/users\/1"}],"replies":[{"embeddable":true,"href":"https:\/\/old.danmarksveteraner.dk\/wordpress\/index.php?rest_route=%2Fwp%2Fv2%2Fcomments&post=146"}],"version-history":[{"count":5,"href":"https:\/\/old.danmarksveteraner.dk\/wordpress\/index.php?rest_route=\/wp\/v2\/pages\/146\/revisions"}],"predecessor-version":[{"id":5984,"href":"https:\/\/old.danmarksveteraner.dk\/wordpress\/index.php?rest_route=\/wp\/v2\/pages\/146\/revisions\/5984"}],"up":[{"embeddable":true,"href":"https:\/\/old.danmarksveteraner.dk\/wordpress\/index.php?rest_route=\/wp\/v2\/pages\/23"}],"wp:attachment":[{"href":"https:\/\/old.danmarksveteraner.dk\/wordpress\/index.php?rest_route=%2Fwp%2Fv2%2Fmedia&parent=146"}],"curies":[{"name":"wp","href":"https:\/\/api.w.org\/{rel}","templated":true}]}}