{"id":1433,"date":"2016-07-10T19:58:10","date_gmt":"2016-07-10T17:58:10","guid":{"rendered":"https:\/\/danmarksveteraner.dk\/wordpress\/?page_id=1433"},"modified":"2019-11-20T08:23:23","modified_gmt":"2019-11-20T07:23:23","slug":"gaza","status":"publish","type":"page","link":"https:\/\/old.danmarksveteraner.dk\/wordpress\/?page_id=1433","title":{"rendered":"Gaza"},"content":{"rendered":"\n<figure class=\"wp-block-embed-youtube wp-block-embed is-type-video is-provider-youtube wp-embed-aspect-16-9 wp-has-aspect-ratio\"><div class=\"wp-block-embed__wrapper\">\n<iframe loading=\"lazy\" title=\"FN soldater i Midt-\u00d8sten\" width=\"800\" height=\"450\" src=\"https:\/\/www.youtube.com\/embed\/videoseries?list=PLFYoTOOlVjIBOs7ZJ8vVnKoqCARQ2NsrC\" frameborder=\"0\" allow=\"accelerometer; autoplay; encrypted-media; gyroscope; picture-in-picture\" allowfullscreen><\/iframe>\n<\/div><figcaption>Norsk hvervefilm<\/figcaption><\/figure>\n\n\n\n<p> Ingen af videoer har lyd, da de er konverteret fra 8 mm smalfilm. <\/p>\n\n\n\n<h5>Hold 8 (1960)<\/h5>\n\n\n\n<figure class=\"wp-block-video\"><video controls src=\"https:\/\/danmarksveteraner.dk\/wordpress\/wp-content\/uploads\/Video\/Gaza\/Gaza-hold-8-kompagni-H\u00f8jme-del-1.mp4\"><\/video><figcaption>Kompagni H\u00f8jme (del 1 af video, ingen lyd)<\/figcaption><\/figure>\n\n\n\n<figure class=\"wp-block-video\"><video controls src=\"https:\/\/danmarksveteraner.dk\/wordpress\/wp-content\/uploads\/Video\/Gaza\/Kompagni-H\u00f8jme-del-2.mp4\"><\/video><figcaption> Kompagni H\u00f8jme (del 2 af video, ingen lyd) <\/figcaption><\/figure>\n\n\n\n<h5>Coy 3 (1962)<\/h5>\n\n\n\n<p>Filmene er formentlig fra perioden mellem 1962 og 1966 if\u00f8lge oplysninger fra bruger af siden. Der blev bygget barakker omkring 1962 &#8211; 1963 og lejren blev nedlagt i november 1966. Lejren skulle v\u00e6re El Jamus. Kan du tidsbestemme n\u00e6rmere s\u00e5 skriv til <a href=\"mailto:webmaster@danmarksveteraner.dk\"><strong>webmaster<\/strong><\/a>. <\/p>\n\n\n\n<figure class=\"wp-block-video\"><video controls src=\"https:\/\/danmarksveteraner.dk\/wordpress\/wp-content\/uploads\/Video\/Gaza\/Gaza-UNEF-COY-3-Medaljeparade.mp4\"><\/video><figcaption>Medaljeparade (ingen lyd)<\/figcaption><\/figure>\n\n\n\n<figure class=\"wp-block-video\"><video controls src=\"https:\/\/danmarksveteraner.dk\/wordpress\/wp-content\/uploads\/Video\/Gaza\/Gaza-UNEF-COY-3-Fra-lejren-lokale-Arabere.mp4\"><\/video><figcaption> <br>Billeder fra lejren med lokale arabere (ingen lyd)<\/figcaption><\/figure>\n\n\n\n<figure class=\"wp-block-video\"><video controls src=\"https:\/\/danmarksveteraner.dk\/wordpress\/wp-content\/uploads\/Video\/Gaza\/Gaza-UNEF-COY-3-Stafet-golf.mp4\"><\/video><figcaption>Stafet og golf (ingen lyd)<\/figcaption><\/figure>\n\n\n\n<figure class=\"wp-block-video\"><video controls src=\"https:\/\/danmarksveteraner.dk\/wordpress\/wp-content\/uploads\/Video\/Gaza\/Gaza-UNEF-COY-3-Gaza-by-ved-stranden.mp4\"><\/video><figcaption> Gaza By og ved stranden (ingen lyd) <\/figcaption><\/figure>\n\n\n\n<figure class=\"wp-block-video\"><video controls src=\"https:\/\/danmarksveteraner.dk\/wordpress\/wp-content\/uploads\/Video\/Gaza\/Gaza-UNEF-COY-3-H\u00e5ndbold-mod-Jugoslavien.mp4\"><\/video><figcaption> H\u00e5ndbold mod Jugoslavien (ingen lyd og standser lidt inde i klip)<\/figcaption><\/figure>\n\n\n\n<figure class=\"wp-block-video\"><video controls src=\"https:\/\/danmarksveteraner.dk\/wordpress\/wp-content\/uploads\/Video\/Gaza\/Gaza-UNEF-COY-3-Middelhavet.mp4\"><\/video><figcaption>Middelhavet (ingen lyd)<\/figcaption><\/figure>\n","protected":false},"excerpt":{"rendered":"<p>Ingen af videoer har lyd, da de er konverteret fra 8 mm smalfilm. Hold 8 (1960) Coy 3 (1962) Filmene<\/p>\n","protected":false},"author":1,"featured_media":0,"parent":1683,"menu_order":1,"comment_status":"closed","ping_status":"closed","template":"","meta":[],"_links":{"self":[{"href":"https:\/\/old.danmarksveteraner.dk\/wordpress\/index.php?rest_route=\/wp\/v2\/pages\/1433"}],"collection":[{"href":"https:\/\/old.danmarksveteraner.dk\/wordpress\/index.php?rest_route=\/wp\/v2\/pages"}],"about":[{"href":"https:\/\/old.danmarksveteraner.dk\/wordpress\/index.php?rest_route=\/wp\/v2\/types\/page"}],"author":[{"embeddable":true,"href":"https:\/\/old.danmarksveteraner.dk\/wordpress\/index.php?rest_route=\/wp\/v2\/users\/1"}],"replies":[{"embeddable":true,"href":"https:\/\/old.danmarksveteraner.dk\/wordpress\/index.php?rest_route=%2Fwp%2Fv2%2Fcomments&post=1433"}],"version-history":[{"count":59,"href":"https:\/\/old.danmarksveteraner.dk\/wordpress\/index.php?rest_route=\/wp\/v2\/pages\/1433\/revisions"}],"predecessor-version":[{"id":5977,"href":"https:\/\/old.danmarksveteraner.dk\/wordpress\/index.php?rest_route=\/wp\/v2\/pages\/1433\/revisions\/5977"}],"up":[{"embeddable":true,"href":"https:\/\/old.danmarksveteraner.dk\/wordpress\/index.php?rest_route=\/wp\/v2\/pages\/1683"}],"wp:attachment":[{"href":"https:\/\/old.danmarksveteraner.dk\/wordpress\/index.php?rest_route=%2Fwp%2Fv2%2Fmedia&parent=1433"}],"curies":[{"name":"wp","href":"https:\/\/api.w.org\/{rel}","templated":true}]}}