{"id":138,"date":"2016-02-08T14:20:18","date_gmt":"2016-02-08T14:20:18","guid":{"rendered":"https:\/\/danmarksveteraner.dk\/wordpress\/?page_id=138"},"modified":"2019-11-22T06:54:46","modified_gmt":"2019-11-22T05:54:46","slug":"hovedbestyrelsen","status":"publish","type":"page","link":"https:\/\/old.danmarksveteraner.dk\/wordpress\/?page_id=138","title":{"rendered":"Hovedbestyrelsen"},"content":{"rendered":"\n<p> Hovedbestyrelsen (HB) &#8211; v\u00e6lges p\u00e5 repr\u00e6sentantskabsm\u00f8det. Formanden og kassereren v\u00e6lges til deres funktioner, mens \u00f8vrige medlemmer &#8220;bare&#8221; v\u00e6lges som HB-medlemmer.<\/p>\n\n\n\n<p>Vil du l\u00e6se mere om HB s\u00e5 skal du l\u00e6se <strong><a href=\"https:\/\/danmarksveteraner.dk\/wordpress\/wp-content\/uploads\/2019\/10\/BB-samlet-udgave.pdf\" target=\"_blank\" rel=\"noreferrer noopener\" aria-label=\"Blivende Bestemmelser afsnit 02.00 (opens in a new tab)\">Blivende Bestemmelser afsnit 02.00<\/a><\/strong> <\/p>\n\n\n\n<p>Du kan se en liste over HB medlemmerne <strong><a href=\"https:\/\/danmarksveteraner.dk\/wordpress\/?page_id=96\">HER<\/a><\/strong>.<\/p>\n\n\n\n<p>Du kan se alle m\u00f8dereferater <strong>HER<\/strong><\/p>\n","protected":false},"excerpt":{"rendered":"<p>Hovedbestyrelsen (HB) &#8211; v\u00e6lges p\u00e5 repr\u00e6sentantskabsm\u00f8det. Formanden og kassereren v\u00e6lges til deres funktioner, mens \u00f8vrige medlemmer &#8220;bare&#8221; v\u00e6lges som HB-medlemmer.<\/p>\n","protected":false},"author":1,"featured_media":0,"parent":23,"menu_order":2,"comment_status":"closed","ping_status":"closed","template":"","meta":[],"_links":{"self":[{"href":"https:\/\/old.danmarksveteraner.dk\/wordpress\/index.php?rest_route=\/wp\/v2\/pages\/138"}],"collection":[{"href":"https:\/\/old.danmarksveteraner.dk\/wordpress\/index.php?rest_route=\/wp\/v2\/pages"}],"about":[{"href":"https:\/\/old.danmarksveteraner.dk\/wordpress\/index.php?rest_route=\/wp\/v2\/types\/page"}],"author":[{"embeddable":true,"href":"https:\/\/old.danmarksveteraner.dk\/wordpress\/index.php?rest_route=\/wp\/v2\/users\/1"}],"replies":[{"embeddable":true,"href":"https:\/\/old.danmarksveteraner.dk\/wordpress\/index.php?rest_route=%2Fwp%2Fv2%2Fcomments&post=138"}],"version-history":[{"count":4,"href":"https:\/\/old.danmarksveteraner.dk\/wordpress\/index.php?rest_route=\/wp\/v2\/pages\/138\/revisions"}],"predecessor-version":[{"id":5985,"href":"https:\/\/old.danmarksveteraner.dk\/wordpress\/index.php?rest_route=\/wp\/v2\/pages\/138\/revisions\/5985"}],"up":[{"embeddable":true,"href":"https:\/\/old.danmarksveteraner.dk\/wordpress\/index.php?rest_route=\/wp\/v2\/pages\/23"}],"wp:attachment":[{"href":"https:\/\/old.danmarksveteraner.dk\/wordpress\/index.php?rest_route=%2Fwp%2Fv2%2Fmedia&parent=138"}],"curies":[{"name":"wp","href":"https:\/\/api.w.org\/{rel}","templated":true}]}}