{"id":1086,"date":"2016-04-27T17:37:25","date_gmt":"2016-04-27T15:37:25","guid":{"rendered":"https:\/\/danmarksveteraner.dk\/wordpress\/?page_id=1086"},"modified":"2019-11-23T04:42:46","modified_gmt":"2019-11-23T03:42:46","slug":"veteranstoettens-aktiviteter","status":"publish","type":"page","link":"https:\/\/old.danmarksveteraner.dk\/wordpress\/?page_id=1086","title":{"rendered":"Veteranst\u00f8ttens arrangementer"},"content":{"rendered":"<p>Se Veteranst\u00f8ttens aktiviteter ved at klikke <strong><a href=\"https:\/\/veteranst\u00f8tten.dk\/wordpress\/?page_id=209\" target=\"_blank\" rel=\"noopener noreferrer\">HER<\/a><\/strong><\/p>\n<p>Husk du er ogs\u00e5 veteran, og kan deltage i Veteranst\u00f8ttens store udbud af aktiviteter.<\/p>\n","protected":false},"excerpt":{"rendered":"<p>Se Veteranst\u00f8ttens aktiviteter ved at klikke HER Husk du er ogs\u00e5 veteran, og kan deltage i Veteranst\u00f8ttens store udbud af<\/p>\n","protected":false},"author":1,"featured_media":0,"parent":6046,"menu_order":4,"comment_status":"closed","ping_status":"closed","template":"","meta":[],"_links":{"self":[{"href":"https:\/\/old.danmarksveteraner.dk\/wordpress\/index.php?rest_route=\/wp\/v2\/pages\/1086"}],"collection":[{"href":"https:\/\/old.danmarksveteraner.dk\/wordpress\/index.php?rest_route=\/wp\/v2\/pages"}],"about":[{"href":"https:\/\/old.danmarksveteraner.dk\/wordpress\/index.php?rest_route=\/wp\/v2\/types\/page"}],"author":[{"embeddable":true,"href":"https:\/\/old.danmarksveteraner.dk\/wordpress\/index.php?rest_route=\/wp\/v2\/users\/1"}],"replies":[{"embeddable":true,"href":"https:\/\/old.danmarksveteraner.dk\/wordpress\/index.php?rest_route=%2Fwp%2Fv2%2Fcomments&post=1086"}],"version-history":[{"count":3,"href":"https:\/\/old.danmarksveteraner.dk\/wordpress\/index.php?rest_route=\/wp\/v2\/pages\/1086\/revisions"}],"predecessor-version":[{"id":5778,"href":"https:\/\/old.danmarksveteraner.dk\/wordpress\/index.php?rest_route=\/wp\/v2\/pages\/1086\/revisions\/5778"}],"up":[{"embeddable":true,"href":"https:\/\/old.danmarksveteraner.dk\/wordpress\/index.php?rest_route=\/wp\/v2\/pages\/6046"}],"wp:attachment":[{"href":"https:\/\/old.danmarksveteraner.dk\/wordpress\/index.php?rest_route=%2Fwp%2Fv2%2Fmedia&parent=1086"}],"curies":[{"name":"wp","href":"https:\/\/api.w.org\/{rel}","templated":true}]}}