{"id":105,"date":"2016-01-29T11:06:46","date_gmt":"2016-01-29T11:06:46","guid":{"rendered":"https:\/\/danmarksveteraner.dk\/wordpress\/?page_id=105"},"modified":"2021-08-02T08:42:15","modified_gmt":"2021-08-02T06:42:15","slug":"vedtaegter-2","status":"publish","type":"page","link":"https:\/\/old.danmarksveteraner.dk\/wordpress\/?page_id=105","title":{"rendered":"Vedt\u00e6gter"},"content":{"rendered":"\n<p class=\"wp-block-pdfemb-pdf-embedder-viewer\"><\/p>\n\n\n\n<p>L\u00e6sning af vedt\u00e6gter sker ved at skifte sider med pilene nederst til venstre i dokumentet ovenfor<\/p>\n\n\n\n<p>Vedt\u00e6gterne for Danmarks Veteraner kan downloades og printes ud <strong><a href=\"https:\/\/danmarksveteraner.dk\/wordpress\/wp-content\/uploads\/2021\/08\/Danmarks-Veteraner-Vedtaegter-2021.pdf\">HER<\/a><\/strong><\/p>\n\n\n\n<p>Statutes for Danish Veteran Association can be read and printed out <strong><a rel=\"noreferrer noopener\" href=\"https:\/\/danmarksveteraner.dk\/wordpress\/wp-content\/uploads\/2020\/08\/Engelsk-vedtaegter-1.pdf\" target=\"_blank\">HERE<\/a><\/strong>. (Not updated to version 2020)<\/p>\n\n\n\n<p>Satzungen f\u00fcr den Veteranen Verband D\u00e4nemark kann <strong><a rel=\"noreferrer noopener\" href=\"https:\/\/danmarksveteraner.dk\/wordpress\/wp-content\/uploads\/2021\/01\/Verband-Danemarks-Veteranen-003.pdf\" target=\"_blank\">HIER<\/a><\/strong> gelest und ausgeschriben werden.<\/p>\n","protected":false},"excerpt":{"rendered":"<p>L\u00e6sning af vedt\u00e6gter sker ved at skifte sider med pilene nederst til venstre i dokumentet ovenfor Vedt\u00e6gterne for Danmarks Veteraner<\/p>\n","protected":false},"author":1,"featured_media":0,"parent":32,"menu_order":1,"comment_status":"closed","ping_status":"closed","template":"","meta":[],"_links":{"self":[{"href":"https:\/\/old.danmarksveteraner.dk\/wordpress\/index.php?rest_route=\/wp\/v2\/pages\/105"}],"collection":[{"href":"https:\/\/old.danmarksveteraner.dk\/wordpress\/index.php?rest_route=\/wp\/v2\/pages"}],"about":[{"href":"https:\/\/old.danmarksveteraner.dk\/wordpress\/index.php?rest_route=\/wp\/v2\/types\/page"}],"author":[{"embeddable":true,"href":"https:\/\/old.danmarksveteraner.dk\/wordpress\/index.php?rest_route=\/wp\/v2\/users\/1"}],"replies":[{"embeddable":true,"href":"https:\/\/old.danmarksveteraner.dk\/wordpress\/index.php?rest_route=%2Fwp%2Fv2%2Fcomments&post=105"}],"version-history":[{"count":30,"href":"https:\/\/old.danmarksveteraner.dk\/wordpress\/index.php?rest_route=\/wp\/v2\/pages\/105\/revisions"}],"predecessor-version":[{"id":9094,"href":"https:\/\/old.danmarksveteraner.dk\/wordpress\/index.php?rest_route=\/wp\/v2\/pages\/105\/revisions\/9094"}],"up":[{"embeddable":true,"href":"https:\/\/old.danmarksveteraner.dk\/wordpress\/index.php?rest_route=\/wp\/v2\/pages\/32"}],"wp:attachment":[{"href":"https:\/\/old.danmarksveteraner.dk\/wordpress\/index.php?rest_route=%2Fwp%2Fv2%2Fmedia&parent=105"}],"curies":[{"name":"wp","href":"https:\/\/api.w.org\/{rel}","templated":true}]}}